{"id":9051,"date":"2021-12-17T20:39:14","date_gmt":"2021-12-17T19:39:14","guid":{"rendered":"https:\/\/www.harbl.com\/product\/harbl-gift-card-150\/"},"modified":"2024-07-12T04:32:41","modified_gmt":"2024-07-12T02:32:41","slug":"carte-cadeau-harbl-150","status":"publish","type":"product","link":"https:\/\/www.harbl.com\/fr\/produit\/carte-cadeau-harbl-150\/","title":{"rendered":"harbl gift card"},"content":{"rendered":"","protected":false},"excerpt":{"rendered":"<p>Vous recherchez une id\u00e9e cadeau originale ?<\/p>\n<p>harbl vous propose la carte cadeau id\u00e9ale pour am\u00e9liorer le bien-\u00eatre des personnes qui vous sont ch\u00e8res.<\/p>\n<p>Adapt\u00e9e \u00e0 tous les budgets, notre offre vous propose de faire d\u00e9couvrir l&#8217;excellence du CBD \u00e0 travers un s\u00e9lection de produits harbl, Soci\u00e9t\u00e9 Suisse d\u2019Innovation Botanique.<\/p>\n<p>Un cadeau sans pr\u00e9c\u00e9dent qui fera plaisir, \u00e0 coup s\u00fbr !<\/p>\n","protected":false},"featured_media":9005,"comment_status":"open","ping_status":"closed","template":"","meta":{"inline_featured_image":false,"spay_email":""},"product_cat":[263],"product_tag":[160,149,161,162,163,164,165,166],"class_list":["post-9051","product","type-product","status-publish","has-post-thumbnail","hentry","product_cat-gift-card-fr","product_tag-arnica-fr","product_tag-cbd-fr","product_tag-date-fruit-extract-fr","product_tag-devils-claw-fr","product_tag-eucalyptus-extract-fr","product_tag-grapefruit-seeds-extract-fr","product_tag-menthol-fr","product_tag-orange-essential-oil-fr"],"yoast_head":"<!-- This site is optimized with the Yoast SEO plugin v19.13 - https:\/\/yoast.com\/wordpress\/plugins\/seo\/ -->\n<title>harbl gift card - www.harbl.com<\/title>\n<meta name=\"robots\" content=\"index, follow, max-snippet:-1, max-image-preview:large, max-video-preview:-1\" \/>\n<link rel=\"canonical\" href=\"https:\/\/www.harbl.com\/fr\/produit\/carte-cadeau-harbl-150\/\" \/>\n<meta property=\"og:locale\" content=\"fr_FR\" \/>\n<meta property=\"og:type\" content=\"article\" \/>\n<meta property=\"og:title\" content=\"harbl gift card - www.harbl.com\" \/>\n<meta property=\"og:description\" content=\"Vous recherchez une id\u00e9e cadeau originale ?  harbl vous propose la carte cadeau id\u00e9ale pour am\u00e9liorer le bien-\u00eatre des personnes qui vous sont ch\u00e8res.  Adapt\u00e9e \u00e0 tous les budgets, notre offre vous propose de faire d\u00e9couvrir l&#039;excellence du CBD \u00e0 travers un s\u00e9lection de produits harbl, Soci\u00e9t\u00e9 Suisse d\u2019Innovation Botanique.  Un cadeau sans pr\u00e9c\u00e9dent qui fera plaisir, \u00e0 coup s\u00fbr !\" \/>\n<meta property=\"og:url\" content=\"https:\/\/www.harbl.com\/fr\/produit\/carte-cadeau-harbl-150\/\" \/>\n<meta property=\"og:site_name\" content=\"www.harbl.com\" \/>\n<meta property=\"article:publisher\" content=\"https:\/\/www.facebook.com\/harbl.CBD.official\" \/>\n<meta property=\"article:modified_time\" content=\"2024-07-12T02:32:41+00:00\" \/>\n<meta property=\"og:image\" content=\"https:\/\/www.harbl.com\/wp-content\/uploads\/2021\/12\/Carte-cadeau.jpg\" \/>\n\t<meta property=\"og:image:width\" content=\"550\" \/>\n\t<meta property=\"og:image:height\" content=\"550\" \/>\n\t<meta property=\"og:image:type\" content=\"image\/jpeg\" \/>\n<meta name=\"twitter:card\" content=\"summary_large_image\" \/>\n<meta name=\"twitter:label1\" content=\"Dur\u00e9e de lecture estim\u00e9e\" \/>\n\t<meta name=\"twitter:data1\" content=\"2 minutes\" \/>\n<script type=\"application\/ld+json\" class=\"yoast-schema-graph\">{\"@context\":\"https:\/\/schema.org\",\"@graph\":[{\"@type\":\"WebPage\",\"@id\":\"https:\/\/www.harbl.com\/fr\/produit\/carte-cadeau-harbl-150\/\",\"url\":\"https:\/\/www.harbl.com\/fr\/produit\/carte-cadeau-harbl-150\/\",\"name\":\"harbl gift card - www.harbl.com\",\"isPartOf\":{\"@id\":\"https:\/\/www.harbl.com\/fr\/#website\"},\"datePublished\":\"2021-12-17T19:39:14+00:00\",\"dateModified\":\"2024-07-12T02:32:41+00:00\",\"breadcrumb\":{\"@id\":\"https:\/\/www.harbl.com\/fr\/produit\/carte-cadeau-harbl-150\/#breadcrumb\"},\"inLanguage\":\"fr-FR\",\"potentialAction\":[{\"@type\":\"ReadAction\",\"target\":[\"https:\/\/www.harbl.com\/fr\/produit\/carte-cadeau-harbl-150\/\"]}]},{\"@type\":\"BreadcrumbList\",\"@id\":\"https:\/\/www.harbl.com\/fr\/produit\/carte-cadeau-harbl-150\/#breadcrumb\",\"itemListElement\":[{\"@type\":\"ListItem\",\"position\":1,\"name\":\"Home\",\"item\":\"https:\/\/www.harbl.com\/fr\/\"},{\"@type\":\"ListItem\",\"position\":2,\"name\":\"Products\",\"item\":\"https:\/\/www.harbl.com\/fr\/shop\/\"},{\"@type\":\"ListItem\",\"position\":3,\"name\":\"harbl gift card\"}]},{\"@type\":\"WebSite\",\"@id\":\"https:\/\/www.harbl.com\/fr\/#website\",\"url\":\"https:\/\/www.harbl.com\/fr\/\",\"name\":\"www.harbl.com\",\"description\":\"The Swiss Botanic Innovation Company\",\"publisher\":{\"@id\":\"https:\/\/www.harbl.com\/fr\/#organization\"},\"potentialAction\":[{\"@type\":\"SearchAction\",\"target\":{\"@type\":\"EntryPoint\",\"urlTemplate\":\"https:\/\/www.harbl.com\/fr\/?s={search_term_string}\"},\"query-input\":\"required name=search_term_string\"}],\"inLanguage\":\"fr-FR\"},{\"@type\":\"Organization\",\"@id\":\"https:\/\/www.harbl.com\/fr\/#organization\",\"name\":\"harbl\",\"url\":\"https:\/\/www.harbl.com\/fr\/\",\"logo\":{\"@type\":\"ImageObject\",\"inLanguage\":\"fr-FR\",\"@id\":\"https:\/\/www.harbl.com\/fr\/#\/schema\/logo\/image\/\",\"url\":\"https:\/\/i0.wp.com\/www.harbl.com\/wp-content\/uploads\/2021\/08\/harbl_logo_invoice.png?fit=392%2C230&ssl=1\",\"contentUrl\":\"https:\/\/i0.wp.com\/www.harbl.com\/wp-content\/uploads\/2021\/08\/harbl_logo_invoice.png?fit=392%2C230&ssl=1\",\"width\":392,\"height\":230,\"caption\":\"harbl\"},\"image\":{\"@id\":\"https:\/\/www.harbl.com\/fr\/#\/schema\/logo\/image\/\"},\"sameAs\":[\"https:\/\/www.instagram.com\/harbl_cbd\/\",\"https:\/\/www.linkedin.com\/company\/harbl\/\",\"https:\/\/www.facebook.com\/harbl.CBD.official\"]}]}<\/script>\n<!-- \/ Yoast SEO plugin. -->","yoast_head_json":{"title":"harbl gift card - www.harbl.com","robots":{"index":"index","follow":"follow","max-snippet":"max-snippet:-1","max-image-preview":"max-image-preview:large","max-video-preview":"max-video-preview:-1"},"canonical":"https:\/\/www.harbl.com\/fr\/produit\/carte-cadeau-harbl-150\/","og_locale":"fr_FR","og_type":"article","og_title":"harbl gift card - www.harbl.com","og_description":"Vous recherchez une id\u00e9e cadeau originale ?  harbl vous propose la carte cadeau id\u00e9ale pour am\u00e9liorer le bien-\u00eatre des personnes qui vous sont ch\u00e8res.  Adapt\u00e9e \u00e0 tous les budgets, notre offre vous propose de faire d\u00e9couvrir l'excellence du CBD \u00e0 travers un s\u00e9lection de produits harbl, Soci\u00e9t\u00e9 Suisse d\u2019Innovation Botanique.  Un cadeau sans pr\u00e9c\u00e9dent qui fera plaisir, \u00e0 coup s\u00fbr !","og_url":"https:\/\/www.harbl.com\/fr\/produit\/carte-cadeau-harbl-150\/","og_site_name":"www.harbl.com","article_publisher":"https:\/\/www.facebook.com\/harbl.CBD.official","article_modified_time":"2024-07-12T02:32:41+00:00","og_image":[{"width":550,"height":550,"url":"https:\/\/www.harbl.com\/wp-content\/uploads\/2021\/12\/Carte-cadeau.jpg","type":"image\/jpeg"}],"twitter_card":"summary_large_image","twitter_misc":{"Dur\u00e9e de lecture estim\u00e9e":"2 minutes"},"schema":{"@context":"https:\/\/schema.org","@graph":[{"@type":"WebPage","@id":"https:\/\/www.harbl.com\/fr\/produit\/carte-cadeau-harbl-150\/","url":"https:\/\/www.harbl.com\/fr\/produit\/carte-cadeau-harbl-150\/","name":"harbl gift card - www.harbl.com","isPartOf":{"@id":"https:\/\/www.harbl.com\/fr\/#website"},"datePublished":"2021-12-17T19:39:14+00:00","dateModified":"2024-07-12T02:32:41+00:00","breadcrumb":{"@id":"https:\/\/www.harbl.com\/fr\/produit\/carte-cadeau-harbl-150\/#breadcrumb"},"inLanguage":"fr-FR","potentialAction":[{"@type":"ReadAction","target":["https:\/\/www.harbl.com\/fr\/produit\/carte-cadeau-harbl-150\/"]}]},{"@type":"BreadcrumbList","@id":"https:\/\/www.harbl.com\/fr\/produit\/carte-cadeau-harbl-150\/#breadcrumb","itemListElement":[{"@type":"ListItem","position":1,"name":"Home","item":"https:\/\/www.harbl.com\/fr\/"},{"@type":"ListItem","position":2,"name":"Products","item":"https:\/\/www.harbl.com\/fr\/shop\/"},{"@type":"ListItem","position":3,"name":"harbl gift card"}]},{"@type":"WebSite","@id":"https:\/\/www.harbl.com\/fr\/#website","url":"https:\/\/www.harbl.com\/fr\/","name":"www.harbl.com","description":"The Swiss Botanic Innovation Company","publisher":{"@id":"https:\/\/www.harbl.com\/fr\/#organization"},"potentialAction":[{"@type":"SearchAction","target":{"@type":"EntryPoint","urlTemplate":"https:\/\/www.harbl.com\/fr\/?s={search_term_string}"},"query-input":"required name=search_term_string"}],"inLanguage":"fr-FR"},{"@type":"Organization","@id":"https:\/\/www.harbl.com\/fr\/#organization","name":"harbl","url":"https:\/\/www.harbl.com\/fr\/","logo":{"@type":"ImageObject","inLanguage":"fr-FR","@id":"https:\/\/www.harbl.com\/fr\/#\/schema\/logo\/image\/","url":"https:\/\/i0.wp.com\/www.harbl.com\/wp-content\/uploads\/2021\/08\/harbl_logo_invoice.png?fit=392%2C230&ssl=1","contentUrl":"https:\/\/i0.wp.com\/www.harbl.com\/wp-content\/uploads\/2021\/08\/harbl_logo_invoice.png?fit=392%2C230&ssl=1","width":392,"height":230,"caption":"harbl"},"image":{"@id":"https:\/\/www.harbl.com\/fr\/#\/schema\/logo\/image\/"},"sameAs":["https:\/\/www.instagram.com\/harbl_cbd\/","https:\/\/www.linkedin.com\/company\/harbl\/","https:\/\/www.facebook.com\/harbl.CBD.official"]}]}},"_links":{"self":[{"href":"https:\/\/www.harbl.com\/fr\/wp-json\/wp\/v2\/product\/9051","targetHints":{"allow":["GET"]}}],"collection":[{"href":"https:\/\/www.harbl.com\/fr\/wp-json\/wp\/v2\/product"}],"about":[{"href":"https:\/\/www.harbl.com\/fr\/wp-json\/wp\/v2\/types\/product"}],"replies":[{"embeddable":true,"href":"https:\/\/www.harbl.com\/fr\/wp-json\/wp\/v2\/comments?post=9051"}],"wp:featuredmedia":[{"embeddable":true,"href":"https:\/\/www.harbl.com\/fr\/wp-json\/wp\/v2\/media\/9005"}],"wp:attachment":[{"href":"https:\/\/www.harbl.com\/fr\/wp-json\/wp\/v2\/media?parent=9051"}],"wp:term":[{"taxonomy":"product_cat","embeddable":true,"href":"https:\/\/www.harbl.com\/fr\/wp-json\/wp\/v2\/product_cat?post=9051"},{"taxonomy":"product_tag","embeddable":true,"href":"https:\/\/www.harbl.com\/fr\/wp-json\/wp\/v2\/product_tag?post=9051"}],"curies":[{"name":"wp","href":"https:\/\/api.w.org\/{rel}","templated":true}]}}