{"id":9049,"date":"2021-12-18T18:38:10","date_gmt":"2021-12-18T17:38:10","guid":{"rendered":"https:\/\/www.harbl.com\/product\/harbl-gift-card\/"},"modified":"2025-09-08T17:59:48","modified_gmt":"2025-09-08T15:59:48","slug":"carte-cadeau-harbl","status":"publish","type":"product","link":"https:\/\/www.harbl.com\/fr\/produit\/carte-cadeau-harbl\/","title":{"rendered":"carte cadeau harbl"},"content":{"rendered":"<p>Vous cherchez le cadeau bien-\u00eatre id\u00e9al ? La carte cadeau Harbl de 100 CHF permet \u00e0 vos proches de choisir librement parmi notre gamme compl\u00e8te d\u2019huiles CBD, incluant formules pour le sommeil, la concentration, la d\u00e9tente ou huiles fortes. Envoy\u00e9e par e-mail, elle est pratique, \u00e9cologique et utilisable imm\u00e9diatement. Chaque carte est valable 6 mois \u00e0 compter de la date d\u2019achat et peut \u00eatre utilis\u00e9e sur l\u2019ensemble de la boutique en ligne Harbl. Une fa\u00e7on attentionn\u00e9e d\u2019offrir \u00e9quilibre, s\u00e9r\u00e9nit\u00e9 et bien-\u00eatre naturel.<\/p>\n","protected":false},"excerpt":{"rendered":"<p>Offrez le bien-\u00eatre avec une carte cadeau Harbl de 100 CHF. Valable sur toute notre gamme d\u2019huiles CBD, ce bon digital est id\u00e9al pour un cadeau naturel.<\/p>\n","protected":false},"featured_media":9005,"comment_status":"open","ping_status":"closed","template":"","meta":{"inline_featured_image":false,"spay_email":""},"product_cat":[263],"product_tag":[160,149,161,162,163,164,165,166],"class_list":["post-9049","product","type-product","status-publish","has-post-thumbnail","hentry","product_cat-gift-card-fr","product_tag-arnica-fr","product_tag-cbd-fr","product_tag-date-fruit-extract-fr","product_tag-devils-claw-fr","product_tag-eucalyptus-extract-fr","product_tag-grapefruit-seeds-extract-fr","product_tag-menthol-fr","product_tag-orange-essential-oil-fr"],"yoast_head":"<!-- This site is optimized with the Yoast SEO plugin v19.13 - https:\/\/yoast.com\/wordpress\/plugins\/seo\/ -->\n<title>carte cadeau harbl - www.harbl.com<\/title>\n<meta name=\"description\" content=\"Offrez le bien-\u00eatre avec une carte cadeau Harbl 100 CHF. Bon digital valable 6 mois sur toute la gamme d\u2019huiles CBD Harbl.\" \/>\n<meta name=\"robots\" content=\"index, follow, max-snippet:-1, max-image-preview:large, max-video-preview:-1\" \/>\n<link rel=\"canonical\" href=\"https:\/\/www.harbl.com\/fr\/produit\/carte-cadeau-harbl\/\" \/>\n<meta property=\"og:locale\" content=\"fr_FR\" \/>\n<meta property=\"og:type\" content=\"article\" \/>\n<meta property=\"og:title\" content=\"carte cadeau harbl - www.harbl.com\" \/>\n<meta property=\"og:description\" content=\"Offrez le bien-\u00eatre avec une carte cadeau Harbl 100 CHF. Bon digital valable 6 mois sur toute la gamme d\u2019huiles CBD Harbl.\" \/>\n<meta property=\"og:url\" content=\"https:\/\/www.harbl.com\/fr\/produit\/carte-cadeau-harbl\/\" \/>\n<meta property=\"og:site_name\" content=\"www.harbl.com\" \/>\n<meta property=\"article:publisher\" content=\"https:\/\/www.facebook.com\/harbl.CBD.official\" \/>\n<meta property=\"article:modified_time\" content=\"2025-09-08T15:59:48+00:00\" \/>\n<meta property=\"og:image\" content=\"https:\/\/www.harbl.com\/wp-content\/uploads\/2021\/12\/Carte-cadeau.jpg\" \/>\n\t<meta property=\"og:image:width\" content=\"550\" \/>\n\t<meta property=\"og:image:height\" content=\"550\" \/>\n\t<meta property=\"og:image:type\" content=\"image\/jpeg\" \/>\n<meta name=\"twitter:card\" content=\"summary_large_image\" \/>\n<meta name=\"twitter:label1\" content=\"Dur\u00e9e de lecture estim\u00e9e\" \/>\n\t<meta name=\"twitter:data1\" content=\"2 minutes\" \/>\n<script type=\"application\/ld+json\" class=\"yoast-schema-graph\">{\"@context\":\"https:\/\/schema.org\",\"@graph\":[{\"@type\":\"WebPage\",\"@id\":\"https:\/\/www.harbl.com\/fr\/produit\/carte-cadeau-harbl\/\",\"url\":\"https:\/\/www.harbl.com\/fr\/produit\/carte-cadeau-harbl\/\",\"name\":\"carte cadeau harbl - www.harbl.com\",\"isPartOf\":{\"@id\":\"https:\/\/www.harbl.com\/fr\/#website\"},\"datePublished\":\"2021-12-18T17:38:10+00:00\",\"dateModified\":\"2025-09-08T15:59:48+00:00\",\"description\":\"Offrez le bien-\u00eatre avec une carte cadeau Harbl 100 CHF. Bon digital valable 6 mois sur toute la gamme d\u2019huiles CBD Harbl.\",\"breadcrumb\":{\"@id\":\"https:\/\/www.harbl.com\/fr\/produit\/carte-cadeau-harbl\/#breadcrumb\"},\"inLanguage\":\"fr-FR\",\"potentialAction\":[{\"@type\":\"ReadAction\",\"target\":[\"https:\/\/www.harbl.com\/fr\/produit\/carte-cadeau-harbl\/\"]}]},{\"@type\":\"BreadcrumbList\",\"@id\":\"https:\/\/www.harbl.com\/fr\/produit\/carte-cadeau-harbl\/#breadcrumb\",\"itemListElement\":[{\"@type\":\"ListItem\",\"position\":1,\"name\":\"Home\",\"item\":\"https:\/\/www.harbl.com\/fr\/\"},{\"@type\":\"ListItem\",\"position\":2,\"name\":\"Products\",\"item\":\"https:\/\/www.harbl.com\/fr\/shop\/\"},{\"@type\":\"ListItem\",\"position\":3,\"name\":\"carte cadeau harbl\"}]},{\"@type\":\"WebSite\",\"@id\":\"https:\/\/www.harbl.com\/fr\/#website\",\"url\":\"https:\/\/www.harbl.com\/fr\/\",\"name\":\"www.harbl.com\",\"description\":\"The Swiss Botanic Innovation Company\",\"publisher\":{\"@id\":\"https:\/\/www.harbl.com\/fr\/#organization\"},\"potentialAction\":[{\"@type\":\"SearchAction\",\"target\":{\"@type\":\"EntryPoint\",\"urlTemplate\":\"https:\/\/www.harbl.com\/fr\/?s={search_term_string}\"},\"query-input\":\"required name=search_term_string\"}],\"inLanguage\":\"fr-FR\"},{\"@type\":\"Organization\",\"@id\":\"https:\/\/www.harbl.com\/fr\/#organization\",\"name\":\"harbl\",\"url\":\"https:\/\/www.harbl.com\/fr\/\",\"logo\":{\"@type\":\"ImageObject\",\"inLanguage\":\"fr-FR\",\"@id\":\"https:\/\/www.harbl.com\/fr\/#\/schema\/logo\/image\/\",\"url\":\"https:\/\/i0.wp.com\/www.harbl.com\/wp-content\/uploads\/2021\/08\/harbl_logo_invoice.png?fit=392%2C230&ssl=1\",\"contentUrl\":\"https:\/\/i0.wp.com\/www.harbl.com\/wp-content\/uploads\/2021\/08\/harbl_logo_invoice.png?fit=392%2C230&ssl=1\",\"width\":392,\"height\":230,\"caption\":\"harbl\"},\"image\":{\"@id\":\"https:\/\/www.harbl.com\/fr\/#\/schema\/logo\/image\/\"},\"sameAs\":[\"https:\/\/www.instagram.com\/harbl_cbd\/\",\"https:\/\/www.linkedin.com\/company\/harbl\/\",\"https:\/\/www.facebook.com\/harbl.CBD.official\"]}]}<\/script>\n<!-- \/ Yoast SEO plugin. -->","yoast_head_json":{"title":"carte cadeau harbl - www.harbl.com","description":"Offrez le bien-\u00eatre avec une carte cadeau Harbl 100 CHF. Bon digital valable 6 mois sur toute la gamme d\u2019huiles CBD Harbl.","robots":{"index":"index","follow":"follow","max-snippet":"max-snippet:-1","max-image-preview":"max-image-preview:large","max-video-preview":"max-video-preview:-1"},"canonical":"https:\/\/www.harbl.com\/fr\/produit\/carte-cadeau-harbl\/","og_locale":"fr_FR","og_type":"article","og_title":"carte cadeau harbl - www.harbl.com","og_description":"Offrez le bien-\u00eatre avec une carte cadeau Harbl 100 CHF. Bon digital valable 6 mois sur toute la gamme d\u2019huiles CBD Harbl.","og_url":"https:\/\/www.harbl.com\/fr\/produit\/carte-cadeau-harbl\/","og_site_name":"www.harbl.com","article_publisher":"https:\/\/www.facebook.com\/harbl.CBD.official","article_modified_time":"2025-09-08T15:59:48+00:00","og_image":[{"width":550,"height":550,"url":"https:\/\/www.harbl.com\/wp-content\/uploads\/2021\/12\/Carte-cadeau.jpg","type":"image\/jpeg"}],"twitter_card":"summary_large_image","twitter_misc":{"Dur\u00e9e de lecture estim\u00e9e":"2 minutes"},"schema":{"@context":"https:\/\/schema.org","@graph":[{"@type":"WebPage","@id":"https:\/\/www.harbl.com\/fr\/produit\/carte-cadeau-harbl\/","url":"https:\/\/www.harbl.com\/fr\/produit\/carte-cadeau-harbl\/","name":"carte cadeau harbl - www.harbl.com","isPartOf":{"@id":"https:\/\/www.harbl.com\/fr\/#website"},"datePublished":"2021-12-18T17:38:10+00:00","dateModified":"2025-09-08T15:59:48+00:00","description":"Offrez le bien-\u00eatre avec une carte cadeau Harbl 100 CHF. Bon digital valable 6 mois sur toute la gamme d\u2019huiles CBD Harbl.","breadcrumb":{"@id":"https:\/\/www.harbl.com\/fr\/produit\/carte-cadeau-harbl\/#breadcrumb"},"inLanguage":"fr-FR","potentialAction":[{"@type":"ReadAction","target":["https:\/\/www.harbl.com\/fr\/produit\/carte-cadeau-harbl\/"]}]},{"@type":"BreadcrumbList","@id":"https:\/\/www.harbl.com\/fr\/produit\/carte-cadeau-harbl\/#breadcrumb","itemListElement":[{"@type":"ListItem","position":1,"name":"Home","item":"https:\/\/www.harbl.com\/fr\/"},{"@type":"ListItem","position":2,"name":"Products","item":"https:\/\/www.harbl.com\/fr\/shop\/"},{"@type":"ListItem","position":3,"name":"carte cadeau harbl"}]},{"@type":"WebSite","@id":"https:\/\/www.harbl.com\/fr\/#website","url":"https:\/\/www.harbl.com\/fr\/","name":"www.harbl.com","description":"The Swiss Botanic Innovation Company","publisher":{"@id":"https:\/\/www.harbl.com\/fr\/#organization"},"potentialAction":[{"@type":"SearchAction","target":{"@type":"EntryPoint","urlTemplate":"https:\/\/www.harbl.com\/fr\/?s={search_term_string}"},"query-input":"required name=search_term_string"}],"inLanguage":"fr-FR"},{"@type":"Organization","@id":"https:\/\/www.harbl.com\/fr\/#organization","name":"harbl","url":"https:\/\/www.harbl.com\/fr\/","logo":{"@type":"ImageObject","inLanguage":"fr-FR","@id":"https:\/\/www.harbl.com\/fr\/#\/schema\/logo\/image\/","url":"https:\/\/i0.wp.com\/www.harbl.com\/wp-content\/uploads\/2021\/08\/harbl_logo_invoice.png?fit=392%2C230&ssl=1","contentUrl":"https:\/\/i0.wp.com\/www.harbl.com\/wp-content\/uploads\/2021\/08\/harbl_logo_invoice.png?fit=392%2C230&ssl=1","width":392,"height":230,"caption":"harbl"},"image":{"@id":"https:\/\/www.harbl.com\/fr\/#\/schema\/logo\/image\/"},"sameAs":["https:\/\/www.instagram.com\/harbl_cbd\/","https:\/\/www.linkedin.com\/company\/harbl\/","https:\/\/www.facebook.com\/harbl.CBD.official"]}]}},"_links":{"self":[{"href":"https:\/\/www.harbl.com\/fr\/wp-json\/wp\/v2\/product\/9049","targetHints":{"allow":["GET"]}}],"collection":[{"href":"https:\/\/www.harbl.com\/fr\/wp-json\/wp\/v2\/product"}],"about":[{"href":"https:\/\/www.harbl.com\/fr\/wp-json\/wp\/v2\/types\/product"}],"replies":[{"embeddable":true,"href":"https:\/\/www.harbl.com\/fr\/wp-json\/wp\/v2\/comments?post=9049"}],"wp:featuredmedia":[{"embeddable":true,"href":"https:\/\/www.harbl.com\/fr\/wp-json\/wp\/v2\/media\/9005"}],"wp:attachment":[{"href":"https:\/\/www.harbl.com\/fr\/wp-json\/wp\/v2\/media?parent=9049"}],"wp:term":[{"taxonomy":"product_cat","embeddable":true,"href":"https:\/\/www.harbl.com\/fr\/wp-json\/wp\/v2\/product_cat?post=9049"},{"taxonomy":"product_tag","embeddable":true,"href":"https:\/\/www.harbl.com\/fr\/wp-json\/wp\/v2\/product_tag?post=9049"}],"curies":[{"name":"wp","href":"https:\/\/api.w.org\/{rel}","templated":true}]}}