{"id":8024,"date":"2021-12-21T08:44:21","date_gmt":"2021-12-21T07:44:21","guid":{"rendered":"https:\/\/www.harbl.com\/product\/harbl-relax\/"},"modified":"2025-09-08T17:10:03","modified_gmt":"2025-09-08T15:10:03","slug":"harbl-relax-huile-de-cbd-cbg","status":"publish","type":"product","link":"https:\/\/www.harbl.com\/fr\/produit\/harbl-relax-huile-de-cbd-cbg\/","title":{"rendered":"HARBL RELAX"},"content":{"rendered":"<p>Harbl Relax, huile CBD stress, associe CBD, CBG et huile essentielle de lavande pour apaiser l\u2019esprit et r\u00e9duire les tensions. Id\u00e9ale en cas de stress ou d\u2019anxi\u00e9t\u00e9, elle aide \u00e0 retrouver \u00e9quilibre et s\u00e9r\u00e9nit\u00e9. La lavande est reconnue pour ses propri\u00e9t\u00e9s calmantes, tandis que le CBG renforce les effets du CBD. La base d\u2019huile de graines de chanvre bio-certifi\u00e9e est purifi\u00e9e pour \u00e9liminer go\u00fbt herbac\u00e9 et r\u00e9sidus v\u00e9g\u00e9taux. Test\u00e9e en laboratoire ind\u00e9pendant, Harbl Relax est une solution naturelle pour la d\u00e9tente.<\/p>\n","protected":false},"excerpt":{"rendered":"<p>Huile de chanvre raffin\u00e9e bio formul\u00e9e avec CBD, CBG et huile essentielle de lavande pour se d\u00e9tendre<\/p>\n<p>Exploitant les effets les plus apaisants du CBD et du CBG avec les propri\u00e9t\u00e9s naturellement calmantes des huiles essentielles de lavande, ce m\u00e9lange personnalis\u00e9 aide \u00e0 clarifier l&#8217;esprit et \u00e0 vous d\u00e9tendre.<\/p>\n","protected":false},"featured_media":7628,"comment_status":"open","ping_status":"closed","template":"","meta":{"inline_featured_image":false,"spay_email":""},"product_cat":[146],"product_tag":[148,149,150,153,170],"class_list":["post-8024","product","type-product","status-publish","has-post-thumbnail","hentry","product_cat-harbl-effect-fr","product_tag-bio-refined-hemp-oil-fr","product_tag-cbd-fr","product_tag-cbd-cbn-fr","product_tag-cbg-fr","product_tag-lavender-essential-oil-fr"],"yoast_head":"<!-- This site is optimized with the Yoast SEO plugin v19.13 - https:\/\/yoast.com\/wordpress\/plugins\/seo\/ -->\n<title>Huile CBD Stress &amp; D\u00e9tente \u2013 CBD + CBG \u00e0 la Lavande | Harbl<\/title>\n<meta name=\"description\" content=\"Harbl Relax, huile CBD stress avec CBD + CBG et lavande. Huile de chanvre bio-certifi\u00e9e purifi\u00e9e pour apaiser le stress et ramener le calme.\" \/>\n<meta name=\"robots\" content=\"index, follow, max-snippet:-1, max-image-preview:large, max-video-preview:-1\" \/>\n<link rel=\"canonical\" href=\"https:\/\/www.harbl.com\/fr\/produit\/harbl-relax-huile-de-cbd-cbg\/\" \/>\n<meta property=\"og:locale\" content=\"fr_FR\" \/>\n<meta property=\"og:type\" content=\"article\" \/>\n<meta property=\"og:title\" content=\"Huile CBD Stress &amp; D\u00e9tente \u2013 CBD + CBG \u00e0 la Lavande | Harbl\" \/>\n<meta property=\"og:description\" content=\"Harbl Relax, huile CBD stress avec CBD + CBG et lavande. Huile de chanvre bio-certifi\u00e9e purifi\u00e9e pour apaiser le stress et ramener le calme.\" \/>\n<meta property=\"og:url\" content=\"https:\/\/www.harbl.com\/fr\/produit\/harbl-relax-huile-de-cbd-cbg\/\" \/>\n<meta property=\"og:site_name\" content=\"www.harbl.com\" \/>\n<meta property=\"article:publisher\" content=\"https:\/\/www.facebook.com\/harbl.CBD.official\" \/>\n<meta property=\"article:modified_time\" content=\"2025-09-08T15:10:03+00:00\" \/>\n<meta property=\"og:image\" content=\"https:\/\/www.harbl.com\/wp-content\/uploads\/2021\/08\/Relax-sharp-2.jpeg\" \/>\n\t<meta property=\"og:image:width\" content=\"550\" \/>\n\t<meta property=\"og:image:height\" content=\"550\" \/>\n\t<meta property=\"og:image:type\" content=\"image\/jpeg\" \/>\n<meta name=\"twitter:card\" content=\"summary_large_image\" \/>\n<meta name=\"twitter:label1\" content=\"Dur\u00e9e de lecture estim\u00e9e\" \/>\n\t<meta name=\"twitter:data1\" content=\"1 minute\" \/>\n<script type=\"application\/ld+json\" class=\"yoast-schema-graph\">{\"@context\":\"https:\/\/schema.org\",\"@graph\":[{\"@type\":\"WebPage\",\"@id\":\"https:\/\/www.harbl.com\/fr\/produit\/harbl-relax-huile-de-cbd-cbg\/\",\"url\":\"https:\/\/www.harbl.com\/fr\/produit\/harbl-relax-huile-de-cbd-cbg\/\",\"name\":\"Huile CBD Stress & D\u00e9tente \u2013 CBD + CBG \u00e0 la Lavande | Harbl\",\"isPartOf\":{\"@id\":\"https:\/\/www.harbl.com\/fr\/#website\"},\"datePublished\":\"2021-12-21T07:44:21+00:00\",\"dateModified\":\"2025-09-08T15:10:03+00:00\",\"description\":\"Harbl Relax, huile CBD stress avec CBD + CBG et lavande. Huile de chanvre bio-certifi\u00e9e purifi\u00e9e pour apaiser le stress et ramener le calme.\",\"breadcrumb\":{\"@id\":\"https:\/\/www.harbl.com\/fr\/produit\/harbl-relax-huile-de-cbd-cbg\/#breadcrumb\"},\"inLanguage\":\"fr-FR\",\"potentialAction\":[{\"@type\":\"ReadAction\",\"target\":[\"https:\/\/www.harbl.com\/fr\/produit\/harbl-relax-huile-de-cbd-cbg\/\"]}]},{\"@type\":\"BreadcrumbList\",\"@id\":\"https:\/\/www.harbl.com\/fr\/produit\/harbl-relax-huile-de-cbd-cbg\/#breadcrumb\",\"itemListElement\":[{\"@type\":\"ListItem\",\"position\":1,\"name\":\"Home\",\"item\":\"https:\/\/www.harbl.com\/fr\/\"},{\"@type\":\"ListItem\",\"position\":2,\"name\":\"Products\",\"item\":\"https:\/\/www.harbl.com\/fr\/shop\/\"},{\"@type\":\"ListItem\",\"position\":3,\"name\":\"HARBL RELAX\"}]},{\"@type\":\"WebSite\",\"@id\":\"https:\/\/www.harbl.com\/fr\/#website\",\"url\":\"https:\/\/www.harbl.com\/fr\/\",\"name\":\"www.harbl.com\",\"description\":\"The Swiss Botanic Innovation Company\",\"publisher\":{\"@id\":\"https:\/\/www.harbl.com\/fr\/#organization\"},\"potentialAction\":[{\"@type\":\"SearchAction\",\"target\":{\"@type\":\"EntryPoint\",\"urlTemplate\":\"https:\/\/www.harbl.com\/fr\/?s={search_term_string}\"},\"query-input\":\"required name=search_term_string\"}],\"inLanguage\":\"fr-FR\"},{\"@type\":\"Organization\",\"@id\":\"https:\/\/www.harbl.com\/fr\/#organization\",\"name\":\"harbl\",\"url\":\"https:\/\/www.harbl.com\/fr\/\",\"logo\":{\"@type\":\"ImageObject\",\"inLanguage\":\"fr-FR\",\"@id\":\"https:\/\/www.harbl.com\/fr\/#\/schema\/logo\/image\/\",\"url\":\"https:\/\/i0.wp.com\/www.harbl.com\/wp-content\/uploads\/2021\/08\/harbl_logo_invoice.png?fit=392%2C230&ssl=1\",\"contentUrl\":\"https:\/\/i0.wp.com\/www.harbl.com\/wp-content\/uploads\/2021\/08\/harbl_logo_invoice.png?fit=392%2C230&ssl=1\",\"width\":392,\"height\":230,\"caption\":\"harbl\"},\"image\":{\"@id\":\"https:\/\/www.harbl.com\/fr\/#\/schema\/logo\/image\/\"},\"sameAs\":[\"https:\/\/www.instagram.com\/harbl_cbd\/\",\"https:\/\/www.linkedin.com\/company\/harbl\/\",\"https:\/\/www.facebook.com\/harbl.CBD.official\"]}]}<\/script>\n<!-- \/ Yoast SEO plugin. -->","yoast_head_json":{"title":"Huile CBD Stress & D\u00e9tente \u2013 CBD + CBG \u00e0 la Lavande | Harbl","description":"Harbl Relax, huile CBD stress avec CBD + CBG et lavande. Huile de chanvre bio-certifi\u00e9e purifi\u00e9e pour apaiser le stress et ramener le calme.","robots":{"index":"index","follow":"follow","max-snippet":"max-snippet:-1","max-image-preview":"max-image-preview:large","max-video-preview":"max-video-preview:-1"},"canonical":"https:\/\/www.harbl.com\/fr\/produit\/harbl-relax-huile-de-cbd-cbg\/","og_locale":"fr_FR","og_type":"article","og_title":"Huile CBD Stress & D\u00e9tente \u2013 CBD + CBG \u00e0 la Lavande | Harbl","og_description":"Harbl Relax, huile CBD stress avec CBD + CBG et lavande. Huile de chanvre bio-certifi\u00e9e purifi\u00e9e pour apaiser le stress et ramener le calme.","og_url":"https:\/\/www.harbl.com\/fr\/produit\/harbl-relax-huile-de-cbd-cbg\/","og_site_name":"www.harbl.com","article_publisher":"https:\/\/www.facebook.com\/harbl.CBD.official","article_modified_time":"2025-09-08T15:10:03+00:00","og_image":[{"width":550,"height":550,"url":"https:\/\/www.harbl.com\/wp-content\/uploads\/2021\/08\/Relax-sharp-2.jpeg","type":"image\/jpeg"}],"twitter_card":"summary_large_image","twitter_misc":{"Dur\u00e9e de lecture estim\u00e9e":"1 minute"},"schema":{"@context":"https:\/\/schema.org","@graph":[{"@type":"WebPage","@id":"https:\/\/www.harbl.com\/fr\/produit\/harbl-relax-huile-de-cbd-cbg\/","url":"https:\/\/www.harbl.com\/fr\/produit\/harbl-relax-huile-de-cbd-cbg\/","name":"Huile CBD Stress & D\u00e9tente \u2013 CBD + CBG \u00e0 la Lavande | Harbl","isPartOf":{"@id":"https:\/\/www.harbl.com\/fr\/#website"},"datePublished":"2021-12-21T07:44:21+00:00","dateModified":"2025-09-08T15:10:03+00:00","description":"Harbl Relax, huile CBD stress avec CBD + CBG et lavande. Huile de chanvre bio-certifi\u00e9e purifi\u00e9e pour apaiser le stress et ramener le calme.","breadcrumb":{"@id":"https:\/\/www.harbl.com\/fr\/produit\/harbl-relax-huile-de-cbd-cbg\/#breadcrumb"},"inLanguage":"fr-FR","potentialAction":[{"@type":"ReadAction","target":["https:\/\/www.harbl.com\/fr\/produit\/harbl-relax-huile-de-cbd-cbg\/"]}]},{"@type":"BreadcrumbList","@id":"https:\/\/www.harbl.com\/fr\/produit\/harbl-relax-huile-de-cbd-cbg\/#breadcrumb","itemListElement":[{"@type":"ListItem","position":1,"name":"Home","item":"https:\/\/www.harbl.com\/fr\/"},{"@type":"ListItem","position":2,"name":"Products","item":"https:\/\/www.harbl.com\/fr\/shop\/"},{"@type":"ListItem","position":3,"name":"HARBL RELAX"}]},{"@type":"WebSite","@id":"https:\/\/www.harbl.com\/fr\/#website","url":"https:\/\/www.harbl.com\/fr\/","name":"www.harbl.com","description":"The Swiss Botanic Innovation Company","publisher":{"@id":"https:\/\/www.harbl.com\/fr\/#organization"},"potentialAction":[{"@type":"SearchAction","target":{"@type":"EntryPoint","urlTemplate":"https:\/\/www.harbl.com\/fr\/?s={search_term_string}"},"query-input":"required name=search_term_string"}],"inLanguage":"fr-FR"},{"@type":"Organization","@id":"https:\/\/www.harbl.com\/fr\/#organization","name":"harbl","url":"https:\/\/www.harbl.com\/fr\/","logo":{"@type":"ImageObject","inLanguage":"fr-FR","@id":"https:\/\/www.harbl.com\/fr\/#\/schema\/logo\/image\/","url":"https:\/\/i0.wp.com\/www.harbl.com\/wp-content\/uploads\/2021\/08\/harbl_logo_invoice.png?fit=392%2C230&ssl=1","contentUrl":"https:\/\/i0.wp.com\/www.harbl.com\/wp-content\/uploads\/2021\/08\/harbl_logo_invoice.png?fit=392%2C230&ssl=1","width":392,"height":230,"caption":"harbl"},"image":{"@id":"https:\/\/www.harbl.com\/fr\/#\/schema\/logo\/image\/"},"sameAs":["https:\/\/www.instagram.com\/harbl_cbd\/","https:\/\/www.linkedin.com\/company\/harbl\/","https:\/\/www.facebook.com\/harbl.CBD.official"]}]}},"_links":{"self":[{"href":"https:\/\/www.harbl.com\/fr\/wp-json\/wp\/v2\/product\/8024","targetHints":{"allow":["GET"]}}],"collection":[{"href":"https:\/\/www.harbl.com\/fr\/wp-json\/wp\/v2\/product"}],"about":[{"href":"https:\/\/www.harbl.com\/fr\/wp-json\/wp\/v2\/types\/product"}],"replies":[{"embeddable":true,"href":"https:\/\/www.harbl.com\/fr\/wp-json\/wp\/v2\/comments?post=8024"}],"wp:featuredmedia":[{"embeddable":true,"href":"https:\/\/www.harbl.com\/fr\/wp-json\/wp\/v2\/media\/7628"}],"wp:attachment":[{"href":"https:\/\/www.harbl.com\/fr\/wp-json\/wp\/v2\/media?parent=8024"}],"wp:term":[{"taxonomy":"product_cat","embeddable":true,"href":"https:\/\/www.harbl.com\/fr\/wp-json\/wp\/v2\/product_cat?post=8024"},{"taxonomy":"product_tag","embeddable":true,"href":"https:\/\/www.harbl.com\/fr\/wp-json\/wp\/v2\/product_tag?post=8024"}],"curies":[{"name":"wp","href":"https:\/\/api.w.org\/{rel}","templated":true}]}}