{"id":8021,"date":"2021-12-24T11:43:21","date_gmt":"2021-12-24T10:43:21","guid":{"rendered":"https:\/\/www.harbl.com\/product\/harbl-2000\/"},"modified":"2025-09-08T17:42:39","modified_gmt":"2025-09-08T15:42:39","slug":"harbl-3000","status":"publish","type":"product","link":"https:\/\/www.harbl.com\/fr\/produit\/harbl-3000\/","title":{"rendered":"HARBL 3000"},"content":{"rendered":"<p>Harbl 3000 est une huile CBD 3000mg \u00e9labor\u00e9e avec de l\u2019huile de graines de chanvre bio-certifi\u00e9e. Cette formule de force moyenne est parfaite pour l\u2019\u00e9quilibre quotidien et le bien-\u00eatre. Purifi\u00e9e pour \u00e9liminer go\u00fbt herbac\u00e9 et r\u00e9sidus v\u00e9g\u00e9taux, elle offre une exp\u00e9rience douce. Test\u00e9e en laboratoire ind\u00e9pendant, Harbl 3000 garantit puret\u00e9 et constance. Adapt\u00e9e \u00e0 une routine bien-\u00eatre ou \u00e0 un besoin cibl\u00e9, cette huile favorise s\u00e9r\u00e9nit\u00e9 et \u00e9quilibre naturel.<\/p>\n","protected":false},"excerpt":{"rendered":"<p>Harbl 3000 est une huile CBD 3000mg avec huile de graines de chanvre bio-certifi\u00e9e. Purifi\u00e9e pour \u00e9liminer go\u00fbt herbac\u00e9 et r\u00e9sidus v\u00e9g\u00e9taux, elle favorise \u00e9quilibre et bien-\u00eatre naturel.<\/p>\n","protected":false},"featured_media":7634,"comment_status":"open","ping_status":"closed","template":"","meta":{"inline_featured_image":false,"spay_email":""},"product_cat":[155],"product_tag":[149,156,157],"class_list":["post-8021","product","type-product","status-publish","has-post-thumbnail","hentry","product_cat-harbl-pure-fr","product_tag-cbd-fr","product_tag-organic-hemp-fr","product_tag-pure-cbd-oil-fr"],"yoast_head":"<!-- This site is optimized with the Yoast SEO plugin v19.13 - https:\/\/yoast.com\/wordpress\/plugins\/seo\/ -->\n<title>Huile CBD 3000mg \u2013 \u00c9quilibre &amp; Bien-\u00eatre Naturel | Harbl<\/title>\n<meta name=\"description\" content=\"Harbl 3000 est une huile CBD 3000mg. Huile de chanvre bio-certifi\u00e9e purifi\u00e9e pour \u00e9quilibre, d\u00e9tente et bien-\u00eatre quotidien.\" \/>\n<meta name=\"robots\" content=\"index, follow, max-snippet:-1, max-image-preview:large, max-video-preview:-1\" \/>\n<link rel=\"canonical\" href=\"https:\/\/www.harbl.com\/fr\/produit\/harbl-3000\/\" \/>\n<meta property=\"og:locale\" content=\"fr_FR\" \/>\n<meta property=\"og:type\" content=\"article\" \/>\n<meta property=\"og:title\" content=\"Huile CBD 3000mg \u2013 \u00c9quilibre &amp; Bien-\u00eatre Naturel | Harbl\" \/>\n<meta property=\"og:description\" content=\"Harbl 3000 est une huile CBD 3000mg. Huile de chanvre bio-certifi\u00e9e purifi\u00e9e pour \u00e9quilibre, d\u00e9tente et bien-\u00eatre quotidien.\" \/>\n<meta property=\"og:url\" content=\"https:\/\/www.harbl.com\/fr\/produit\/harbl-3000\/\" \/>\n<meta property=\"og:site_name\" content=\"www.harbl.com\" \/>\n<meta property=\"article:publisher\" content=\"https:\/\/www.facebook.com\/harbl.CBD.official\" \/>\n<meta property=\"article:modified_time\" content=\"2025-09-08T15:42:39+00:00\" \/>\n<meta property=\"og:image\" content=\"https:\/\/www.harbl.com\/wp-content\/uploads\/2021\/08\/3000-sharp-2.jpeg\" \/>\n\t<meta property=\"og:image:width\" content=\"550\" \/>\n\t<meta property=\"og:image:height\" content=\"550\" \/>\n\t<meta property=\"og:image:type\" content=\"image\/jpeg\" \/>\n<meta name=\"twitter:card\" content=\"summary_large_image\" \/>\n<meta name=\"twitter:label1\" content=\"Dur\u00e9e de lecture estim\u00e9e\" \/>\n\t<meta name=\"twitter:data1\" content=\"1 minute\" \/>\n<script type=\"application\/ld+json\" class=\"yoast-schema-graph\">{\"@context\":\"https:\/\/schema.org\",\"@graph\":[{\"@type\":\"WebPage\",\"@id\":\"https:\/\/www.harbl.com\/fr\/produit\/harbl-3000\/\",\"url\":\"https:\/\/www.harbl.com\/fr\/produit\/harbl-3000\/\",\"name\":\"Huile CBD 3000mg \u2013 \u00c9quilibre & Bien-\u00eatre Naturel | Harbl\",\"isPartOf\":{\"@id\":\"https:\/\/www.harbl.com\/fr\/#website\"},\"datePublished\":\"2021-12-24T10:43:21+00:00\",\"dateModified\":\"2025-09-08T15:42:39+00:00\",\"description\":\"Harbl 3000 est une huile CBD 3000mg. Huile de chanvre bio-certifi\u00e9e purifi\u00e9e pour \u00e9quilibre, d\u00e9tente et bien-\u00eatre quotidien.\",\"breadcrumb\":{\"@id\":\"https:\/\/www.harbl.com\/fr\/produit\/harbl-3000\/#breadcrumb\"},\"inLanguage\":\"fr-FR\",\"potentialAction\":[{\"@type\":\"ReadAction\",\"target\":[\"https:\/\/www.harbl.com\/fr\/produit\/harbl-3000\/\"]}]},{\"@type\":\"BreadcrumbList\",\"@id\":\"https:\/\/www.harbl.com\/fr\/produit\/harbl-3000\/#breadcrumb\",\"itemListElement\":[{\"@type\":\"ListItem\",\"position\":1,\"name\":\"Home\",\"item\":\"https:\/\/www.harbl.com\/fr\/\"},{\"@type\":\"ListItem\",\"position\":2,\"name\":\"Products\",\"item\":\"https:\/\/www.harbl.com\/fr\/shop\/\"},{\"@type\":\"ListItem\",\"position\":3,\"name\":\"HARBL 3000\"}]},{\"@type\":\"WebSite\",\"@id\":\"https:\/\/www.harbl.com\/fr\/#website\",\"url\":\"https:\/\/www.harbl.com\/fr\/\",\"name\":\"www.harbl.com\",\"description\":\"The Swiss Botanic Innovation Company\",\"publisher\":{\"@id\":\"https:\/\/www.harbl.com\/fr\/#organization\"},\"potentialAction\":[{\"@type\":\"SearchAction\",\"target\":{\"@type\":\"EntryPoint\",\"urlTemplate\":\"https:\/\/www.harbl.com\/fr\/?s={search_term_string}\"},\"query-input\":\"required name=search_term_string\"}],\"inLanguage\":\"fr-FR\"},{\"@type\":\"Organization\",\"@id\":\"https:\/\/www.harbl.com\/fr\/#organization\",\"name\":\"harbl\",\"url\":\"https:\/\/www.harbl.com\/fr\/\",\"logo\":{\"@type\":\"ImageObject\",\"inLanguage\":\"fr-FR\",\"@id\":\"https:\/\/www.harbl.com\/fr\/#\/schema\/logo\/image\/\",\"url\":\"https:\/\/i0.wp.com\/www.harbl.com\/wp-content\/uploads\/2021\/08\/harbl_logo_invoice.png?fit=392%2C230&ssl=1\",\"contentUrl\":\"https:\/\/i0.wp.com\/www.harbl.com\/wp-content\/uploads\/2021\/08\/harbl_logo_invoice.png?fit=392%2C230&ssl=1\",\"width\":392,\"height\":230,\"caption\":\"harbl\"},\"image\":{\"@id\":\"https:\/\/www.harbl.com\/fr\/#\/schema\/logo\/image\/\"},\"sameAs\":[\"https:\/\/www.instagram.com\/harbl_cbd\/\",\"https:\/\/www.linkedin.com\/company\/harbl\/\",\"https:\/\/www.facebook.com\/harbl.CBD.official\"]}]}<\/script>\n<!-- \/ Yoast SEO plugin. -->","yoast_head_json":{"title":"Huile CBD 3000mg \u2013 \u00c9quilibre & Bien-\u00eatre Naturel | Harbl","description":"Harbl 3000 est une huile CBD 3000mg. Huile de chanvre bio-certifi\u00e9e purifi\u00e9e pour \u00e9quilibre, d\u00e9tente et bien-\u00eatre quotidien.","robots":{"index":"index","follow":"follow","max-snippet":"max-snippet:-1","max-image-preview":"max-image-preview:large","max-video-preview":"max-video-preview:-1"},"canonical":"https:\/\/www.harbl.com\/fr\/produit\/harbl-3000\/","og_locale":"fr_FR","og_type":"article","og_title":"Huile CBD 3000mg \u2013 \u00c9quilibre & Bien-\u00eatre Naturel | Harbl","og_description":"Harbl 3000 est une huile CBD 3000mg. Huile de chanvre bio-certifi\u00e9e purifi\u00e9e pour \u00e9quilibre, d\u00e9tente et bien-\u00eatre quotidien.","og_url":"https:\/\/www.harbl.com\/fr\/produit\/harbl-3000\/","og_site_name":"www.harbl.com","article_publisher":"https:\/\/www.facebook.com\/harbl.CBD.official","article_modified_time":"2025-09-08T15:42:39+00:00","og_image":[{"width":550,"height":550,"url":"https:\/\/www.harbl.com\/wp-content\/uploads\/2021\/08\/3000-sharp-2.jpeg","type":"image\/jpeg"}],"twitter_card":"summary_large_image","twitter_misc":{"Dur\u00e9e de lecture estim\u00e9e":"1 minute"},"schema":{"@context":"https:\/\/schema.org","@graph":[{"@type":"WebPage","@id":"https:\/\/www.harbl.com\/fr\/produit\/harbl-3000\/","url":"https:\/\/www.harbl.com\/fr\/produit\/harbl-3000\/","name":"Huile CBD 3000mg \u2013 \u00c9quilibre & Bien-\u00eatre Naturel | Harbl","isPartOf":{"@id":"https:\/\/www.harbl.com\/fr\/#website"},"datePublished":"2021-12-24T10:43:21+00:00","dateModified":"2025-09-08T15:42:39+00:00","description":"Harbl 3000 est une huile CBD 3000mg. Huile de chanvre bio-certifi\u00e9e purifi\u00e9e pour \u00e9quilibre, d\u00e9tente et bien-\u00eatre quotidien.","breadcrumb":{"@id":"https:\/\/www.harbl.com\/fr\/produit\/harbl-3000\/#breadcrumb"},"inLanguage":"fr-FR","potentialAction":[{"@type":"ReadAction","target":["https:\/\/www.harbl.com\/fr\/produit\/harbl-3000\/"]}]},{"@type":"BreadcrumbList","@id":"https:\/\/www.harbl.com\/fr\/produit\/harbl-3000\/#breadcrumb","itemListElement":[{"@type":"ListItem","position":1,"name":"Home","item":"https:\/\/www.harbl.com\/fr\/"},{"@type":"ListItem","position":2,"name":"Products","item":"https:\/\/www.harbl.com\/fr\/shop\/"},{"@type":"ListItem","position":3,"name":"HARBL 3000"}]},{"@type":"WebSite","@id":"https:\/\/www.harbl.com\/fr\/#website","url":"https:\/\/www.harbl.com\/fr\/","name":"www.harbl.com","description":"The Swiss Botanic Innovation Company","publisher":{"@id":"https:\/\/www.harbl.com\/fr\/#organization"},"potentialAction":[{"@type":"SearchAction","target":{"@type":"EntryPoint","urlTemplate":"https:\/\/www.harbl.com\/fr\/?s={search_term_string}"},"query-input":"required name=search_term_string"}],"inLanguage":"fr-FR"},{"@type":"Organization","@id":"https:\/\/www.harbl.com\/fr\/#organization","name":"harbl","url":"https:\/\/www.harbl.com\/fr\/","logo":{"@type":"ImageObject","inLanguage":"fr-FR","@id":"https:\/\/www.harbl.com\/fr\/#\/schema\/logo\/image\/","url":"https:\/\/i0.wp.com\/www.harbl.com\/wp-content\/uploads\/2021\/08\/harbl_logo_invoice.png?fit=392%2C230&ssl=1","contentUrl":"https:\/\/i0.wp.com\/www.harbl.com\/wp-content\/uploads\/2021\/08\/harbl_logo_invoice.png?fit=392%2C230&ssl=1","width":392,"height":230,"caption":"harbl"},"image":{"@id":"https:\/\/www.harbl.com\/fr\/#\/schema\/logo\/image\/"},"sameAs":["https:\/\/www.instagram.com\/harbl_cbd\/","https:\/\/www.linkedin.com\/company\/harbl\/","https:\/\/www.facebook.com\/harbl.CBD.official"]}]}},"_links":{"self":[{"href":"https:\/\/www.harbl.com\/fr\/wp-json\/wp\/v2\/product\/8021","targetHints":{"allow":["GET"]}}],"collection":[{"href":"https:\/\/www.harbl.com\/fr\/wp-json\/wp\/v2\/product"}],"about":[{"href":"https:\/\/www.harbl.com\/fr\/wp-json\/wp\/v2\/types\/product"}],"replies":[{"embeddable":true,"href":"https:\/\/www.harbl.com\/fr\/wp-json\/wp\/v2\/comments?post=8021"}],"wp:featuredmedia":[{"embeddable":true,"href":"https:\/\/www.harbl.com\/fr\/wp-json\/wp\/v2\/media\/7634"}],"wp:attachment":[{"href":"https:\/\/www.harbl.com\/fr\/wp-json\/wp\/v2\/media?parent=8021"}],"wp:term":[{"taxonomy":"product_cat","embeddable":true,"href":"https:\/\/www.harbl.com\/fr\/wp-json\/wp\/v2\/product_cat?post=8021"},{"taxonomy":"product_tag","embeddable":true,"href":"https:\/\/www.harbl.com\/fr\/wp-json\/wp\/v2\/product_tag?post=8021"}],"curies":[{"name":"wp","href":"https:\/\/api.w.org\/{rel}","templated":true}]}}