{"id":7957,"date":"2021-12-20T09:00:14","date_gmt":"2021-12-20T08:00:14","guid":{"rendered":"https:\/\/www.harbl.com\/product\/harbl-focus\/"},"modified":"2025-09-08T17:27:58","modified_gmt":"2025-09-08T15:27:58","slug":"harbl-focus-huile-essentielle-de-cbd-cbg","status":"publish","type":"product","link":"https:\/\/www.harbl.com\/fr\/produit\/harbl-focus-huile-essentielle-de-cbd-cbg\/","title":{"rendered":"HARBL FOCUS"},"content":{"rendered":"<p>Harbl Focus, huile CBD concentration, associe CBD, CBG et huile essentielle de pin sylvestre pour am\u00e9liorer la clart\u00e9 mentale et la concentration. Con\u00e7ue pour les professionnels, \u00e9tudiants ou toute personne souhaitant optimiser ses capacit\u00e9s, elle soutient la productivit\u00e9 sans surstimulation. Le CBG renforce les effets du CBD, tandis que le pin sylvestre stimule la fra\u00eecheur mentale. \u00c0 base d\u2019huile de graines de chanvre bio-certifi\u00e9e, purifi\u00e9e pour enlever go\u00fbt herbac\u00e9 et r\u00e9sidus v\u00e9g\u00e9taux, cette huile offre une exp\u00e9rience fluide.<\/p>\n","protected":false},"excerpt":{"rendered":"<p>Harbl Focus, huile CBD concentration avec CBD + CBG et pin sylvestre. Purifi\u00e9e pour enlever go\u00fbt herbac\u00e9 et r\u00e9sidus v\u00e9g\u00e9taux, \u00e0 base d\u2019huile de graines de chanvre bio-certifi\u00e9e pour am\u00e9liorer la clart\u00e9 mentale.<\/p>\n","protected":false},"featured_media":7620,"comment_status":"open","ping_status":"closed","template":"","meta":{"inline_featured_image":false,"spay_email":""},"product_cat":[146,147],"product_tag":[148,149,153,154],"class_list":["post-7957","product","type-product","status-publish","has-post-thumbnail","hentry","product_cat-harbl-effect-fr","product_cat-slider-fr","product_tag-bio-refined-hemp-oil-fr","product_tag-cbd-fr","product_tag-cbg-fr","product_tag-scots-pine-essential-oil-fr"],"yoast_head":"<!-- This site is optimized with the Yoast SEO plugin v19.13 - https:\/\/yoast.com\/wordpress\/plugins\/seo\/ -->\n<title>Huile CBD Concentration &amp; Clart\u00e9 \u2013 CBD + CBG au Pin Sylvestre | Harbl<\/title>\n<meta name=\"description\" content=\"Harbl Focus, huile CBD concentration avec CBD + CBG et pin sylvestre. Huile de chanvre bio-certifi\u00e9e purifi\u00e9e pour clart\u00e9 et \u00e9quilibre mental.\" \/>\n<meta name=\"robots\" content=\"index, follow, max-snippet:-1, max-image-preview:large, max-video-preview:-1\" \/>\n<link rel=\"canonical\" href=\"https:\/\/www.harbl.com\/fr\/produit\/harbl-focus-huile-essentielle-de-cbd-cbg\/\" \/>\n<meta property=\"og:locale\" content=\"fr_FR\" \/>\n<meta property=\"og:type\" content=\"article\" \/>\n<meta property=\"og:title\" content=\"Huile CBD Concentration &amp; Clart\u00e9 \u2013 CBD + CBG au Pin Sylvestre | Harbl\" \/>\n<meta property=\"og:description\" content=\"Harbl Focus, huile CBD concentration avec CBD + CBG et pin sylvestre. Huile de chanvre bio-certifi\u00e9e purifi\u00e9e pour clart\u00e9 et \u00e9quilibre mental.\" \/>\n<meta property=\"og:url\" content=\"https:\/\/www.harbl.com\/fr\/produit\/harbl-focus-huile-essentielle-de-cbd-cbg\/\" \/>\n<meta property=\"og:site_name\" content=\"www.harbl.com\" \/>\n<meta property=\"article:publisher\" content=\"https:\/\/www.facebook.com\/harbl.CBD.official\" \/>\n<meta property=\"article:modified_time\" content=\"2025-09-08T15:27:58+00:00\" \/>\n<meta property=\"og:image\" content=\"https:\/\/www.harbl.com\/wp-content\/uploads\/2021\/08\/focus-sharp-2.png\" \/>\n\t<meta property=\"og:image:width\" content=\"550\" \/>\n\t<meta property=\"og:image:height\" content=\"550\" \/>\n\t<meta property=\"og:image:type\" content=\"image\/png\" \/>\n<meta name=\"twitter:card\" content=\"summary_large_image\" \/>\n<script type=\"application\/ld+json\" class=\"yoast-schema-graph\">{\"@context\":\"https:\/\/schema.org\",\"@graph\":[{\"@type\":\"WebPage\",\"@id\":\"https:\/\/www.harbl.com\/fr\/produit\/harbl-focus-huile-essentielle-de-cbd-cbg\/\",\"url\":\"https:\/\/www.harbl.com\/fr\/produit\/harbl-focus-huile-essentielle-de-cbd-cbg\/\",\"name\":\"Huile CBD Concentration & Clart\u00e9 \u2013 CBD + CBG au Pin Sylvestre | Harbl\",\"isPartOf\":{\"@id\":\"https:\/\/www.harbl.com\/fr\/#website\"},\"datePublished\":\"2021-12-20T08:00:14+00:00\",\"dateModified\":\"2025-09-08T15:27:58+00:00\",\"description\":\"Harbl Focus, huile CBD concentration avec CBD + CBG et pin sylvestre. Huile de chanvre bio-certifi\u00e9e purifi\u00e9e pour clart\u00e9 et \u00e9quilibre mental.\",\"breadcrumb\":{\"@id\":\"https:\/\/www.harbl.com\/fr\/produit\/harbl-focus-huile-essentielle-de-cbd-cbg\/#breadcrumb\"},\"inLanguage\":\"fr-FR\",\"potentialAction\":[{\"@type\":\"ReadAction\",\"target\":[\"https:\/\/www.harbl.com\/fr\/produit\/harbl-focus-huile-essentielle-de-cbd-cbg\/\"]}]},{\"@type\":\"BreadcrumbList\",\"@id\":\"https:\/\/www.harbl.com\/fr\/produit\/harbl-focus-huile-essentielle-de-cbd-cbg\/#breadcrumb\",\"itemListElement\":[{\"@type\":\"ListItem\",\"position\":1,\"name\":\"Home\",\"item\":\"https:\/\/www.harbl.com\/fr\/\"},{\"@type\":\"ListItem\",\"position\":2,\"name\":\"Products\",\"item\":\"https:\/\/www.harbl.com\/fr\/shop\/\"},{\"@type\":\"ListItem\",\"position\":3,\"name\":\"HARBL FOCUS\"}]},{\"@type\":\"WebSite\",\"@id\":\"https:\/\/www.harbl.com\/fr\/#website\",\"url\":\"https:\/\/www.harbl.com\/fr\/\",\"name\":\"www.harbl.com\",\"description\":\"The Swiss Botanic Innovation Company\",\"publisher\":{\"@id\":\"https:\/\/www.harbl.com\/fr\/#organization\"},\"potentialAction\":[{\"@type\":\"SearchAction\",\"target\":{\"@type\":\"EntryPoint\",\"urlTemplate\":\"https:\/\/www.harbl.com\/fr\/?s={search_term_string}\"},\"query-input\":\"required name=search_term_string\"}],\"inLanguage\":\"fr-FR\"},{\"@type\":\"Organization\",\"@id\":\"https:\/\/www.harbl.com\/fr\/#organization\",\"name\":\"harbl\",\"url\":\"https:\/\/www.harbl.com\/fr\/\",\"logo\":{\"@type\":\"ImageObject\",\"inLanguage\":\"fr-FR\",\"@id\":\"https:\/\/www.harbl.com\/fr\/#\/schema\/logo\/image\/\",\"url\":\"https:\/\/i0.wp.com\/www.harbl.com\/wp-content\/uploads\/2021\/08\/harbl_logo_invoice.png?fit=392%2C230&ssl=1\",\"contentUrl\":\"https:\/\/i0.wp.com\/www.harbl.com\/wp-content\/uploads\/2021\/08\/harbl_logo_invoice.png?fit=392%2C230&ssl=1\",\"width\":392,\"height\":230,\"caption\":\"harbl\"},\"image\":{\"@id\":\"https:\/\/www.harbl.com\/fr\/#\/schema\/logo\/image\/\"},\"sameAs\":[\"https:\/\/www.instagram.com\/harbl_cbd\/\",\"https:\/\/www.linkedin.com\/company\/harbl\/\",\"https:\/\/www.facebook.com\/harbl.CBD.official\"]}]}<\/script>\n<!-- \/ Yoast SEO plugin. -->","yoast_head_json":{"title":"Huile CBD Concentration & Clart\u00e9 \u2013 CBD + CBG au Pin Sylvestre | Harbl","description":"Harbl Focus, huile CBD concentration avec CBD + CBG et pin sylvestre. Huile de chanvre bio-certifi\u00e9e purifi\u00e9e pour clart\u00e9 et \u00e9quilibre mental.","robots":{"index":"index","follow":"follow","max-snippet":"max-snippet:-1","max-image-preview":"max-image-preview:large","max-video-preview":"max-video-preview:-1"},"canonical":"https:\/\/www.harbl.com\/fr\/produit\/harbl-focus-huile-essentielle-de-cbd-cbg\/","og_locale":"fr_FR","og_type":"article","og_title":"Huile CBD Concentration & Clart\u00e9 \u2013 CBD + CBG au Pin Sylvestre | Harbl","og_description":"Harbl Focus, huile CBD concentration avec CBD + CBG et pin sylvestre. Huile de chanvre bio-certifi\u00e9e purifi\u00e9e pour clart\u00e9 et \u00e9quilibre mental.","og_url":"https:\/\/www.harbl.com\/fr\/produit\/harbl-focus-huile-essentielle-de-cbd-cbg\/","og_site_name":"www.harbl.com","article_publisher":"https:\/\/www.facebook.com\/harbl.CBD.official","article_modified_time":"2025-09-08T15:27:58+00:00","og_image":[{"width":550,"height":550,"url":"https:\/\/www.harbl.com\/wp-content\/uploads\/2021\/08\/focus-sharp-2.png","type":"image\/png"}],"twitter_card":"summary_large_image","schema":{"@context":"https:\/\/schema.org","@graph":[{"@type":"WebPage","@id":"https:\/\/www.harbl.com\/fr\/produit\/harbl-focus-huile-essentielle-de-cbd-cbg\/","url":"https:\/\/www.harbl.com\/fr\/produit\/harbl-focus-huile-essentielle-de-cbd-cbg\/","name":"Huile CBD Concentration & Clart\u00e9 \u2013 CBD + CBG au Pin Sylvestre | Harbl","isPartOf":{"@id":"https:\/\/www.harbl.com\/fr\/#website"},"datePublished":"2021-12-20T08:00:14+00:00","dateModified":"2025-09-08T15:27:58+00:00","description":"Harbl Focus, huile CBD concentration avec CBD + CBG et pin sylvestre. Huile de chanvre bio-certifi\u00e9e purifi\u00e9e pour clart\u00e9 et \u00e9quilibre mental.","breadcrumb":{"@id":"https:\/\/www.harbl.com\/fr\/produit\/harbl-focus-huile-essentielle-de-cbd-cbg\/#breadcrumb"},"inLanguage":"fr-FR","potentialAction":[{"@type":"ReadAction","target":["https:\/\/www.harbl.com\/fr\/produit\/harbl-focus-huile-essentielle-de-cbd-cbg\/"]}]},{"@type":"BreadcrumbList","@id":"https:\/\/www.harbl.com\/fr\/produit\/harbl-focus-huile-essentielle-de-cbd-cbg\/#breadcrumb","itemListElement":[{"@type":"ListItem","position":1,"name":"Home","item":"https:\/\/www.harbl.com\/fr\/"},{"@type":"ListItem","position":2,"name":"Products","item":"https:\/\/www.harbl.com\/fr\/shop\/"},{"@type":"ListItem","position":3,"name":"HARBL FOCUS"}]},{"@type":"WebSite","@id":"https:\/\/www.harbl.com\/fr\/#website","url":"https:\/\/www.harbl.com\/fr\/","name":"www.harbl.com","description":"The Swiss Botanic Innovation Company","publisher":{"@id":"https:\/\/www.harbl.com\/fr\/#organization"},"potentialAction":[{"@type":"SearchAction","target":{"@type":"EntryPoint","urlTemplate":"https:\/\/www.harbl.com\/fr\/?s={search_term_string}"},"query-input":"required name=search_term_string"}],"inLanguage":"fr-FR"},{"@type":"Organization","@id":"https:\/\/www.harbl.com\/fr\/#organization","name":"harbl","url":"https:\/\/www.harbl.com\/fr\/","logo":{"@type":"ImageObject","inLanguage":"fr-FR","@id":"https:\/\/www.harbl.com\/fr\/#\/schema\/logo\/image\/","url":"https:\/\/i0.wp.com\/www.harbl.com\/wp-content\/uploads\/2021\/08\/harbl_logo_invoice.png?fit=392%2C230&ssl=1","contentUrl":"https:\/\/i0.wp.com\/www.harbl.com\/wp-content\/uploads\/2021\/08\/harbl_logo_invoice.png?fit=392%2C230&ssl=1","width":392,"height":230,"caption":"harbl"},"image":{"@id":"https:\/\/www.harbl.com\/fr\/#\/schema\/logo\/image\/"},"sameAs":["https:\/\/www.instagram.com\/harbl_cbd\/","https:\/\/www.linkedin.com\/company\/harbl\/","https:\/\/www.facebook.com\/harbl.CBD.official"]}]}},"_links":{"self":[{"href":"https:\/\/www.harbl.com\/fr\/wp-json\/wp\/v2\/product\/7957","targetHints":{"allow":["GET"]}}],"collection":[{"href":"https:\/\/www.harbl.com\/fr\/wp-json\/wp\/v2\/product"}],"about":[{"href":"https:\/\/www.harbl.com\/fr\/wp-json\/wp\/v2\/types\/product"}],"replies":[{"embeddable":true,"href":"https:\/\/www.harbl.com\/fr\/wp-json\/wp\/v2\/comments?post=7957"}],"wp:featuredmedia":[{"embeddable":true,"href":"https:\/\/www.harbl.com\/fr\/wp-json\/wp\/v2\/media\/7620"}],"wp:attachment":[{"href":"https:\/\/www.harbl.com\/fr\/wp-json\/wp\/v2\/media?parent=7957"}],"wp:term":[{"taxonomy":"product_cat","embeddable":true,"href":"https:\/\/www.harbl.com\/fr\/wp-json\/wp\/v2\/product_cat?post=7957"},{"taxonomy":"product_tag","embeddable":true,"href":"https:\/\/www.harbl.com\/fr\/wp-json\/wp\/v2\/product_tag?post=7957"}],"curies":[{"name":"wp","href":"https:\/\/api.w.org\/{rel}","templated":true}]}}