{"id":7955,"date":"2021-12-19T08:33:07","date_gmt":"2021-12-19T07:33:07","guid":{"rendered":"https:\/\/www.harbl.com\/product\/harbl-dream\/"},"modified":"2025-09-08T17:36:05","modified_gmt":"2025-09-08T15:36:05","slug":"harbl-dream-huile-de-cbd-cbn","status":"publish","type":"product","link":"https:\/\/www.harbl.com\/fr\/produit\/harbl-dream-huile-de-cbd-cbn\/","title":{"rendered":"HARBL DREAM"},"content":{"rendered":"<p>Harbl Dream, huile CBD sommeil, associe CBD, CBN et huile essentielle de marjolaine dans une formule apaisante de nuit. Con\u00e7ue pour ceux qui souffrent d\u2019insomnie, d\u2019anxi\u00e9t\u00e9 ou d\u2019agitation, elle favorise un sommeil profond et r\u00e9parateur. Le CBN agit comme s\u00e9datif naturel tandis que la marjolaine apporte \u00e9quilibre \u00e9motionnel. \u00c9labor\u00e9e avec de l\u2019huile de graines de chanvre bio-certifi\u00e9e, purifi\u00e9e pour \u00e9liminer le go\u00fbt herbac\u00e9 et les r\u00e9sidus v\u00e9g\u00e9taux, cette huile offre une exp\u00e9rience douce. Test\u00e9e en laboratoire ind\u00e9pendant, Harbl Dream constitue une alternative naturelle aux somnif\u00e8res.<\/p>\n","protected":false},"excerpt":{"rendered":"<p>Harbl Dream, huile CBD sommeil avec CBD + CBN et marjolaine. Purifi\u00e9e pour \u00e9liminer go\u00fbt herbac\u00e9 et r\u00e9sidus v\u00e9g\u00e9taux, avec huile de graines de chanvre bio-certifi\u00e9e pour favoriser un sommeil r\u00e9parateur.<\/p>\n","protected":false},"featured_media":7630,"comment_status":"open","ping_status":"closed","template":"","meta":{"inline_featured_image":false,"spay_email":""},"product_cat":[146,147],"product_tag":[148,149,150,151,152],"class_list":["post-7955","product","type-product","status-publish","has-post-thumbnail","hentry","product_cat-harbl-effect-fr","product_cat-slider-fr","product_tag-bio-refined-hemp-oil-fr","product_tag-cbd-fr","product_tag-cbd-cbn-fr","product_tag-cbn-fr","product_tag-marjoram-shells-essential-oil-fr"],"yoast_head":"<!-- This site is optimized with the Yoast SEO plugin v19.13 - https:\/\/yoast.com\/wordpress\/plugins\/seo\/ -->\n<title>Huile CBD Sommeil &amp; Anxi\u00e9t\u00e9 \u2013 CBD + CBN \u00e0 la Marjolaine | Harbl<\/title>\n<meta name=\"description\" content=\"Harbl Dream, huile CBD sommeil avec CBD + CBN et marjolaine. Huile de chanvre bio-certifi\u00e9e purifi\u00e9e pour r\u00e9duire l\u2019anxi\u00e9t\u00e9 et favoriser le sommeil.\" \/>\n<meta name=\"robots\" content=\"index, follow, max-snippet:-1, max-image-preview:large, max-video-preview:-1\" \/>\n<link rel=\"canonical\" href=\"https:\/\/www.harbl.com\/fr\/produit\/harbl-dream-huile-de-cbd-cbn\/\" \/>\n<meta property=\"og:locale\" content=\"fr_FR\" \/>\n<meta property=\"og:type\" content=\"article\" \/>\n<meta property=\"og:title\" content=\"Huile CBD Sommeil &amp; Anxi\u00e9t\u00e9 \u2013 CBD + CBN \u00e0 la Marjolaine | Harbl\" \/>\n<meta property=\"og:description\" content=\"Harbl Dream, huile CBD sommeil avec CBD + CBN et marjolaine. Huile de chanvre bio-certifi\u00e9e purifi\u00e9e pour r\u00e9duire l\u2019anxi\u00e9t\u00e9 et favoriser le sommeil.\" \/>\n<meta property=\"og:url\" content=\"https:\/\/www.harbl.com\/fr\/produit\/harbl-dream-huile-de-cbd-cbn\/\" \/>\n<meta property=\"og:site_name\" content=\"www.harbl.com\" \/>\n<meta property=\"article:publisher\" content=\"https:\/\/www.facebook.com\/harbl.CBD.official\" \/>\n<meta property=\"article:modified_time\" content=\"2025-09-08T15:36:05+00:00\" \/>\n<meta property=\"og:image\" content=\"https:\/\/www.harbl.com\/wp-content\/uploads\/2021\/08\/dream-sharp-2.jpeg\" \/>\n\t<meta property=\"og:image:width\" content=\"550\" \/>\n\t<meta property=\"og:image:height\" content=\"550\" \/>\n\t<meta property=\"og:image:type\" content=\"image\/jpeg\" \/>\n<meta name=\"twitter:card\" content=\"summary_large_image\" \/>\n<meta name=\"twitter:label1\" content=\"Dur\u00e9e de lecture estim\u00e9e\" \/>\n\t<meta name=\"twitter:data1\" content=\"1 minute\" \/>\n<script type=\"application\/ld+json\" class=\"yoast-schema-graph\">{\"@context\":\"https:\/\/schema.org\",\"@graph\":[{\"@type\":\"WebPage\",\"@id\":\"https:\/\/www.harbl.com\/fr\/produit\/harbl-dream-huile-de-cbd-cbn\/\",\"url\":\"https:\/\/www.harbl.com\/fr\/produit\/harbl-dream-huile-de-cbd-cbn\/\",\"name\":\"Huile CBD Sommeil & Anxi\u00e9t\u00e9 \u2013 CBD + CBN \u00e0 la Marjolaine | Harbl\",\"isPartOf\":{\"@id\":\"https:\/\/www.harbl.com\/fr\/#website\"},\"datePublished\":\"2021-12-19T07:33:07+00:00\",\"dateModified\":\"2025-09-08T15:36:05+00:00\",\"description\":\"Harbl Dream, huile CBD sommeil avec CBD + CBN et marjolaine. Huile de chanvre bio-certifi\u00e9e purifi\u00e9e pour r\u00e9duire l\u2019anxi\u00e9t\u00e9 et favoriser le sommeil.\",\"breadcrumb\":{\"@id\":\"https:\/\/www.harbl.com\/fr\/produit\/harbl-dream-huile-de-cbd-cbn\/#breadcrumb\"},\"inLanguage\":\"fr-FR\",\"potentialAction\":[{\"@type\":\"ReadAction\",\"target\":[\"https:\/\/www.harbl.com\/fr\/produit\/harbl-dream-huile-de-cbd-cbn\/\"]}]},{\"@type\":\"BreadcrumbList\",\"@id\":\"https:\/\/www.harbl.com\/fr\/produit\/harbl-dream-huile-de-cbd-cbn\/#breadcrumb\",\"itemListElement\":[{\"@type\":\"ListItem\",\"position\":1,\"name\":\"Home\",\"item\":\"https:\/\/www.harbl.com\/fr\/\"},{\"@type\":\"ListItem\",\"position\":2,\"name\":\"Products\",\"item\":\"https:\/\/www.harbl.com\/fr\/shop\/\"},{\"@type\":\"ListItem\",\"position\":3,\"name\":\"HARBL DREAM\"}]},{\"@type\":\"WebSite\",\"@id\":\"https:\/\/www.harbl.com\/fr\/#website\",\"url\":\"https:\/\/www.harbl.com\/fr\/\",\"name\":\"www.harbl.com\",\"description\":\"The Swiss Botanic Innovation Company\",\"publisher\":{\"@id\":\"https:\/\/www.harbl.com\/fr\/#organization\"},\"potentialAction\":[{\"@type\":\"SearchAction\",\"target\":{\"@type\":\"EntryPoint\",\"urlTemplate\":\"https:\/\/www.harbl.com\/fr\/?s={search_term_string}\"},\"query-input\":\"required name=search_term_string\"}],\"inLanguage\":\"fr-FR\"},{\"@type\":\"Organization\",\"@id\":\"https:\/\/www.harbl.com\/fr\/#organization\",\"name\":\"harbl\",\"url\":\"https:\/\/www.harbl.com\/fr\/\",\"logo\":{\"@type\":\"ImageObject\",\"inLanguage\":\"fr-FR\",\"@id\":\"https:\/\/www.harbl.com\/fr\/#\/schema\/logo\/image\/\",\"url\":\"https:\/\/i0.wp.com\/www.harbl.com\/wp-content\/uploads\/2021\/08\/harbl_logo_invoice.png?fit=392%2C230&ssl=1\",\"contentUrl\":\"https:\/\/i0.wp.com\/www.harbl.com\/wp-content\/uploads\/2021\/08\/harbl_logo_invoice.png?fit=392%2C230&ssl=1\",\"width\":392,\"height\":230,\"caption\":\"harbl\"},\"image\":{\"@id\":\"https:\/\/www.harbl.com\/fr\/#\/schema\/logo\/image\/\"},\"sameAs\":[\"https:\/\/www.instagram.com\/harbl_cbd\/\",\"https:\/\/www.linkedin.com\/company\/harbl\/\",\"https:\/\/www.facebook.com\/harbl.CBD.official\"]}]}<\/script>\n<!-- \/ Yoast SEO plugin. -->","yoast_head_json":{"title":"Huile CBD Sommeil & Anxi\u00e9t\u00e9 \u2013 CBD + CBN \u00e0 la Marjolaine | Harbl","description":"Harbl Dream, huile CBD sommeil avec CBD + CBN et marjolaine. Huile de chanvre bio-certifi\u00e9e purifi\u00e9e pour r\u00e9duire l\u2019anxi\u00e9t\u00e9 et favoriser le sommeil.","robots":{"index":"index","follow":"follow","max-snippet":"max-snippet:-1","max-image-preview":"max-image-preview:large","max-video-preview":"max-video-preview:-1"},"canonical":"https:\/\/www.harbl.com\/fr\/produit\/harbl-dream-huile-de-cbd-cbn\/","og_locale":"fr_FR","og_type":"article","og_title":"Huile CBD Sommeil & Anxi\u00e9t\u00e9 \u2013 CBD + CBN \u00e0 la Marjolaine | Harbl","og_description":"Harbl Dream, huile CBD sommeil avec CBD + CBN et marjolaine. Huile de chanvre bio-certifi\u00e9e purifi\u00e9e pour r\u00e9duire l\u2019anxi\u00e9t\u00e9 et favoriser le sommeil.","og_url":"https:\/\/www.harbl.com\/fr\/produit\/harbl-dream-huile-de-cbd-cbn\/","og_site_name":"www.harbl.com","article_publisher":"https:\/\/www.facebook.com\/harbl.CBD.official","article_modified_time":"2025-09-08T15:36:05+00:00","og_image":[{"width":550,"height":550,"url":"https:\/\/www.harbl.com\/wp-content\/uploads\/2021\/08\/dream-sharp-2.jpeg","type":"image\/jpeg"}],"twitter_card":"summary_large_image","twitter_misc":{"Dur\u00e9e de lecture estim\u00e9e":"1 minute"},"schema":{"@context":"https:\/\/schema.org","@graph":[{"@type":"WebPage","@id":"https:\/\/www.harbl.com\/fr\/produit\/harbl-dream-huile-de-cbd-cbn\/","url":"https:\/\/www.harbl.com\/fr\/produit\/harbl-dream-huile-de-cbd-cbn\/","name":"Huile CBD Sommeil & Anxi\u00e9t\u00e9 \u2013 CBD + CBN \u00e0 la Marjolaine | Harbl","isPartOf":{"@id":"https:\/\/www.harbl.com\/fr\/#website"},"datePublished":"2021-12-19T07:33:07+00:00","dateModified":"2025-09-08T15:36:05+00:00","description":"Harbl Dream, huile CBD sommeil avec CBD + CBN et marjolaine. Huile de chanvre bio-certifi\u00e9e purifi\u00e9e pour r\u00e9duire l\u2019anxi\u00e9t\u00e9 et favoriser le sommeil.","breadcrumb":{"@id":"https:\/\/www.harbl.com\/fr\/produit\/harbl-dream-huile-de-cbd-cbn\/#breadcrumb"},"inLanguage":"fr-FR","potentialAction":[{"@type":"ReadAction","target":["https:\/\/www.harbl.com\/fr\/produit\/harbl-dream-huile-de-cbd-cbn\/"]}]},{"@type":"BreadcrumbList","@id":"https:\/\/www.harbl.com\/fr\/produit\/harbl-dream-huile-de-cbd-cbn\/#breadcrumb","itemListElement":[{"@type":"ListItem","position":1,"name":"Home","item":"https:\/\/www.harbl.com\/fr\/"},{"@type":"ListItem","position":2,"name":"Products","item":"https:\/\/www.harbl.com\/fr\/shop\/"},{"@type":"ListItem","position":3,"name":"HARBL DREAM"}]},{"@type":"WebSite","@id":"https:\/\/www.harbl.com\/fr\/#website","url":"https:\/\/www.harbl.com\/fr\/","name":"www.harbl.com","description":"The Swiss Botanic Innovation Company","publisher":{"@id":"https:\/\/www.harbl.com\/fr\/#organization"},"potentialAction":[{"@type":"SearchAction","target":{"@type":"EntryPoint","urlTemplate":"https:\/\/www.harbl.com\/fr\/?s={search_term_string}"},"query-input":"required name=search_term_string"}],"inLanguage":"fr-FR"},{"@type":"Organization","@id":"https:\/\/www.harbl.com\/fr\/#organization","name":"harbl","url":"https:\/\/www.harbl.com\/fr\/","logo":{"@type":"ImageObject","inLanguage":"fr-FR","@id":"https:\/\/www.harbl.com\/fr\/#\/schema\/logo\/image\/","url":"https:\/\/i0.wp.com\/www.harbl.com\/wp-content\/uploads\/2021\/08\/harbl_logo_invoice.png?fit=392%2C230&ssl=1","contentUrl":"https:\/\/i0.wp.com\/www.harbl.com\/wp-content\/uploads\/2021\/08\/harbl_logo_invoice.png?fit=392%2C230&ssl=1","width":392,"height":230,"caption":"harbl"},"image":{"@id":"https:\/\/www.harbl.com\/fr\/#\/schema\/logo\/image\/"},"sameAs":["https:\/\/www.instagram.com\/harbl_cbd\/","https:\/\/www.linkedin.com\/company\/harbl\/","https:\/\/www.facebook.com\/harbl.CBD.official"]}]}},"_links":{"self":[{"href":"https:\/\/www.harbl.com\/fr\/wp-json\/wp\/v2\/product\/7955","targetHints":{"allow":["GET"]}}],"collection":[{"href":"https:\/\/www.harbl.com\/fr\/wp-json\/wp\/v2\/product"}],"about":[{"href":"https:\/\/www.harbl.com\/fr\/wp-json\/wp\/v2\/types\/product"}],"replies":[{"embeddable":true,"href":"https:\/\/www.harbl.com\/fr\/wp-json\/wp\/v2\/comments?post=7955"}],"wp:featuredmedia":[{"embeddable":true,"href":"https:\/\/www.harbl.com\/fr\/wp-json\/wp\/v2\/media\/7630"}],"wp:attachment":[{"href":"https:\/\/www.harbl.com\/fr\/wp-json\/wp\/v2\/media?parent=7955"}],"wp:term":[{"taxonomy":"product_cat","embeddable":true,"href":"https:\/\/www.harbl.com\/fr\/wp-json\/wp\/v2\/product_cat?post=7955"},{"taxonomy":"product_tag","embeddable":true,"href":"https:\/\/www.harbl.com\/fr\/wp-json\/wp\/v2\/product_tag?post=7955"}],"curies":[{"name":"wp","href":"https:\/\/api.w.org\/{rel}","templated":true}]}}