{"id":9074,"date":"2019-07-22T14:23:38","date_gmt":"2019-07-22T14:23:38","guid":{"rendered":"https:\/\/www.harbl.com\/gift-card\/"},"modified":"2021-12-17T18:30:41","modified_gmt":"2021-12-17T17:30:41","slug":"carte-cadeau-harbl","status":"publish","type":"page","link":"https:\/\/www.harbl.com\/fr\/carte-cadeau-harbl\/","title":{"rendered":"Carte cadeau harbl"},"content":{"rendered":"<p>[vc_row parallax_background_image=&#8221;8980&#8243; parallax_bg_height=&#8221;158&#8243;][vc_column][\/vc_column][\/vc_row][vc_row content_text_aligment=&#8221;center&#8221; css=&#8221;.vc_custom_1639676157588{padding-top: 40px !important;}&#8221;][vc_column]<div class=\"qodef-section-title-holder  \" >\n\t<div class=\"qodef-st-inner\">\n\t\t\t\t\t<h1 class=\"qodef-st-title\" >\n\t\t\t\tUn cadeau de la Nature\t\t\t<\/h1>\n\t\t\t\t\t\t\t<p class=\"qodef-st-text\" style=\"margin-top: 22px\">\n\t\t\t\tLa carte cadeau harbl\t\t\t<\/p>\n\t\t\t\t\t<\/div>\n<\/div>[\/vc_column][\/vc_row][vc_row][vc_column]<div class=\"qodef-elements-holder   qodef-two-columns  qodef-responsive-mode-768 \" ><div class=\"qodef-eh-item  qodef-vertical-alignment-top  \"  data-item-class=\"qodef-eh-custom-6092\" data-769-1024=\"0 0 65px 25%\" data-681-768=\"0 15% 0 13%\" data-680=\"0 8% 0 13%\">\n\t<div class=\"qodef-eh-item-inner\">\n\t\t<div class=\"qodef-eh-item-content qodef-eh-custom-6092\" style=\"padding: 0 0 0 32%\">\n\t\t\t[vc_empty_space height=&#8221;70px&#8221;][vc_column_text]<\/p>\n<h4>Pour un cadeau vraiment original qui plaira \u00e0 coup s\u00fbr<\/h4>\n<p>[\/vc_column_text][vc_empty_space height=&#8221;30px&#8221;][vc_column_text]Vous recherchez une id\u00e9e cadeau originale ?<\/p>\n<p>harbl vous propose la carte cadeau id\u00e9ale pour am\u00e9liorer le bien-\u00eatre des personnes qui vous sont ch\u00e8res.<\/p>\n<p>Adapt\u00e9e \u00e0 tous les budgets, notre offre vous propose de faire d\u00e9couvrir l&#8217;excellence du CBD \u00e0 travers un s\u00e9lection de produits harbl, Soci\u00e9t\u00e9 Suisse d\u2019Innovation Botanique.<\/p>\n<p>Un cadeau sans pr\u00e9c\u00e9dent qui fera plaisir, \u00e0 coup s\u00fbr ![\/vc_column_text]\t\t<\/div>\n\t<\/div>\n<\/div><div class=\"qodef-eh-item    \"  data-item-class=\"qodef-eh-custom-1212\" data-1400-1600=\"55px 0 0 13%\" data-1025-1399=\"70px 0 0 13%\">\n\t<div class=\"qodef-eh-item-inner\">\n\t\t<div class=\"qodef-eh-item-content qodef-eh-custom-1212\" style=\"padding: 38px 0 0 13%\">\n\t\t\t<div class=\"qodef-single-image-holder   \">\n    <div class=\"qodef-si-inner\" >\n                                    <img loading=\"lazy\" decoding=\"async\" width=\"609\" height=\"424\" src=\"https:\/\/i0.wp.com\/www.harbl.com\/wp-content\/uploads\/2021\/12\/Gift-card.png?fit=609%2C424&amp;ssl=1\" class=\"attachment-full size-full\" alt=\"\" srcset=\"https:\/\/i0.wp.com\/www.harbl.com\/wp-content\/uploads\/2021\/12\/Gift-card.png?w=609&amp;ssl=1 609w, https:\/\/i0.wp.com\/www.harbl.com\/wp-content\/uploads\/2021\/12\/Gift-card.png?resize=300%2C209&amp;ssl=1 300w, https:\/\/i0.wp.com\/www.harbl.com\/wp-content\/uploads\/2021\/12\/Gift-card.png?resize=600%2C418&amp;ssl=1 600w\" sizes=\"auto, (max-width: 609px) 100vw, 609px\" \/>                        <\/div>\n<\/div>\t\t<\/div>\n\t<\/div>\n<\/div><\/div>[\/vc_column][\/vc_row][vc_row row_content_width=&#8221;grid&#8221; css=&#8221;.vc_custom_1565786080871{padding-top: 10px !important;padding-bottom: 132px !important;}&#8221;][vc_column][vc_column_text]<\/p>\n<h2 style=\"text-align: center; font-size: 39px; line-height: 1.057em; text-transform: lowercase!important; font-weight: 300!important;\">commander des cartes cadeaux harbl<\/h2>\n<p>[\/vc_column_text][vc_empty_space height=&#8221;40px&#8221;]<div class=\"qodef-pl-holder qodef-grid-list qodef-disable-bottom-space qodef-standard-layout qodef-three-columns qodef-normal-space qodef-info-below-image \">\n\t<div class=\"qodef-pl-outer qodef-outer-space\">\n\t\t<div class=\"qodef-pli qodef-item-space \">\n\t<div class=\"qodef-pli-inner\">\n\t\t<div class=\"qodef-pli-image\">\n\t\t\t\n\t<span class=\"qodef-pli-new-product\">New<\/span>\n<img loading=\"lazy\" decoding=\"async\" width=\"550\" height=\"550\" src=\"https:\/\/i0.wp.com\/www.harbl.com\/wp-content\/uploads\/2021\/12\/Carte-cadeau.jpg?fit=550%2C550&amp;ssl=1\" class=\"attachment-woocommerce_single size-woocommerce_single wp-post-image\" alt=\"\" srcset=\"https:\/\/i0.wp.com\/www.harbl.com\/wp-content\/uploads\/2021\/12\/Carte-cadeau.jpg?w=550&amp;ssl=1 550w, https:\/\/i0.wp.com\/www.harbl.com\/wp-content\/uploads\/2021\/12\/Carte-cadeau.jpg?resize=300%2C300&amp;ssl=1 300w, https:\/\/i0.wp.com\/www.harbl.com\/wp-content\/uploads\/2021\/12\/Carte-cadeau.jpg?resize=150%2C150&amp;ssl=1 150w, https:\/\/i0.wp.com\/www.harbl.com\/wp-content\/uploads\/2021\/12\/Carte-cadeau.jpg?resize=100%2C100&amp;ssl=1 100w\" sizes=\"auto, (max-width: 550px) 100vw, 550px\" \/>\t\t<\/div>\n\t\t<div class=\"qodef-pli-text\" >\n\t\t\t<div class=\"qodef-pli-text-outer\">\n\t\t\t\t<div class=\"qodef-pli-text-inner\">\n\t\t\t\t\t\t\n\t<div class=\"qodef-pli-add-to-cart qodef-default-skin\">\n\t\t<a rel=\"nofollow\" href=\"?add-to-cart=9049\" data-quantity=\"1\" data-product_id=\"9049\" data-product_sku=\"\" class=\"button add_to_cart_button ajax_add_to_cart qodef-button\">Add to cart<\/a>\t<\/div>\n\t\t\t\t\t<a href=\"#\" class=\"yith-wcqv-button button qodef-btn-outline\" data-product_id=\"9049\">\n\t\t\t   <span>quick view<\/span><\/a>\t\t\t\t<\/div>\n\t\t\t<\/div>\n\t\t<\/div>\n\t\t<a class=\"qodef-pli-link\" itemprop=\"url\" href=\"https:\/\/www.harbl.com\/fr\/produit\/carte-cadeau-harbl\/\" title=\"carte cadeau harbl\"><\/a>\n\t<\/div>\n\t<div class=\"qodef-pli-text-wrapper\" >\n\t\t    <h5 itemprop=\"name\" class=\"entry-title qodef-pli-title\" >\n\t\t<a itemprop=\"url\" href=\"https:\/\/www.harbl.com\/fr\/produit\/carte-cadeau-harbl\/\">carte cadeau harbl<\/a>\n\t<\/h5>\n\n\t\t\t\t\n\t\t\t\t<p class=\"qodef-pli-category\"><a href=\"https:\/\/www.harbl.com\/fr\/categorie-produit\/harbl-fr\/gift-card-fr\/\" rel=\"tag\">Carte cadeau<\/a><\/p>\n\t\t\t\n\t\t\t\t\n\t\t\t\t\n\t\t\t<div class=\"qodef-pli-price\"><span class=\"wcpbc-price wcpbc-price-9049 loading\" data-product-id=\"9049\"><span class=\"woocommerce-Price-amount amount\"><span class=\"woocommerce-Price-currencySymbol\">&#067;&#072;&#070;<\/span>\u00a060.00<\/span><span class=\"wcpbc-spinner\"><\/span><\/span><\/div>\n\n\t\t\t<\/div>\n<\/div><div class=\"qodef-pli qodef-item-space \">\n\t<div class=\"qodef-pli-inner\">\n\t\t<div class=\"qodef-pli-image\">\n\t\t\t\n\t<span class=\"qodef-pli-new-product\">New<\/span>\n<img loading=\"lazy\" decoding=\"async\" width=\"550\" height=\"550\" src=\"https:\/\/i0.wp.com\/www.harbl.com\/wp-content\/uploads\/2021\/12\/Carte-cadeau.jpg?fit=550%2C550&amp;ssl=1\" class=\"attachment-woocommerce_single size-woocommerce_single wp-post-image\" alt=\"\" srcset=\"https:\/\/i0.wp.com\/www.harbl.com\/wp-content\/uploads\/2021\/12\/Carte-cadeau.jpg?w=550&amp;ssl=1 550w, https:\/\/i0.wp.com\/www.harbl.com\/wp-content\/uploads\/2021\/12\/Carte-cadeau.jpg?resize=300%2C300&amp;ssl=1 300w, https:\/\/i0.wp.com\/www.harbl.com\/wp-content\/uploads\/2021\/12\/Carte-cadeau.jpg?resize=150%2C150&amp;ssl=1 150w, https:\/\/i0.wp.com\/www.harbl.com\/wp-content\/uploads\/2021\/12\/Carte-cadeau.jpg?resize=100%2C100&amp;ssl=1 100w\" sizes=\"auto, (max-width: 550px) 100vw, 550px\" \/>\t\t<\/div>\n\t\t<div class=\"qodef-pli-text\" >\n\t\t\t<div class=\"qodef-pli-text-outer\">\n\t\t\t\t<div class=\"qodef-pli-text-inner\">\n\t\t\t\t\t\t\n\t<div class=\"qodef-pli-add-to-cart qodef-default-skin\">\n\t\t<a rel=\"nofollow\" href=\"?add-to-cart=9051\" data-quantity=\"1\" data-product_id=\"9051\" data-product_sku=\"\" class=\"button add_to_cart_button ajax_add_to_cart qodef-button\">Add to cart<\/a>\t<\/div>\n\t\t\t\t\t<a href=\"#\" class=\"yith-wcqv-button button qodef-btn-outline\" data-product_id=\"9051\">\n\t\t\t   <span>quick view<\/span><\/a>\t\t\t\t<\/div>\n\t\t\t<\/div>\n\t\t<\/div>\n\t\t<a class=\"qodef-pli-link\" itemprop=\"url\" href=\"https:\/\/www.harbl.com\/fr\/produit\/carte-cadeau-harbl-150\/\" title=\"harbl gift card\"><\/a>\n\t<\/div>\n\t<div class=\"qodef-pli-text-wrapper\" >\n\t\t    <h5 itemprop=\"name\" class=\"entry-title qodef-pli-title\" >\n\t\t<a itemprop=\"url\" href=\"https:\/\/www.harbl.com\/fr\/produit\/carte-cadeau-harbl-150\/\">harbl gift card<\/a>\n\t<\/h5>\n\n\t\t\t\t\n\t\t\t\t<p class=\"qodef-pli-category\"><a href=\"https:\/\/www.harbl.com\/fr\/categorie-produit\/harbl-fr\/gift-card-fr\/\" rel=\"tag\">Carte cadeau<\/a><\/p>\n\t\t\t\n\t\t\t\t\n\t\t\t\t\n\t\t\t<div class=\"qodef-pli-price\"><span class=\"wcpbc-price wcpbc-price-9051 loading\" data-product-id=\"9051\"><span class=\"woocommerce-Price-amount amount\"><span class=\"woocommerce-Price-currencySymbol\">&#067;&#072;&#070;<\/span>\u00a0120.00<\/span><span class=\"wcpbc-spinner\"><\/span><\/span><\/div>\n\n\t\t\t<\/div>\n<\/div><div class=\"qodef-pli qodef-item-space \">\n\t<div class=\"qodef-pli-inner\">\n\t\t<div class=\"qodef-pli-image\">\n\t\t\t\n\t<span class=\"qodef-pli-new-product\">New<\/span>\n<img loading=\"lazy\" decoding=\"async\" width=\"550\" height=\"550\" src=\"https:\/\/i0.wp.com\/www.harbl.com\/wp-content\/uploads\/2021\/12\/Carte-cadeau.jpg?fit=550%2C550&amp;ssl=1\" class=\"attachment-woocommerce_single size-woocommerce_single wp-post-image\" alt=\"\" srcset=\"https:\/\/i0.wp.com\/www.harbl.com\/wp-content\/uploads\/2021\/12\/Carte-cadeau.jpg?w=550&amp;ssl=1 550w, https:\/\/i0.wp.com\/www.harbl.com\/wp-content\/uploads\/2021\/12\/Carte-cadeau.jpg?resize=300%2C300&amp;ssl=1 300w, https:\/\/i0.wp.com\/www.harbl.com\/wp-content\/uploads\/2021\/12\/Carte-cadeau.jpg?resize=150%2C150&amp;ssl=1 150w, https:\/\/i0.wp.com\/www.harbl.com\/wp-content\/uploads\/2021\/12\/Carte-cadeau.jpg?resize=100%2C100&amp;ssl=1 100w\" sizes=\"auto, (max-width: 550px) 100vw, 550px\" \/>\t\t<\/div>\n\t\t<div class=\"qodef-pli-text\" >\n\t\t\t<div class=\"qodef-pli-text-outer\">\n\t\t\t\t<div class=\"qodef-pli-text-inner\">\n\t\t\t\t\t\t\n\t<div class=\"qodef-pli-add-to-cart qodef-default-skin\">\n\t\t<a rel=\"nofollow\" href=\"?add-to-cart=9052\" data-quantity=\"1\" data-product_id=\"9052\" data-product_sku=\"\" class=\"button add_to_cart_button ajax_add_to_cart qodef-button\">Add to cart<\/a>\t<\/div>\n\t\t\t\t\t<a href=\"#\" class=\"yith-wcqv-button button qodef-btn-outline\" data-product_id=\"9052\">\n\t\t\t   <span>quick view<\/span><\/a>\t\t\t\t<\/div>\n\t\t\t<\/div>\n\t\t<\/div>\n\t\t<a class=\"qodef-pli-link\" itemprop=\"url\" href=\"https:\/\/www.harbl.com\/fr\/produit\/carte-cadeau-harbl-200\/\" title=\"harbl gift card\"><\/a>\n\t<\/div>\n\t<div class=\"qodef-pli-text-wrapper\" >\n\t\t    <h5 itemprop=\"name\" class=\"entry-title qodef-pli-title\" >\n\t\t<a itemprop=\"url\" href=\"https:\/\/www.harbl.com\/fr\/produit\/carte-cadeau-harbl-200\/\">harbl gift card<\/a>\n\t<\/h5>\n\n\t\t\t\t\n\t\t\t\t<p class=\"qodef-pli-category\"><a href=\"https:\/\/www.harbl.com\/fr\/categorie-produit\/harbl-fr\/gift-card-fr\/\" rel=\"tag\">Carte cadeau<\/a><\/p>\n\t\t\t\n\t\t\t\t\n\t\t\t\t\n\t\t\t<div class=\"qodef-pli-price\"><span class=\"wcpbc-price wcpbc-price-9052 loading\" data-product-id=\"9052\"><span class=\"woocommerce-Price-amount amount\"><span class=\"woocommerce-Price-currencySymbol\">&#067;&#072;&#070;<\/span>\u00a0180.00<\/span><span class=\"wcpbc-spinner\"><\/span><\/span><\/div>\n\n\t\t\t<\/div>\n<\/div>\t<\/div>\n<\/div>[\/vc_column][\/vc_row]<\/p>\n","protected":false},"excerpt":{"rendered":"<p>[vc_row parallax_background_image=&#8221;8980&#8243; parallax_bg_height=&#8221;158&#8243;][vc_column][\/vc_column][\/vc_row][vc_row content_text_aligment=&#8221;center&#8221; css=&#8221;.vc_custom_1639676157588{padding-top: 40px !important;}&#8221;][vc_column][\/vc_column][\/vc_row][vc_row][vc_column][\/vc_column][\/vc_row][vc_row row_content_width=&#8221;grid&#8221; css=&#8221;.vc_custom_1565786080871{padding-top: 10px !important;padding-bottom: 132px !important;}&#8221;][vc_column][vc_column_text] commander des cartes cadeaux harbl [\/vc_column_text][vc_empty_space height=&#8221;40px&#8221;][\/vc_column][\/vc_row]<\/p>\n","protected":false},"author":1,"featured_media":0,"parent":0,"menu_order":0,"comment_status":"closed","ping_status":"closed","template":"full-width.php","meta":{"inline_featured_image":false,"spay_email":"","footnotes":""},"class_list":["post-9074","page","type-page","status-publish","hentry"],"yoast_head":"<!-- This site is optimized with the Yoast SEO plugin v19.13 - https:\/\/yoast.com\/wordpress\/plugins\/seo\/ -->\n<title>Carte cadeau harbl - www.harbl.com<\/title>\n<meta name=\"robots\" content=\"noindex, nofollow\" \/>\n<meta property=\"og:locale\" content=\"fr_FR\" \/>\n<meta property=\"og:type\" content=\"article\" \/>\n<meta property=\"og:title\" content=\"Carte cadeau harbl - www.harbl.com\" \/>\n<meta property=\"og:description\" content=\"[vc_row parallax_background_image=&#8221;8980&#8243; parallax_bg_height=&#8221;158&#8243;][vc_column][\/vc_column][\/vc_row][vc_row content_text_aligment=&#8221;center&#8221; css=&#8221;.vc_custom_1639676157588{padding-top: 40px !important;}&#8221;][vc_column][\/vc_column][\/vc_row][vc_row][vc_column][\/vc_column][\/vc_row][vc_row row_content_width=&#8221;grid&#8221; css=&#8221;.vc_custom_1565786080871{padding-top: 10px !important;padding-bottom: 132px !important;}&#8221;][vc_column][vc_column_text] commander des cartes cadeaux harbl [\/vc_column_text][vc_empty_space height=&#8221;40px&#8221;][\/vc_column][\/vc_row]\" \/>\n<meta property=\"og:url\" content=\"https:\/\/www.harbl.com\/fr\/carte-cadeau-harbl\/\" \/>\n<meta property=\"og:site_name\" content=\"www.harbl.com\" \/>\n<meta property=\"article:publisher\" content=\"https:\/\/www.facebook.com\/harbl.CBD.official\" \/>\n<meta property=\"article:modified_time\" content=\"2021-12-17T17:30:41+00:00\" \/>\n<meta name=\"twitter:card\" content=\"summary_large_image\" \/>\n<meta name=\"twitter:label1\" content=\"Dur\u00e9e de lecture estim\u00e9e\" \/>\n\t<meta name=\"twitter:data1\" content=\"1 minute\" \/>\n<script type=\"application\/ld+json\" class=\"yoast-schema-graph\">{\"@context\":\"https:\/\/schema.org\",\"@graph\":[{\"@type\":\"WebPage\",\"@id\":\"https:\/\/www.harbl.com\/fr\/carte-cadeau-harbl\/\",\"url\":\"https:\/\/www.harbl.com\/fr\/carte-cadeau-harbl\/\",\"name\":\"Carte cadeau harbl - www.harbl.com\",\"isPartOf\":{\"@id\":\"https:\/\/www.harbl.com\/fr\/#website\"},\"datePublished\":\"2019-07-22T14:23:38+00:00\",\"dateModified\":\"2021-12-17T17:30:41+00:00\",\"breadcrumb\":{\"@id\":\"https:\/\/www.harbl.com\/fr\/carte-cadeau-harbl\/#breadcrumb\"},\"inLanguage\":\"fr-FR\",\"potentialAction\":[{\"@type\":\"ReadAction\",\"target\":[\"https:\/\/www.harbl.com\/fr\/carte-cadeau-harbl\/\"]}]},{\"@type\":\"BreadcrumbList\",\"@id\":\"https:\/\/www.harbl.com\/fr\/carte-cadeau-harbl\/#breadcrumb\",\"itemListElement\":[{\"@type\":\"ListItem\",\"position\":1,\"name\":\"Home\",\"item\":\"https:\/\/www.harbl.com\/fr\/\"},{\"@type\":\"ListItem\",\"position\":2,\"name\":\"Carte cadeau harbl\"}]},{\"@type\":\"WebSite\",\"@id\":\"https:\/\/www.harbl.com\/fr\/#website\",\"url\":\"https:\/\/www.harbl.com\/fr\/\",\"name\":\"www.harbl.com\",\"description\":\"The Swiss Botanic Innovation Company\",\"publisher\":{\"@id\":\"https:\/\/www.harbl.com\/fr\/#organization\"},\"potentialAction\":[{\"@type\":\"SearchAction\",\"target\":{\"@type\":\"EntryPoint\",\"urlTemplate\":\"https:\/\/www.harbl.com\/fr\/?s={search_term_string}\"},\"query-input\":\"required name=search_term_string\"}],\"inLanguage\":\"fr-FR\"},{\"@type\":\"Organization\",\"@id\":\"https:\/\/www.harbl.com\/fr\/#organization\",\"name\":\"harbl\",\"url\":\"https:\/\/www.harbl.com\/fr\/\",\"logo\":{\"@type\":\"ImageObject\",\"inLanguage\":\"fr-FR\",\"@id\":\"https:\/\/www.harbl.com\/fr\/#\/schema\/logo\/image\/\",\"url\":\"https:\/\/i0.wp.com\/www.harbl.com\/wp-content\/uploads\/2021\/08\/harbl_logo_invoice.png?fit=392%2C230&ssl=1\",\"contentUrl\":\"https:\/\/i0.wp.com\/www.harbl.com\/wp-content\/uploads\/2021\/08\/harbl_logo_invoice.png?fit=392%2C230&ssl=1\",\"width\":392,\"height\":230,\"caption\":\"harbl\"},\"image\":{\"@id\":\"https:\/\/www.harbl.com\/fr\/#\/schema\/logo\/image\/\"},\"sameAs\":[\"https:\/\/www.instagram.com\/harbl_cbd\/\",\"https:\/\/www.linkedin.com\/company\/harbl\/\",\"https:\/\/www.facebook.com\/harbl.CBD.official\"]}]}<\/script>\n<!-- \/ Yoast SEO plugin. -->","yoast_head_json":{"title":"Carte cadeau harbl - www.harbl.com","robots":{"index":"noindex","follow":"nofollow"},"og_locale":"fr_FR","og_type":"article","og_title":"Carte cadeau harbl - www.harbl.com","og_description":"[vc_row parallax_background_image=&#8221;8980&#8243; parallax_bg_height=&#8221;158&#8243;][vc_column][\/vc_column][\/vc_row][vc_row content_text_aligment=&#8221;center&#8221; css=&#8221;.vc_custom_1639676157588{padding-top: 40px !important;}&#8221;][vc_column][\/vc_column][\/vc_row][vc_row][vc_column][\/vc_column][\/vc_row][vc_row row_content_width=&#8221;grid&#8221; css=&#8221;.vc_custom_1565786080871{padding-top: 10px !important;padding-bottom: 132px !important;}&#8221;][vc_column][vc_column_text] commander des cartes cadeaux harbl [\/vc_column_text][vc_empty_space height=&#8221;40px&#8221;][\/vc_column][\/vc_row]","og_url":"https:\/\/www.harbl.com\/fr\/carte-cadeau-harbl\/","og_site_name":"www.harbl.com","article_publisher":"https:\/\/www.facebook.com\/harbl.CBD.official","article_modified_time":"2021-12-17T17:30:41+00:00","twitter_card":"summary_large_image","twitter_misc":{"Dur\u00e9e de lecture estim\u00e9e":"1 minute"},"schema":{"@context":"https:\/\/schema.org","@graph":[{"@type":"WebPage","@id":"https:\/\/www.harbl.com\/fr\/carte-cadeau-harbl\/","url":"https:\/\/www.harbl.com\/fr\/carte-cadeau-harbl\/","name":"Carte cadeau harbl - www.harbl.com","isPartOf":{"@id":"https:\/\/www.harbl.com\/fr\/#website"},"datePublished":"2019-07-22T14:23:38+00:00","dateModified":"2021-12-17T17:30:41+00:00","breadcrumb":{"@id":"https:\/\/www.harbl.com\/fr\/carte-cadeau-harbl\/#breadcrumb"},"inLanguage":"fr-FR","potentialAction":[{"@type":"ReadAction","target":["https:\/\/www.harbl.com\/fr\/carte-cadeau-harbl\/"]}]},{"@type":"BreadcrumbList","@id":"https:\/\/www.harbl.com\/fr\/carte-cadeau-harbl\/#breadcrumb","itemListElement":[{"@type":"ListItem","position":1,"name":"Home","item":"https:\/\/www.harbl.com\/fr\/"},{"@type":"ListItem","position":2,"name":"Carte cadeau harbl"}]},{"@type":"WebSite","@id":"https:\/\/www.harbl.com\/fr\/#website","url":"https:\/\/www.harbl.com\/fr\/","name":"www.harbl.com","description":"The Swiss Botanic Innovation Company","publisher":{"@id":"https:\/\/www.harbl.com\/fr\/#organization"},"potentialAction":[{"@type":"SearchAction","target":{"@type":"EntryPoint","urlTemplate":"https:\/\/www.harbl.com\/fr\/?s={search_term_string}"},"query-input":"required name=search_term_string"}],"inLanguage":"fr-FR"},{"@type":"Organization","@id":"https:\/\/www.harbl.com\/fr\/#organization","name":"harbl","url":"https:\/\/www.harbl.com\/fr\/","logo":{"@type":"ImageObject","inLanguage":"fr-FR","@id":"https:\/\/www.harbl.com\/fr\/#\/schema\/logo\/image\/","url":"https:\/\/i0.wp.com\/www.harbl.com\/wp-content\/uploads\/2021\/08\/harbl_logo_invoice.png?fit=392%2C230&ssl=1","contentUrl":"https:\/\/i0.wp.com\/www.harbl.com\/wp-content\/uploads\/2021\/08\/harbl_logo_invoice.png?fit=392%2C230&ssl=1","width":392,"height":230,"caption":"harbl"},"image":{"@id":"https:\/\/www.harbl.com\/fr\/#\/schema\/logo\/image\/"},"sameAs":["https:\/\/www.instagram.com\/harbl_cbd\/","https:\/\/www.linkedin.com\/company\/harbl\/","https:\/\/www.facebook.com\/harbl.CBD.official"]}]}},"_links":{"self":[{"href":"https:\/\/www.harbl.com\/fr\/wp-json\/wp\/v2\/pages\/9074","targetHints":{"allow":["GET"]}}],"collection":[{"href":"https:\/\/www.harbl.com\/fr\/wp-json\/wp\/v2\/pages"}],"about":[{"href":"https:\/\/www.harbl.com\/fr\/wp-json\/wp\/v2\/types\/page"}],"author":[{"embeddable":true,"href":"https:\/\/www.harbl.com\/fr\/wp-json\/wp\/v2\/users\/1"}],"replies":[{"embeddable":true,"href":"https:\/\/www.harbl.com\/fr\/wp-json\/wp\/v2\/comments?post=9074"}],"version-history":[{"count":4,"href":"https:\/\/www.harbl.com\/fr\/wp-json\/wp\/v2\/pages\/9074\/revisions"}],"predecessor-version":[{"id":9079,"href":"https:\/\/www.harbl.com\/fr\/wp-json\/wp\/v2\/pages\/9074\/revisions\/9079"}],"wp:attachment":[{"href":"https:\/\/www.harbl.com\/fr\/wp-json\/wp\/v2\/media?parent=9074"}],"curies":[{"name":"wp","href":"https:\/\/api.w.org\/{rel}","templated":true}]}}