{"id":8541,"date":"2019-07-18T14:08:16","date_gmt":"2019-07-18T14:08:16","guid":{"rendered":"https:\/\/www.harbl.com\/faq-page\/"},"modified":"2021-11-02T19:18:42","modified_gmt":"2021-11-02T18:18:42","slug":"faq-page","status":"publish","type":"page","link":"https:\/\/www.harbl.com\/fr\/faq-page\/","title":{"rendered":"Questions fr\u00e9quemment pos\u00e9es"},"content":{"rendered":"<p>[vc_row content_text_aligment=&#8221;center&#8221; css=&#8221;.vc_custom_1565786163767{padding-top: 134px !important;}&#8221;][vc_column]<div class=\"qodef-section-title-holder  \" style=\"text-align: center\">\n\t<div class=\"qodef-st-inner\">\n\t\t\t\t\t<h1 class=\"qodef-st-title\" >\n\t\t\t\tQuestions fr\u00e9quemment pos\u00e9es\t\t\t<\/h1>\n\t\t\t\t\t\t\t<\/div>\n<\/div>[vc_empty_space height=&#8221;50px&#8221;][\/vc_column][\/vc_row][vc_row row_content_width=&#8221;grid&#8221; css=&#8221;.vc_custom_1566298930855{padding-top: 20px !important;padding-bottom: 122px !important;}&#8221;][vc_column offset=&#8221;vc_col-lg-3 vc_col-md-12&#8243;][vc_widget_sidebar sidebar_id=&#8221;custom-inner-sidebar&#8221;][\/vc_column][vc_column offset=&#8221;vc_col-lg-9 vc_col-md-12&#8243;]<div class=\"qodef-elements-holder   qodef-one-column  qodef-responsive-mode-768 \" ><div class=\"qodef-eh-item    \"  data-item-class=\"qodef-eh-custom-8635\" data-1400-1600=\"0 0 0 3%\" data-1025-1399=\"0 0 0 5%\" data-769-1024=\"30px 0 0 0\" data-681-768=\"30px 0 0 0\" data-680=\"30px 0 0 0\">\n\t<div class=\"qodef-eh-item-inner\">\n\t\t<div class=\"qodef-eh-item-content qodef-eh-custom-8635\" style=\"padding: 0 0 0 5%\">\n\t\t\t<div class=\"qodef-accordion-holder qodef-ac-default  qodef-accordion qodef-ac-simple  clearfix\">\n\t<h2 class=\"qodef-accordion-title\">\n    <span class=\"qodef-accordion-mark\">\n\t\t<span class=\"qodef_icon_plus icon_plus\"><\/span>\n\t\t<span class=\"qodef_icon_minus icon_minus-06\"><\/span>\n\t<\/span>\n\t<span class=\"qodef-tab-title\">Pourquoi mettre de l&#039;huile de CBD sous la langue ?<\/span>\n<\/h2>\n<div class=\"qodef-accordion-content\">\n\t<div class=\"qodef-accordion-content-inner\">\n\t\t[vc_column_text]Le processus de digestion est long et peut prendre jusqu&#8217;\u00e0 plusieurs heures. Lorsque vous laissez l&#8217;huile sous votre langue, vous la contournez en absorbant l&#8217;huile directement dans votre circulation sanguine via la membrane sublinguale. Par la suite, il est imm\u00e9diatement transport\u00e9 vers vos tissus. Autrement dit : c&#8217;est comme un raccourci vers la digestion[\/vc_column_text]\t<\/div>\n<\/div><h2 class=\"qodef-accordion-title\">\n    <span class=\"qodef-accordion-mark\">\n\t\t<span class=\"qodef_icon_plus icon_plus\"><\/span>\n\t\t<span class=\"qodef_icon_minus icon_minus-06\"><\/span>\n\t<\/span>\n\t<span class=\"qodef-tab-title\">Combien de temps avant de commencer \u00e0 ressentir les effets de soulagement du CBD ?<\/span>\n<\/h2>\n<div class=\"qodef-accordion-content\">\n\t<div class=\"qodef-accordion-content-inner\">\n\t\t[vc_column_text]Avec le dosage appropri\u00e9 et selon la gravit\u00e9 de votre douleur ou de votre inqui\u00e9tude, cela peut prendre de 15 \u00e0 45 minutes.[\/vc_column_text]\t<\/div>\n<\/div><h2 class=\"qodef-accordion-title\">\n    <span class=\"qodef-accordion-mark\">\n\t\t<span class=\"qodef_icon_plus icon_plus\"><\/span>\n\t\t<span class=\"qodef_icon_minus icon_minus-06\"><\/span>\n\t<\/span>\n\t<span class=\"qodef-tab-title\">Est-il s\u00fbr \u00e0 utiliser au quotidien ?<\/span>\n<\/h2>\n<div class=\"qodef-accordion-content\">\n\t<div class=\"qodef-accordion-content-inner\">\n\t\t[vc_column_text]Le CBD est non addictif et non intoxicant. De plus, lors d&#8217;une utilisation quotidienne, il peut vous aider \u00e0 surmonter les maux de la vie moderne tels que l&#8217;anxi\u00e9t\u00e9, le stress ou l&#8217;insomnie.[\/vc_column_text]\t<\/div>\n<\/div><h2 class=\"qodef-accordion-title\">\n    <span class=\"qodef-accordion-mark\">\n\t\t<span class=\"qodef_icon_plus icon_plus\"><\/span>\n\t\t<span class=\"qodef_icon_minus icon_minus-06\"><\/span>\n\t<\/span>\n\t<span class=\"qodef-tab-title\">Combien de gouttes dois-je prendre ?<\/span>\n<\/h2>\n<div class=\"qodef-accordion-content\">\n\t<div class=\"qodef-accordion-content-inner\">\n\t\t[vc_column_text]Notre sant\u00e9 physique et mentale varie de l&#8217;un \u00e0 l&#8217;autre. Nous vous recommandons de commencer par le dosage indiqu\u00e9 sur l&#8217;emballage. Apr\u00e8s quoi, soyez r\u00e9actif \u00e0 la r\u00e9action de votre corps pour vous adapter si n\u00e9cessaire.[\/vc_column_text]\t<\/div>\n<\/div><h2 class=\"qodef-accordion-title\">\n    <span class=\"qodef-accordion-mark\">\n\t\t<span class=\"qodef_icon_plus icon_plus\"><\/span>\n\t\t<span class=\"qodef_icon_minus icon_minus-06\"><\/span>\n\t<\/span>\n\t<span class=\"qodef-tab-title\">Est-ce que je serai \u00ab high \u00bb apr\u00e8s avoir pris de l&#039;huile de CBD ?<\/span>\n<\/h2>\n<div class=\"qodef-accordion-content\">\n\t<div class=\"qodef-accordion-content-inner\">\n\t\t[vc_column_text]Des \u00e9tudes ont montr\u00e9 que le CBD n&#8217;entrave pas la conduite. Les plants de cannabis ont une gamme multiple de compos\u00e9s cannabino\u00efdes, plus de 100. Le cannabidiol (CBD) n&#8217;est que l&#8217;un d&#8217;entre eux. Le t\u00e9trahydrocannabinol (THC) est un autre cannabino\u00efde. Bien qu&#8217;ils soient d\u00e9riv\u00e9s de la m\u00eame plante et qu&#8217;ils aient une structure mol\u00e9culaire similaire, le CBD et le THC sont deux compos\u00e9s diff\u00e9rents. Lors de l&#8217;inhalation ou de la consommation de cannabis, c&#8217;est le composant THC qui donne le sentiment \u00ab\u00a0high\u00a0\u00bb, une sensation d&#8217;euphorie et d&#8217;autres effets psychotiques incapacitants.[\/vc_column_text]\t<\/div>\n<\/div><h2 class=\"qodef-accordion-title\">\n    <span class=\"qodef-accordion-mark\">\n\t\t<span class=\"qodef_icon_plus icon_plus\"><\/span>\n\t\t<span class=\"qodef_icon_minus icon_minus-06\"><\/span>\n\t<\/span>\n\t<span class=\"qodef-tab-title\">L&#039;huile provoquera-t-elle des fringales?<\/span>\n<\/h2>\n<div class=\"qodef-accordion-content\">\n\t<div class=\"qodef-accordion-content-inner\">\n\t\t[vc_column_text]Notre produit ne vous fera pas grignoter. Cependant, \u00e9tant donn\u00e9 que le CBD soulage les naus\u00e9es et aide \u00e0 soulager le syst\u00e8me digestif et nerveux, il pourrait \u00eatre b\u00e9n\u00e9fique pour stimuler votre app\u00e9tit.[\/vc_column_text]\t<\/div>\n<\/div><h2 class=\"qodef-accordion-title\">\n    <span class=\"qodef-accordion-mark\">\n\t\t<span class=\"qodef_icon_plus icon_plus\"><\/span>\n\t\t<span class=\"qodef_icon_minus icon_minus-06\"><\/span>\n\t<\/span>\n\t<span class=\"qodef-tab-title\">Le CBD peut-il aider avec le syndrome pr\u00e9menstruel ou les douleurs menstruelles ?<\/span>\n<\/h2>\n<div class=\"qodef-accordion-content\">\n\t<div class=\"qodef-accordion-content-inner\">\n\t\t[vc_column_text]Comme le CBD aide \u00e0 soulager l&#8217;inflammation et la douleur, il pourrait soulager vos inconforts menstruels. Ses bienfaits s\u00e9datifs aident \u00e0 calmer votre syst\u00e8me nerveux et il apaisera votre humeur pour vous aider \u00e0 vous d\u00e9tendre.[\/vc_column_text]\t<\/div>\n<\/div><h2 class=\"qodef-accordion-title\">\n    <span class=\"qodef-accordion-mark\">\n\t\t<span class=\"qodef_icon_plus icon_plus\"><\/span>\n\t\t<span class=\"qodef_icon_minus icon_minus-06\"><\/span>\n\t<\/span>\n\t<span class=\"qodef-tab-title\">Qui ne devrait pas prendre de produits contenant du CBD ?<\/span>\n<\/h2>\n<div class=\"qodef-accordion-content\">\n\t<div class=\"qodef-accordion-content-inner\">\n\t\t[vc_column_text]Si vous suivez un traitement m\u00e9dical ou souffrez d&#8217;un probl\u00e8me m\u00e9dical sous-jacent, consultez votre m\u00e9decin g\u00e9n\u00e9raliste ou sp\u00e9cialiste sur votre consommation de CBD. Les femmes enceintes ne devraient pas prendre d&#8217;huile de CBD. N&#8217;utilisez pas de CBD avant de conduire.[\/vc_column_text]\t<\/div>\n<\/div><\/div>\t\t<\/div>\n\t<\/div>\n<\/div><\/div>[\/vc_column][\/vc_row]<\/p>\n","protected":false},"excerpt":{"rendered":"<p>[vc_row content_text_aligment=&#8221;center&#8221; css=&#8221;.vc_custom_1565786163767{padding-top: 134px !important;}&#8221;][vc_column][vc_empty_space height=&#8221;50px&#8221;][\/vc_column][\/vc_row][vc_row row_content_width=&#8221;grid&#8221; css=&#8221;.vc_custom_1566298930855{padding-top: 20px !important;padding-bottom: 122px !important;}&#8221;][vc_column offset=&#8221;vc_col-lg-3 vc_col-md-12&#8243;][vc_widget_sidebar sidebar_id=&#8221;custom-inner-sidebar&#8221;][\/vc_column][vc_column offset=&#8221;vc_col-lg-9 vc_col-md-12&#8243;][\/vc_column][\/vc_row]<\/p>\n","protected":false},"author":1,"featured_media":0,"parent":0,"menu_order":0,"comment_status":"closed","ping_status":"closed","template":"full-width.php","meta":{"inline_featured_image":false,"spay_email":"","footnotes":""},"class_list":["post-8541","page","type-page","status-publish","hentry"],"yoast_head":"<!-- This site is optimized with the Yoast SEO plugin v19.13 - https:\/\/yoast.com\/wordpress\/plugins\/seo\/ -->\n<title>CBD Questions fr\u00e9quemment pos\u00e9es - www.harbl.com<\/title>\n<meta name=\"description\" content=\"Trouvez toutes les r\u00e9ponses que vous cherchez sur le CBD et harbl au sein de notre FAQ.\" \/>\n<meta name=\"robots\" content=\"index, follow, max-snippet:-1, max-image-preview:large, max-video-preview:-1\" \/>\n<link rel=\"canonical\" href=\"https:\/\/www.harbl.com\/fr\/faq-page\/\" \/>\n<meta property=\"og:locale\" content=\"fr_FR\" \/>\n<meta property=\"og:type\" content=\"article\" \/>\n<meta property=\"og:title\" content=\"CBD Questions fr\u00e9quemment pos\u00e9es - www.harbl.com\" \/>\n<meta property=\"og:description\" content=\"Trouvez toutes les r\u00e9ponses que vous cherchez sur le CBD et harbl au sein de notre FAQ.\" \/>\n<meta property=\"og:url\" content=\"https:\/\/www.harbl.com\/fr\/faq-page\/\" \/>\n<meta property=\"og:site_name\" content=\"www.harbl.com\" \/>\n<meta property=\"article:publisher\" content=\"https:\/\/www.facebook.com\/harbl.CBD.official\" \/>\n<meta property=\"article:modified_time\" content=\"2021-11-02T18:18:42+00:00\" \/>\n<meta name=\"twitter:card\" content=\"summary_large_image\" \/>\n<meta name=\"twitter:label1\" content=\"Dur\u00e9e de lecture estim\u00e9e\" \/>\n\t<meta name=\"twitter:data1\" content=\"3 minutes\" \/>\n<script type=\"application\/ld+json\" class=\"yoast-schema-graph\">{\"@context\":\"https:\/\/schema.org\",\"@graph\":[{\"@type\":\"WebPage\",\"@id\":\"https:\/\/www.harbl.com\/fr\/faq-page\/\",\"url\":\"https:\/\/www.harbl.com\/fr\/faq-page\/\",\"name\":\"CBD Questions fr\u00e9quemment pos\u00e9es - www.harbl.com\",\"isPartOf\":{\"@id\":\"https:\/\/www.harbl.com\/fr\/#website\"},\"datePublished\":\"2019-07-18T14:08:16+00:00\",\"dateModified\":\"2021-11-02T18:18:42+00:00\",\"description\":\"Trouvez toutes les r\u00e9ponses que vous cherchez sur le CBD et harbl au sein de notre FAQ.\",\"breadcrumb\":{\"@id\":\"https:\/\/www.harbl.com\/fr\/faq-page\/#breadcrumb\"},\"inLanguage\":\"fr-FR\",\"potentialAction\":[{\"@type\":\"ReadAction\",\"target\":[\"https:\/\/www.harbl.com\/fr\/faq-page\/\"]}]},{\"@type\":\"BreadcrumbList\",\"@id\":\"https:\/\/www.harbl.com\/fr\/faq-page\/#breadcrumb\",\"itemListElement\":[{\"@type\":\"ListItem\",\"position\":1,\"name\":\"Home\",\"item\":\"https:\/\/www.harbl.com\/fr\/\"},{\"@type\":\"ListItem\",\"position\":2,\"name\":\"Questions fr\u00e9quemment pos\u00e9es\"}]},{\"@type\":\"WebSite\",\"@id\":\"https:\/\/www.harbl.com\/fr\/#website\",\"url\":\"https:\/\/www.harbl.com\/fr\/\",\"name\":\"www.harbl.com\",\"description\":\"The Swiss Botanic Innovation Company\",\"publisher\":{\"@id\":\"https:\/\/www.harbl.com\/fr\/#organization\"},\"potentialAction\":[{\"@type\":\"SearchAction\",\"target\":{\"@type\":\"EntryPoint\",\"urlTemplate\":\"https:\/\/www.harbl.com\/fr\/?s={search_term_string}\"},\"query-input\":\"required name=search_term_string\"}],\"inLanguage\":\"fr-FR\"},{\"@type\":\"Organization\",\"@id\":\"https:\/\/www.harbl.com\/fr\/#organization\",\"name\":\"harbl\",\"url\":\"https:\/\/www.harbl.com\/fr\/\",\"logo\":{\"@type\":\"ImageObject\",\"inLanguage\":\"fr-FR\",\"@id\":\"https:\/\/www.harbl.com\/fr\/#\/schema\/logo\/image\/\",\"url\":\"https:\/\/i0.wp.com\/www.harbl.com\/wp-content\/uploads\/2021\/08\/harbl_logo_invoice.png?fit=392%2C230&ssl=1\",\"contentUrl\":\"https:\/\/i0.wp.com\/www.harbl.com\/wp-content\/uploads\/2021\/08\/harbl_logo_invoice.png?fit=392%2C230&ssl=1\",\"width\":392,\"height\":230,\"caption\":\"harbl\"},\"image\":{\"@id\":\"https:\/\/www.harbl.com\/fr\/#\/schema\/logo\/image\/\"},\"sameAs\":[\"https:\/\/www.instagram.com\/harbl_cbd\/\",\"https:\/\/www.linkedin.com\/company\/harbl\/\",\"https:\/\/www.facebook.com\/harbl.CBD.official\"]}]}<\/script>\n<!-- \/ Yoast SEO plugin. -->","yoast_head_json":{"title":"CBD Questions fr\u00e9quemment pos\u00e9es - www.harbl.com","description":"Trouvez toutes les r\u00e9ponses que vous cherchez sur le CBD et harbl au sein de notre FAQ.","robots":{"index":"index","follow":"follow","max-snippet":"max-snippet:-1","max-image-preview":"max-image-preview:large","max-video-preview":"max-video-preview:-1"},"canonical":"https:\/\/www.harbl.com\/fr\/faq-page\/","og_locale":"fr_FR","og_type":"article","og_title":"CBD Questions fr\u00e9quemment pos\u00e9es - www.harbl.com","og_description":"Trouvez toutes les r\u00e9ponses que vous cherchez sur le CBD et harbl au sein de notre FAQ.","og_url":"https:\/\/www.harbl.com\/fr\/faq-page\/","og_site_name":"www.harbl.com","article_publisher":"https:\/\/www.facebook.com\/harbl.CBD.official","article_modified_time":"2021-11-02T18:18:42+00:00","twitter_card":"summary_large_image","twitter_misc":{"Dur\u00e9e de lecture estim\u00e9e":"3 minutes"},"schema":{"@context":"https:\/\/schema.org","@graph":[{"@type":"WebPage","@id":"https:\/\/www.harbl.com\/fr\/faq-page\/","url":"https:\/\/www.harbl.com\/fr\/faq-page\/","name":"CBD Questions fr\u00e9quemment pos\u00e9es - www.harbl.com","isPartOf":{"@id":"https:\/\/www.harbl.com\/fr\/#website"},"datePublished":"2019-07-18T14:08:16+00:00","dateModified":"2021-11-02T18:18:42+00:00","description":"Trouvez toutes les r\u00e9ponses que vous cherchez sur le CBD et harbl au sein de notre FAQ.","breadcrumb":{"@id":"https:\/\/www.harbl.com\/fr\/faq-page\/#breadcrumb"},"inLanguage":"fr-FR","potentialAction":[{"@type":"ReadAction","target":["https:\/\/www.harbl.com\/fr\/faq-page\/"]}]},{"@type":"BreadcrumbList","@id":"https:\/\/www.harbl.com\/fr\/faq-page\/#breadcrumb","itemListElement":[{"@type":"ListItem","position":1,"name":"Home","item":"https:\/\/www.harbl.com\/fr\/"},{"@type":"ListItem","position":2,"name":"Questions fr\u00e9quemment pos\u00e9es"}]},{"@type":"WebSite","@id":"https:\/\/www.harbl.com\/fr\/#website","url":"https:\/\/www.harbl.com\/fr\/","name":"www.harbl.com","description":"The Swiss Botanic Innovation Company","publisher":{"@id":"https:\/\/www.harbl.com\/fr\/#organization"},"potentialAction":[{"@type":"SearchAction","target":{"@type":"EntryPoint","urlTemplate":"https:\/\/www.harbl.com\/fr\/?s={search_term_string}"},"query-input":"required name=search_term_string"}],"inLanguage":"fr-FR"},{"@type":"Organization","@id":"https:\/\/www.harbl.com\/fr\/#organization","name":"harbl","url":"https:\/\/www.harbl.com\/fr\/","logo":{"@type":"ImageObject","inLanguage":"fr-FR","@id":"https:\/\/www.harbl.com\/fr\/#\/schema\/logo\/image\/","url":"https:\/\/i0.wp.com\/www.harbl.com\/wp-content\/uploads\/2021\/08\/harbl_logo_invoice.png?fit=392%2C230&ssl=1","contentUrl":"https:\/\/i0.wp.com\/www.harbl.com\/wp-content\/uploads\/2021\/08\/harbl_logo_invoice.png?fit=392%2C230&ssl=1","width":392,"height":230,"caption":"harbl"},"image":{"@id":"https:\/\/www.harbl.com\/fr\/#\/schema\/logo\/image\/"},"sameAs":["https:\/\/www.instagram.com\/harbl_cbd\/","https:\/\/www.linkedin.com\/company\/harbl\/","https:\/\/www.facebook.com\/harbl.CBD.official"]}]}},"_links":{"self":[{"href":"https:\/\/www.harbl.com\/fr\/wp-json\/wp\/v2\/pages\/8541","targetHints":{"allow":["GET"]}}],"collection":[{"href":"https:\/\/www.harbl.com\/fr\/wp-json\/wp\/v2\/pages"}],"about":[{"href":"https:\/\/www.harbl.com\/fr\/wp-json\/wp\/v2\/types\/page"}],"author":[{"embeddable":true,"href":"https:\/\/www.harbl.com\/fr\/wp-json\/wp\/v2\/users\/1"}],"replies":[{"embeddable":true,"href":"https:\/\/www.harbl.com\/fr\/wp-json\/wp\/v2\/comments?post=8541"}],"version-history":[{"count":2,"href":"https:\/\/www.harbl.com\/fr\/wp-json\/wp\/v2\/pages\/8541\/revisions"}],"predecessor-version":[{"id":8543,"href":"https:\/\/www.harbl.com\/fr\/wp-json\/wp\/v2\/pages\/8541\/revisions\/8543"}],"wp:attachment":[{"href":"https:\/\/www.harbl.com\/fr\/wp-json\/wp\/v2\/media?parent=8541"}],"curies":[{"name":"wp","href":"https:\/\/api.w.org\/{rel}","templated":true}]}}