{"id":9053,"date":"2021-12-18T18:38:10","date_gmt":"2021-12-18T17:38:10","guid":{"rendered":"https:\/\/www.harbl.com\/product\/harbl-gift-card\/"},"modified":"2025-09-08T17:54:43","modified_gmt":"2025-09-08T15:54:43","slug":"harbl-geschenkkarte","status":"publish","type":"product","link":"https:\/\/www.harbl.com\/de\/produkt\/harbl-geschenkkarte\/","title":{"rendered":"harbl-Geschenkkarte"},"content":{"rendered":"<p>Das perfekte Geschenk f\u00fcr Wohlbefinden? Die Harbl Geschenkkarte im Wert von 100 CHF erm\u00f6glicht freie Auswahl aus unserem gesamten CBD-\u00d6lsortiment \u2013 von Schlaf- und Entspannungs\u00f6len bis zu hochdosierten Formeln. Digital per E-Mail versendet, sofort einl\u00f6sbar und umweltfreundlich. Jede Karte ist 12 Monate ab Kaufdatum g\u00fcltig und kann f\u00fcr alle Produkte im Harbl Onlineshop verwendet werden. Eine achtsame Geschenkidee f\u00fcr Balance, Stressabbau und nat\u00fcrliche Lebensqualit\u00e4t.Verschenken Sie Wohlbefinden mit einer Harbl Geschenkkarte im Wert von 100 CHF. G\u00fcltig f\u00fcr das gesamte CBD-\u00d6lsortiment, digital und flexibel.<\/p>\n","protected":false},"excerpt":{"rendered":"<p>Verschenken Sie Wohlbefinden mit einer Harbl Geschenkkarte im Wert von 100 CHF. G\u00fcltig f\u00fcr das gesamte CBD-\u00d6lsortiment, digital und flexibel.<\/p>\n","protected":false},"featured_media":9006,"comment_status":"open","ping_status":"closed","template":"","meta":{"inline_featured_image":false,"spay_email":""},"product_cat":[264],"product_tag":[207,198,208,209,230,210,236,237],"class_list":["post-9053","product","type-product","status-publish","has-post-thumbnail","hentry","product_cat-gift-card-de","product_tag-arnica-de","product_tag-cbd-de","product_tag-date-fruit-extract-de","product_tag-devils-claw-de","product_tag-eucalyptus-extract-fr-de","product_tag-grapefruit-seeds-extract-de","product_tag-menthol-fr-de","product_tag-orange-essential-oil-fr-de"],"yoast_head":"<!-- This site is optimized with the Yoast SEO plugin v19.13 - https:\/\/yoast.com\/wordpress\/plugins\/seo\/ -->\n<title>harbl-Geschenkkarte - www.harbl.com<\/title>\n<meta name=\"description\" content=\"Geschenkkarte Harbl - 100,-CHFVerschenken Sie Wohlbefinden mit einer Harbl Geschenkkarte 100 CHF. Digital, 6 Monate g\u00fcltig f\u00fcr alle Harbl CBD \u00d6le.\" \/>\n<meta name=\"robots\" content=\"index, follow, max-snippet:-1, max-image-preview:large, max-video-preview:-1\" \/>\n<link rel=\"canonical\" href=\"https:\/\/www.harbl.com\/de\/produkt\/harbl-geschenkkarte\/\" \/>\n<meta property=\"og:locale\" content=\"de_DE\" \/>\n<meta property=\"og:type\" content=\"article\" \/>\n<meta property=\"og:title\" content=\"harbl-Geschenkkarte - www.harbl.com\" \/>\n<meta property=\"og:description\" content=\"Geschenkkarte Harbl - 100,-CHFVerschenken Sie Wohlbefinden mit einer Harbl Geschenkkarte 100 CHF. Digital, 6 Monate g\u00fcltig f\u00fcr alle Harbl CBD \u00d6le.\" \/>\n<meta property=\"og:url\" content=\"https:\/\/www.harbl.com\/de\/produkt\/harbl-geschenkkarte\/\" \/>\n<meta property=\"og:site_name\" content=\"www.harbl.com\" \/>\n<meta property=\"article:publisher\" content=\"https:\/\/www.facebook.com\/harbl.CBD.official\" \/>\n<meta property=\"article:modified_time\" content=\"2025-09-08T15:54:43+00:00\" \/>\n<meta property=\"og:image\" content=\"https:\/\/www.harbl.com\/wp-content\/uploads\/2021\/12\/Carte-cadeau.jpg\" \/>\n\t<meta property=\"og:image:width\" content=\"550\" \/>\n\t<meta property=\"og:image:height\" content=\"550\" \/>\n\t<meta property=\"og:image:type\" content=\"image\/jpeg\" \/>\n<meta name=\"twitter:card\" content=\"summary_large_image\" \/>\n<meta name=\"twitter:label1\" content=\"Gesch\u00e4tzte Lesezeit\" \/>\n\t<meta name=\"twitter:data1\" content=\"2\u00a0Minuten\" \/>\n<script type=\"application\/ld+json\" class=\"yoast-schema-graph\">{\"@context\":\"https:\/\/schema.org\",\"@graph\":[{\"@type\":\"WebPage\",\"@id\":\"https:\/\/www.harbl.com\/de\/produkt\/harbl-geschenkkarte\/\",\"url\":\"https:\/\/www.harbl.com\/de\/produkt\/harbl-geschenkkarte\/\",\"name\":\"harbl-Geschenkkarte - www.harbl.com\",\"isPartOf\":{\"@id\":\"https:\/\/www.harbl.com\/de\/#website\"},\"datePublished\":\"2021-12-18T17:38:10+00:00\",\"dateModified\":\"2025-09-08T15:54:43+00:00\",\"description\":\"Geschenkkarte Harbl - 100,-CHFVerschenken Sie Wohlbefinden mit einer Harbl Geschenkkarte 100 CHF. Digital, 6 Monate g\u00fcltig f\u00fcr alle Harbl CBD \u00d6le.\",\"breadcrumb\":{\"@id\":\"https:\/\/www.harbl.com\/de\/produkt\/harbl-geschenkkarte\/#breadcrumb\"},\"inLanguage\":\"de\",\"potentialAction\":[{\"@type\":\"ReadAction\",\"target\":[\"https:\/\/www.harbl.com\/de\/produkt\/harbl-geschenkkarte\/\"]}]},{\"@type\":\"BreadcrumbList\",\"@id\":\"https:\/\/www.harbl.com\/de\/produkt\/harbl-geschenkkarte\/#breadcrumb\",\"itemListElement\":[{\"@type\":\"ListItem\",\"position\":1,\"name\":\"Home\",\"item\":\"https:\/\/www.harbl.com\/de\/\"},{\"@type\":\"ListItem\",\"position\":2,\"name\":\"Products\",\"item\":\"https:\/\/www.harbl.com\/de\/shop\/\"},{\"@type\":\"ListItem\",\"position\":3,\"name\":\"harbl-Geschenkkarte\"}]},{\"@type\":\"WebSite\",\"@id\":\"https:\/\/www.harbl.com\/de\/#website\",\"url\":\"https:\/\/www.harbl.com\/de\/\",\"name\":\"www.harbl.com\",\"description\":\"The Swiss Botanic Innovation Company\",\"publisher\":{\"@id\":\"https:\/\/www.harbl.com\/de\/#organization\"},\"potentialAction\":[{\"@type\":\"SearchAction\",\"target\":{\"@type\":\"EntryPoint\",\"urlTemplate\":\"https:\/\/www.harbl.com\/de\/?s={search_term_string}\"},\"query-input\":\"required name=search_term_string\"}],\"inLanguage\":\"de\"},{\"@type\":\"Organization\",\"@id\":\"https:\/\/www.harbl.com\/de\/#organization\",\"name\":\"harbl\",\"url\":\"https:\/\/www.harbl.com\/de\/\",\"logo\":{\"@type\":\"ImageObject\",\"inLanguage\":\"de\",\"@id\":\"https:\/\/www.harbl.com\/de\/#\/schema\/logo\/image\/\",\"url\":\"https:\/\/i0.wp.com\/www.harbl.com\/wp-content\/uploads\/2021\/08\/harbl_logo_invoice.png?fit=392%2C230&ssl=1\",\"contentUrl\":\"https:\/\/i0.wp.com\/www.harbl.com\/wp-content\/uploads\/2021\/08\/harbl_logo_invoice.png?fit=392%2C230&ssl=1\",\"width\":392,\"height\":230,\"caption\":\"harbl\"},\"image\":{\"@id\":\"https:\/\/www.harbl.com\/de\/#\/schema\/logo\/image\/\"},\"sameAs\":[\"https:\/\/www.instagram.com\/harbl_cbd\/\",\"https:\/\/www.linkedin.com\/company\/harbl\/\",\"https:\/\/www.facebook.com\/harbl.CBD.official\"]}]}<\/script>\n<!-- \/ Yoast SEO plugin. -->","yoast_head_json":{"title":"harbl-Geschenkkarte - www.harbl.com","description":"Geschenkkarte Harbl - 100,-CHFVerschenken Sie Wohlbefinden mit einer Harbl Geschenkkarte 100 CHF. Digital, 6 Monate g\u00fcltig f\u00fcr alle Harbl CBD \u00d6le.","robots":{"index":"index","follow":"follow","max-snippet":"max-snippet:-1","max-image-preview":"max-image-preview:large","max-video-preview":"max-video-preview:-1"},"canonical":"https:\/\/www.harbl.com\/de\/produkt\/harbl-geschenkkarte\/","og_locale":"de_DE","og_type":"article","og_title":"harbl-Geschenkkarte - www.harbl.com","og_description":"Geschenkkarte Harbl - 100,-CHFVerschenken Sie Wohlbefinden mit einer Harbl Geschenkkarte 100 CHF. Digital, 6 Monate g\u00fcltig f\u00fcr alle Harbl CBD \u00d6le.","og_url":"https:\/\/www.harbl.com\/de\/produkt\/harbl-geschenkkarte\/","og_site_name":"www.harbl.com","article_publisher":"https:\/\/www.facebook.com\/harbl.CBD.official","article_modified_time":"2025-09-08T15:54:43+00:00","og_image":[{"width":550,"height":550,"url":"https:\/\/www.harbl.com\/wp-content\/uploads\/2021\/12\/Carte-cadeau.jpg","type":"image\/jpeg"}],"twitter_card":"summary_large_image","twitter_misc":{"Gesch\u00e4tzte Lesezeit":"2\u00a0Minuten"},"schema":{"@context":"https:\/\/schema.org","@graph":[{"@type":"WebPage","@id":"https:\/\/www.harbl.com\/de\/produkt\/harbl-geschenkkarte\/","url":"https:\/\/www.harbl.com\/de\/produkt\/harbl-geschenkkarte\/","name":"harbl-Geschenkkarte - www.harbl.com","isPartOf":{"@id":"https:\/\/www.harbl.com\/de\/#website"},"datePublished":"2021-12-18T17:38:10+00:00","dateModified":"2025-09-08T15:54:43+00:00","description":"Geschenkkarte Harbl - 100,-CHFVerschenken Sie Wohlbefinden mit einer Harbl Geschenkkarte 100 CHF. Digital, 6 Monate g\u00fcltig f\u00fcr alle Harbl CBD \u00d6le.","breadcrumb":{"@id":"https:\/\/www.harbl.com\/de\/produkt\/harbl-geschenkkarte\/#breadcrumb"},"inLanguage":"de","potentialAction":[{"@type":"ReadAction","target":["https:\/\/www.harbl.com\/de\/produkt\/harbl-geschenkkarte\/"]}]},{"@type":"BreadcrumbList","@id":"https:\/\/www.harbl.com\/de\/produkt\/harbl-geschenkkarte\/#breadcrumb","itemListElement":[{"@type":"ListItem","position":1,"name":"Home","item":"https:\/\/www.harbl.com\/de\/"},{"@type":"ListItem","position":2,"name":"Products","item":"https:\/\/www.harbl.com\/de\/shop\/"},{"@type":"ListItem","position":3,"name":"harbl-Geschenkkarte"}]},{"@type":"WebSite","@id":"https:\/\/www.harbl.com\/de\/#website","url":"https:\/\/www.harbl.com\/de\/","name":"www.harbl.com","description":"The Swiss Botanic Innovation Company","publisher":{"@id":"https:\/\/www.harbl.com\/de\/#organization"},"potentialAction":[{"@type":"SearchAction","target":{"@type":"EntryPoint","urlTemplate":"https:\/\/www.harbl.com\/de\/?s={search_term_string}"},"query-input":"required name=search_term_string"}],"inLanguage":"de"},{"@type":"Organization","@id":"https:\/\/www.harbl.com\/de\/#organization","name":"harbl","url":"https:\/\/www.harbl.com\/de\/","logo":{"@type":"ImageObject","inLanguage":"de","@id":"https:\/\/www.harbl.com\/de\/#\/schema\/logo\/image\/","url":"https:\/\/i0.wp.com\/www.harbl.com\/wp-content\/uploads\/2021\/08\/harbl_logo_invoice.png?fit=392%2C230&ssl=1","contentUrl":"https:\/\/i0.wp.com\/www.harbl.com\/wp-content\/uploads\/2021\/08\/harbl_logo_invoice.png?fit=392%2C230&ssl=1","width":392,"height":230,"caption":"harbl"},"image":{"@id":"https:\/\/www.harbl.com\/de\/#\/schema\/logo\/image\/"},"sameAs":["https:\/\/www.instagram.com\/harbl_cbd\/","https:\/\/www.linkedin.com\/company\/harbl\/","https:\/\/www.facebook.com\/harbl.CBD.official"]}]}},"_links":{"self":[{"href":"https:\/\/www.harbl.com\/de\/wp-json\/wp\/v2\/product\/9053","targetHints":{"allow":["GET"]}}],"collection":[{"href":"https:\/\/www.harbl.com\/de\/wp-json\/wp\/v2\/product"}],"about":[{"href":"https:\/\/www.harbl.com\/de\/wp-json\/wp\/v2\/types\/product"}],"replies":[{"embeddable":true,"href":"https:\/\/www.harbl.com\/de\/wp-json\/wp\/v2\/comments?post=9053"}],"wp:featuredmedia":[{"embeddable":true,"href":"https:\/\/www.harbl.com\/de\/wp-json\/wp\/v2\/media\/9006"}],"wp:attachment":[{"href":"https:\/\/www.harbl.com\/de\/wp-json\/wp\/v2\/media?parent=9053"}],"wp:term":[{"taxonomy":"product_cat","embeddable":true,"href":"https:\/\/www.harbl.com\/de\/wp-json\/wp\/v2\/product_cat?post=9053"},{"taxonomy":"product_tag","embeddable":true,"href":"https:\/\/www.harbl.com\/de\/wp-json\/wp\/v2\/product_tag?post=9053"}],"curies":[{"name":"wp","href":"https:\/\/api.w.org\/{rel}","templated":true}]}}