{"id":8437,"date":"2021-12-24T11:43:21","date_gmt":"2021-12-24T10:43:21","guid":{"rendered":"https:\/\/www.harbl.com\/product\/harbl-2000\/"},"modified":"2025-09-08T17:38:00","modified_gmt":"2025-09-08T15:38:00","slug":"harbl-3000","status":"publish","type":"product","link":"https:\/\/www.harbl.com\/de\/produkt\/harbl-3000\/","title":{"rendered":"HARBL 3000"},"content":{"rendered":"<p>Harbl 3000 ist ein reines CBD \u00d6l 3000mg aus Schweizer Bio-Hanf. Diese mittelstarke Formel ist ideal f\u00fcr t\u00e4gliches Gleichgewicht, Stressabbau und allgemeines Wohlbefinden. Entwickelt f\u00fcr alle, die nat\u00fcrliche Unterst\u00fctzung ohne \u00fcberm\u00e4\u00dfige St\u00e4rke suchen, bietet es eine sanfte, aber wirksame L\u00f6sung zur Entspannung. Unabh\u00e4ngig getestet f\u00fcr Reinheit und Sicherheit, garantiert Harbl 3000 h\u00f6chste Qualit\u00e4t in jeder Anwendung. Dieses CBD \u00d6l 3000mg unterst\u00fctzt Achtsamkeit, Balance und innere Ruhe im Alltag.<\/p>\n","protected":false},"excerpt":{"rendered":"<p>Harbl 3000 ist ein reines CBD \u00d6l 3000mg mit bio-zertifiziertem Hanfsamen\u00f6l. Gereinigt von Kr\u00e4utergeschmack und Pflanzenr\u00fcckst\u00e4nden, unterst\u00fctzt Balance und Stressabbau.<\/p>\n","protected":false},"featured_media":7635,"comment_status":"open","ping_status":"closed","template":"","meta":{"inline_featured_image":false,"spay_email":""},"product_cat":[204],"product_tag":[198,222,223],"class_list":["post-8437","product","type-product","status-publish","has-post-thumbnail","hentry","product_cat-pure-cbd-oil","product_tag-cbd-de","product_tag-organic-hemp-de","product_tag-pure-cbd-oil-de"],"yoast_head":"<!-- This site is optimized with the Yoast SEO plugin v19.13 - https:\/\/yoast.com\/wordpress\/plugins\/seo\/ -->\n<title>CBD \u00d6l 3000mg \u2013 Nat\u00fcrliche Balance &amp; Stressabbau | Harbl<\/title>\n<meta name=\"description\" content=\"Harbl 3000 ist ein reines CBD \u00d6l 3000mg aus Schweizer Bio-Hanf. Unterst\u00fctzt Stressabbau, Balance und t\u00e4gliches Wohlbefinden.\" \/>\n<meta name=\"robots\" content=\"index, follow, max-snippet:-1, max-image-preview:large, max-video-preview:-1\" \/>\n<link rel=\"canonical\" href=\"https:\/\/www.harbl.com\/de\/produkt\/harbl-3000\/\" \/>\n<meta property=\"og:locale\" content=\"de_DE\" \/>\n<meta property=\"og:type\" content=\"article\" \/>\n<meta property=\"og:title\" content=\"CBD \u00d6l 3000mg \u2013 Nat\u00fcrliche Balance &amp; Stressabbau | Harbl\" \/>\n<meta property=\"og:description\" content=\"Harbl 3000 ist ein reines CBD \u00d6l 3000mg aus Schweizer Bio-Hanf. Unterst\u00fctzt Stressabbau, Balance und t\u00e4gliches Wohlbefinden.\" \/>\n<meta property=\"og:url\" content=\"https:\/\/www.harbl.com\/de\/produkt\/harbl-3000\/\" \/>\n<meta property=\"og:site_name\" content=\"www.harbl.com\" \/>\n<meta property=\"article:publisher\" content=\"https:\/\/www.facebook.com\/harbl.CBD.official\" \/>\n<meta property=\"article:modified_time\" content=\"2025-09-08T15:38:00+00:00\" \/>\n<meta property=\"og:image\" content=\"https:\/\/www.harbl.com\/wp-content\/uploads\/2021\/08\/3000-sharp-2.jpeg\" \/>\n\t<meta property=\"og:image:width\" content=\"550\" \/>\n\t<meta property=\"og:image:height\" content=\"550\" \/>\n\t<meta property=\"og:image:type\" content=\"image\/jpeg\" \/>\n<meta name=\"twitter:card\" content=\"summary_large_image\" \/>\n<meta name=\"twitter:label1\" content=\"Gesch\u00e4tzte Lesezeit\" \/>\n\t<meta name=\"twitter:data1\" content=\"1\u00a0Minute\" \/>\n<script type=\"application\/ld+json\" class=\"yoast-schema-graph\">{\"@context\":\"https:\/\/schema.org\",\"@graph\":[{\"@type\":\"WebPage\",\"@id\":\"https:\/\/www.harbl.com\/de\/produkt\/harbl-3000\/\",\"url\":\"https:\/\/www.harbl.com\/de\/produkt\/harbl-3000\/\",\"name\":\"CBD \u00d6l 3000mg \u2013 Nat\u00fcrliche Balance & Stressabbau | Harbl\",\"isPartOf\":{\"@id\":\"https:\/\/www.harbl.com\/de\/#website\"},\"datePublished\":\"2021-12-24T10:43:21+00:00\",\"dateModified\":\"2025-09-08T15:38:00+00:00\",\"description\":\"Harbl 3000 ist ein reines CBD \u00d6l 3000mg aus Schweizer Bio-Hanf. Unterst\u00fctzt Stressabbau, Balance und t\u00e4gliches Wohlbefinden.\",\"breadcrumb\":{\"@id\":\"https:\/\/www.harbl.com\/de\/produkt\/harbl-3000\/#breadcrumb\"},\"inLanguage\":\"de\",\"potentialAction\":[{\"@type\":\"ReadAction\",\"target\":[\"https:\/\/www.harbl.com\/de\/produkt\/harbl-3000\/\"]}]},{\"@type\":\"BreadcrumbList\",\"@id\":\"https:\/\/www.harbl.com\/de\/produkt\/harbl-3000\/#breadcrumb\",\"itemListElement\":[{\"@type\":\"ListItem\",\"position\":1,\"name\":\"Home\",\"item\":\"https:\/\/www.harbl.com\/de\/\"},{\"@type\":\"ListItem\",\"position\":2,\"name\":\"Products\",\"item\":\"https:\/\/www.harbl.com\/de\/shop\/\"},{\"@type\":\"ListItem\",\"position\":3,\"name\":\"HARBL 3000\"}]},{\"@type\":\"WebSite\",\"@id\":\"https:\/\/www.harbl.com\/de\/#website\",\"url\":\"https:\/\/www.harbl.com\/de\/\",\"name\":\"www.harbl.com\",\"description\":\"The Swiss Botanic Innovation Company\",\"publisher\":{\"@id\":\"https:\/\/www.harbl.com\/de\/#organization\"},\"potentialAction\":[{\"@type\":\"SearchAction\",\"target\":{\"@type\":\"EntryPoint\",\"urlTemplate\":\"https:\/\/www.harbl.com\/de\/?s={search_term_string}\"},\"query-input\":\"required name=search_term_string\"}],\"inLanguage\":\"de\"},{\"@type\":\"Organization\",\"@id\":\"https:\/\/www.harbl.com\/de\/#organization\",\"name\":\"harbl\",\"url\":\"https:\/\/www.harbl.com\/de\/\",\"logo\":{\"@type\":\"ImageObject\",\"inLanguage\":\"de\",\"@id\":\"https:\/\/www.harbl.com\/de\/#\/schema\/logo\/image\/\",\"url\":\"https:\/\/i0.wp.com\/www.harbl.com\/wp-content\/uploads\/2021\/08\/harbl_logo_invoice.png?fit=392%2C230&ssl=1\",\"contentUrl\":\"https:\/\/i0.wp.com\/www.harbl.com\/wp-content\/uploads\/2021\/08\/harbl_logo_invoice.png?fit=392%2C230&ssl=1\",\"width\":392,\"height\":230,\"caption\":\"harbl\"},\"image\":{\"@id\":\"https:\/\/www.harbl.com\/de\/#\/schema\/logo\/image\/\"},\"sameAs\":[\"https:\/\/www.instagram.com\/harbl_cbd\/\",\"https:\/\/www.linkedin.com\/company\/harbl\/\",\"https:\/\/www.facebook.com\/harbl.CBD.official\"]}]}<\/script>\n<!-- \/ Yoast SEO plugin. -->","yoast_head_json":{"title":"CBD \u00d6l 3000mg \u2013 Nat\u00fcrliche Balance & Stressabbau | Harbl","description":"Harbl 3000 ist ein reines CBD \u00d6l 3000mg aus Schweizer Bio-Hanf. Unterst\u00fctzt Stressabbau, Balance und t\u00e4gliches Wohlbefinden.","robots":{"index":"index","follow":"follow","max-snippet":"max-snippet:-1","max-image-preview":"max-image-preview:large","max-video-preview":"max-video-preview:-1"},"canonical":"https:\/\/www.harbl.com\/de\/produkt\/harbl-3000\/","og_locale":"de_DE","og_type":"article","og_title":"CBD \u00d6l 3000mg \u2013 Nat\u00fcrliche Balance & Stressabbau | Harbl","og_description":"Harbl 3000 ist ein reines CBD \u00d6l 3000mg aus Schweizer Bio-Hanf. Unterst\u00fctzt Stressabbau, Balance und t\u00e4gliches Wohlbefinden.","og_url":"https:\/\/www.harbl.com\/de\/produkt\/harbl-3000\/","og_site_name":"www.harbl.com","article_publisher":"https:\/\/www.facebook.com\/harbl.CBD.official","article_modified_time":"2025-09-08T15:38:00+00:00","og_image":[{"width":550,"height":550,"url":"https:\/\/www.harbl.com\/wp-content\/uploads\/2021\/08\/3000-sharp-2.jpeg","type":"image\/jpeg"}],"twitter_card":"summary_large_image","twitter_misc":{"Gesch\u00e4tzte Lesezeit":"1\u00a0Minute"},"schema":{"@context":"https:\/\/schema.org","@graph":[{"@type":"WebPage","@id":"https:\/\/www.harbl.com\/de\/produkt\/harbl-3000\/","url":"https:\/\/www.harbl.com\/de\/produkt\/harbl-3000\/","name":"CBD \u00d6l 3000mg \u2013 Nat\u00fcrliche Balance & Stressabbau | Harbl","isPartOf":{"@id":"https:\/\/www.harbl.com\/de\/#website"},"datePublished":"2021-12-24T10:43:21+00:00","dateModified":"2025-09-08T15:38:00+00:00","description":"Harbl 3000 ist ein reines CBD \u00d6l 3000mg aus Schweizer Bio-Hanf. Unterst\u00fctzt Stressabbau, Balance und t\u00e4gliches Wohlbefinden.","breadcrumb":{"@id":"https:\/\/www.harbl.com\/de\/produkt\/harbl-3000\/#breadcrumb"},"inLanguage":"de","potentialAction":[{"@type":"ReadAction","target":["https:\/\/www.harbl.com\/de\/produkt\/harbl-3000\/"]}]},{"@type":"BreadcrumbList","@id":"https:\/\/www.harbl.com\/de\/produkt\/harbl-3000\/#breadcrumb","itemListElement":[{"@type":"ListItem","position":1,"name":"Home","item":"https:\/\/www.harbl.com\/de\/"},{"@type":"ListItem","position":2,"name":"Products","item":"https:\/\/www.harbl.com\/de\/shop\/"},{"@type":"ListItem","position":3,"name":"HARBL 3000"}]},{"@type":"WebSite","@id":"https:\/\/www.harbl.com\/de\/#website","url":"https:\/\/www.harbl.com\/de\/","name":"www.harbl.com","description":"The Swiss Botanic Innovation Company","publisher":{"@id":"https:\/\/www.harbl.com\/de\/#organization"},"potentialAction":[{"@type":"SearchAction","target":{"@type":"EntryPoint","urlTemplate":"https:\/\/www.harbl.com\/de\/?s={search_term_string}"},"query-input":"required name=search_term_string"}],"inLanguage":"de"},{"@type":"Organization","@id":"https:\/\/www.harbl.com\/de\/#organization","name":"harbl","url":"https:\/\/www.harbl.com\/de\/","logo":{"@type":"ImageObject","inLanguage":"de","@id":"https:\/\/www.harbl.com\/de\/#\/schema\/logo\/image\/","url":"https:\/\/i0.wp.com\/www.harbl.com\/wp-content\/uploads\/2021\/08\/harbl_logo_invoice.png?fit=392%2C230&ssl=1","contentUrl":"https:\/\/i0.wp.com\/www.harbl.com\/wp-content\/uploads\/2021\/08\/harbl_logo_invoice.png?fit=392%2C230&ssl=1","width":392,"height":230,"caption":"harbl"},"image":{"@id":"https:\/\/www.harbl.com\/de\/#\/schema\/logo\/image\/"},"sameAs":["https:\/\/www.instagram.com\/harbl_cbd\/","https:\/\/www.linkedin.com\/company\/harbl\/","https:\/\/www.facebook.com\/harbl.CBD.official"]}]}},"_links":{"self":[{"href":"https:\/\/www.harbl.com\/de\/wp-json\/wp\/v2\/product\/8437","targetHints":{"allow":["GET"]}}],"collection":[{"href":"https:\/\/www.harbl.com\/de\/wp-json\/wp\/v2\/product"}],"about":[{"href":"https:\/\/www.harbl.com\/de\/wp-json\/wp\/v2\/types\/product"}],"replies":[{"embeddable":true,"href":"https:\/\/www.harbl.com\/de\/wp-json\/wp\/v2\/comments?post=8437"}],"wp:featuredmedia":[{"embeddable":true,"href":"https:\/\/www.harbl.com\/de\/wp-json\/wp\/v2\/media\/7635"}],"wp:attachment":[{"href":"https:\/\/www.harbl.com\/de\/wp-json\/wp\/v2\/media?parent=8437"}],"wp:term":[{"taxonomy":"product_cat","embeddable":true,"href":"https:\/\/www.harbl.com\/de\/wp-json\/wp\/v2\/product_cat?post=8437"},{"taxonomy":"product_tag","embeddable":true,"href":"https:\/\/www.harbl.com\/de\/wp-json\/wp\/v2\/product_tag?post=8437"}],"curies":[{"name":"wp","href":"https:\/\/api.w.org\/{rel}","templated":true}]}}