{"id":8433,"date":"2021-12-22T08:27:45","date_gmt":"2021-12-22T07:27:45","guid":{"rendered":"https:\/\/www.harbl.com\/product\/harbl-4000\/"},"modified":"2025-09-08T17:07:04","modified_gmt":"2025-09-08T15:07:04","slug":"harbl-6000","status":"publish","type":"product","link":"https:\/\/www.harbl.com\/de\/produkt\/harbl-6000\/","title":{"rendered":"HARBL 6000"},"content":{"rendered":"<p>Harbl 6000 ist ein sehr starkes CBD \u00d6l 6000mg mit bio-zertifiziertem Hanfsamen\u00f6l. Entwickelt f\u00fcr Menschen mit hohem Bedarf an St\u00e4rke, unterst\u00fctzt es bei chronischem Stress und innerem Gleichgewicht. Gereinigt, um Kr\u00e4utergeschmack und Pflanzenr\u00fcckst\u00e4nde zu entfernen, sorgt es f\u00fcr ein reines, angenehmes Erlebnis. Unabh\u00e4ngig gepr\u00fcft, ist Harbl 6000 das st\u00e4rkste \u00d6l der Serie und bietet maximale Unterst\u00fctzung f\u00fcr Wohlbefinden und Ruhe.<\/p>\n","protected":false},"excerpt":{"rendered":"<p>Entdecken Sie unser 6000 mg reines CBD-\u00d6l<\/p>\n<p>K\u00f6rper und Geist wieder verbinden und zentrieren. Diese intensive, reine CBD-Formel verbessert die Stimmung und Achtsamkeit und lindert gleichzeitig k\u00f6rperliche Anspannung.<\/p>\n","protected":false},"featured_media":11129,"comment_status":"open","ping_status":"closed","template":"","meta":{"inline_featured_image":false,"spay_email":""},"product_cat":[204,196],"product_tag":[198,222,223,224],"class_list":["post-8433","product","type-product","status-publish","has-post-thumbnail","hentry","product_cat-pure-cbd-oil","product_cat-slider-de","product_tag-cbd-de","product_tag-organic-hemp-de","product_tag-pure-cbd-oil-de","product_tag-strong-cbd-oil-de"],"yoast_head":"<!-- This site is optimized with the Yoast SEO plugin v19.13 - https:\/\/yoast.com\/wordpress\/plugins\/seo\/ -->\n<title>CBD \u00d6l 6000mg \u2013 Maximale St\u00e4rke &amp; Wirkung | Harbl<\/title>\n<meta name=\"description\" content=\"Harbl 6000 ist ein sehr starkes CBD \u00d6l 6000mg. Gereinigtes Hanfsamen\u00f6l f\u00fcr maximale Wirkung, Stressabbau und inneres Wohlbefinden.\" \/>\n<meta name=\"robots\" content=\"index, follow, max-snippet:-1, max-image-preview:large, max-video-preview:-1\" \/>\n<link rel=\"canonical\" href=\"https:\/\/www.harbl.com\/de\/produkt\/harbl-6000\/\" \/>\n<meta property=\"og:locale\" content=\"de_DE\" \/>\n<meta property=\"og:type\" content=\"article\" \/>\n<meta property=\"og:title\" content=\"CBD \u00d6l 6000mg \u2013 Maximale St\u00e4rke &amp; Wirkung | Harbl\" \/>\n<meta property=\"og:description\" content=\"Harbl 6000 ist ein sehr starkes CBD \u00d6l 6000mg. Gereinigtes Hanfsamen\u00f6l f\u00fcr maximale Wirkung, Stressabbau und inneres Wohlbefinden.\" \/>\n<meta property=\"og:url\" content=\"https:\/\/www.harbl.com\/de\/produkt\/harbl-6000\/\" \/>\n<meta property=\"og:site_name\" content=\"www.harbl.com\" \/>\n<meta property=\"article:publisher\" content=\"https:\/\/www.facebook.com\/harbl.CBD.official\" \/>\n<meta property=\"article:modified_time\" content=\"2025-09-08T15:07:04+00:00\" \/>\n<meta property=\"og:image\" content=\"https:\/\/www.harbl.com\/wp-content\/uploads\/2021\/08\/6000-2-sharp-2.jpg\" \/>\n\t<meta property=\"og:image:width\" content=\"550\" \/>\n\t<meta property=\"og:image:height\" content=\"550\" \/>\n\t<meta property=\"og:image:type\" content=\"image\/jpeg\" \/>\n<meta name=\"twitter:card\" content=\"summary_large_image\" \/>\n<meta name=\"twitter:label1\" content=\"Gesch\u00e4tzte Lesezeit\" \/>\n\t<meta name=\"twitter:data1\" content=\"1\u00a0Minute\" \/>\n<script type=\"application\/ld+json\" class=\"yoast-schema-graph\">{\"@context\":\"https:\/\/schema.org\",\"@graph\":[{\"@type\":\"WebPage\",\"@id\":\"https:\/\/www.harbl.com\/de\/produkt\/harbl-6000\/\",\"url\":\"https:\/\/www.harbl.com\/de\/produkt\/harbl-6000\/\",\"name\":\"CBD \u00d6l 6000mg \u2013 Maximale St\u00e4rke & Wirkung | Harbl\",\"isPartOf\":{\"@id\":\"https:\/\/www.harbl.com\/de\/#website\"},\"datePublished\":\"2021-12-22T07:27:45+00:00\",\"dateModified\":\"2025-09-08T15:07:04+00:00\",\"description\":\"Harbl 6000 ist ein sehr starkes CBD \u00d6l 6000mg. Gereinigtes Hanfsamen\u00f6l f\u00fcr maximale Wirkung, Stressabbau und inneres Wohlbefinden.\",\"breadcrumb\":{\"@id\":\"https:\/\/www.harbl.com\/de\/produkt\/harbl-6000\/#breadcrumb\"},\"inLanguage\":\"de\",\"potentialAction\":[{\"@type\":\"ReadAction\",\"target\":[\"https:\/\/www.harbl.com\/de\/produkt\/harbl-6000\/\"]}]},{\"@type\":\"BreadcrumbList\",\"@id\":\"https:\/\/www.harbl.com\/de\/produkt\/harbl-6000\/#breadcrumb\",\"itemListElement\":[{\"@type\":\"ListItem\",\"position\":1,\"name\":\"Home\",\"item\":\"https:\/\/www.harbl.com\/de\/\"},{\"@type\":\"ListItem\",\"position\":2,\"name\":\"Products\",\"item\":\"https:\/\/www.harbl.com\/de\/shop\/\"},{\"@type\":\"ListItem\",\"position\":3,\"name\":\"HARBL 6000\"}]},{\"@type\":\"WebSite\",\"@id\":\"https:\/\/www.harbl.com\/de\/#website\",\"url\":\"https:\/\/www.harbl.com\/de\/\",\"name\":\"www.harbl.com\",\"description\":\"The Swiss Botanic Innovation Company\",\"publisher\":{\"@id\":\"https:\/\/www.harbl.com\/de\/#organization\"},\"potentialAction\":[{\"@type\":\"SearchAction\",\"target\":{\"@type\":\"EntryPoint\",\"urlTemplate\":\"https:\/\/www.harbl.com\/de\/?s={search_term_string}\"},\"query-input\":\"required name=search_term_string\"}],\"inLanguage\":\"de\"},{\"@type\":\"Organization\",\"@id\":\"https:\/\/www.harbl.com\/de\/#organization\",\"name\":\"harbl\",\"url\":\"https:\/\/www.harbl.com\/de\/\",\"logo\":{\"@type\":\"ImageObject\",\"inLanguage\":\"de\",\"@id\":\"https:\/\/www.harbl.com\/de\/#\/schema\/logo\/image\/\",\"url\":\"https:\/\/i0.wp.com\/www.harbl.com\/wp-content\/uploads\/2021\/08\/harbl_logo_invoice.png?fit=392%2C230&ssl=1\",\"contentUrl\":\"https:\/\/i0.wp.com\/www.harbl.com\/wp-content\/uploads\/2021\/08\/harbl_logo_invoice.png?fit=392%2C230&ssl=1\",\"width\":392,\"height\":230,\"caption\":\"harbl\"},\"image\":{\"@id\":\"https:\/\/www.harbl.com\/de\/#\/schema\/logo\/image\/\"},\"sameAs\":[\"https:\/\/www.instagram.com\/harbl_cbd\/\",\"https:\/\/www.linkedin.com\/company\/harbl\/\",\"https:\/\/www.facebook.com\/harbl.CBD.official\"]}]}<\/script>\n<!-- \/ Yoast SEO plugin. -->","yoast_head_json":{"title":"CBD \u00d6l 6000mg \u2013 Maximale St\u00e4rke & Wirkung | Harbl","description":"Harbl 6000 ist ein sehr starkes CBD \u00d6l 6000mg. Gereinigtes Hanfsamen\u00f6l f\u00fcr maximale Wirkung, Stressabbau und inneres Wohlbefinden.","robots":{"index":"index","follow":"follow","max-snippet":"max-snippet:-1","max-image-preview":"max-image-preview:large","max-video-preview":"max-video-preview:-1"},"canonical":"https:\/\/www.harbl.com\/de\/produkt\/harbl-6000\/","og_locale":"de_DE","og_type":"article","og_title":"CBD \u00d6l 6000mg \u2013 Maximale St\u00e4rke & Wirkung | Harbl","og_description":"Harbl 6000 ist ein sehr starkes CBD \u00d6l 6000mg. Gereinigtes Hanfsamen\u00f6l f\u00fcr maximale Wirkung, Stressabbau und inneres Wohlbefinden.","og_url":"https:\/\/www.harbl.com\/de\/produkt\/harbl-6000\/","og_site_name":"www.harbl.com","article_publisher":"https:\/\/www.facebook.com\/harbl.CBD.official","article_modified_time":"2025-09-08T15:07:04+00:00","og_image":[{"width":550,"height":550,"url":"https:\/\/www.harbl.com\/wp-content\/uploads\/2021\/08\/6000-2-sharp-2.jpg","type":"image\/jpeg"}],"twitter_card":"summary_large_image","twitter_misc":{"Gesch\u00e4tzte Lesezeit":"1\u00a0Minute"},"schema":{"@context":"https:\/\/schema.org","@graph":[{"@type":"WebPage","@id":"https:\/\/www.harbl.com\/de\/produkt\/harbl-6000\/","url":"https:\/\/www.harbl.com\/de\/produkt\/harbl-6000\/","name":"CBD \u00d6l 6000mg \u2013 Maximale St\u00e4rke & Wirkung | Harbl","isPartOf":{"@id":"https:\/\/www.harbl.com\/de\/#website"},"datePublished":"2021-12-22T07:27:45+00:00","dateModified":"2025-09-08T15:07:04+00:00","description":"Harbl 6000 ist ein sehr starkes CBD \u00d6l 6000mg. Gereinigtes Hanfsamen\u00f6l f\u00fcr maximale Wirkung, Stressabbau und inneres Wohlbefinden.","breadcrumb":{"@id":"https:\/\/www.harbl.com\/de\/produkt\/harbl-6000\/#breadcrumb"},"inLanguage":"de","potentialAction":[{"@type":"ReadAction","target":["https:\/\/www.harbl.com\/de\/produkt\/harbl-6000\/"]}]},{"@type":"BreadcrumbList","@id":"https:\/\/www.harbl.com\/de\/produkt\/harbl-6000\/#breadcrumb","itemListElement":[{"@type":"ListItem","position":1,"name":"Home","item":"https:\/\/www.harbl.com\/de\/"},{"@type":"ListItem","position":2,"name":"Products","item":"https:\/\/www.harbl.com\/de\/shop\/"},{"@type":"ListItem","position":3,"name":"HARBL 6000"}]},{"@type":"WebSite","@id":"https:\/\/www.harbl.com\/de\/#website","url":"https:\/\/www.harbl.com\/de\/","name":"www.harbl.com","description":"The Swiss Botanic Innovation Company","publisher":{"@id":"https:\/\/www.harbl.com\/de\/#organization"},"potentialAction":[{"@type":"SearchAction","target":{"@type":"EntryPoint","urlTemplate":"https:\/\/www.harbl.com\/de\/?s={search_term_string}"},"query-input":"required name=search_term_string"}],"inLanguage":"de"},{"@type":"Organization","@id":"https:\/\/www.harbl.com\/de\/#organization","name":"harbl","url":"https:\/\/www.harbl.com\/de\/","logo":{"@type":"ImageObject","inLanguage":"de","@id":"https:\/\/www.harbl.com\/de\/#\/schema\/logo\/image\/","url":"https:\/\/i0.wp.com\/www.harbl.com\/wp-content\/uploads\/2021\/08\/harbl_logo_invoice.png?fit=392%2C230&ssl=1","contentUrl":"https:\/\/i0.wp.com\/www.harbl.com\/wp-content\/uploads\/2021\/08\/harbl_logo_invoice.png?fit=392%2C230&ssl=1","width":392,"height":230,"caption":"harbl"},"image":{"@id":"https:\/\/www.harbl.com\/de\/#\/schema\/logo\/image\/"},"sameAs":["https:\/\/www.instagram.com\/harbl_cbd\/","https:\/\/www.linkedin.com\/company\/harbl\/","https:\/\/www.facebook.com\/harbl.CBD.official"]}]}},"_links":{"self":[{"href":"https:\/\/www.harbl.com\/de\/wp-json\/wp\/v2\/product\/8433","targetHints":{"allow":["GET"]}}],"collection":[{"href":"https:\/\/www.harbl.com\/de\/wp-json\/wp\/v2\/product"}],"about":[{"href":"https:\/\/www.harbl.com\/de\/wp-json\/wp\/v2\/types\/product"}],"replies":[{"embeddable":true,"href":"https:\/\/www.harbl.com\/de\/wp-json\/wp\/v2\/comments?post=8433"}],"wp:featuredmedia":[{"embeddable":true,"href":"https:\/\/www.harbl.com\/de\/wp-json\/wp\/v2\/media\/11129"}],"wp:attachment":[{"href":"https:\/\/www.harbl.com\/de\/wp-json\/wp\/v2\/media?parent=8433"}],"wp:term":[{"taxonomy":"product_cat","embeddable":true,"href":"https:\/\/www.harbl.com\/de\/wp-json\/wp\/v2\/product_cat?post=8433"},{"taxonomy":"product_tag","embeddable":true,"href":"https:\/\/www.harbl.com\/de\/wp-json\/wp\/v2\/product_tag?post=8433"}],"curies":[{"name":"wp","href":"https:\/\/api.w.org\/{rel}","templated":true}]}}