{"id":8432,"date":"2021-12-21T08:44:21","date_gmt":"2021-12-21T07:44:21","guid":{"rendered":"https:\/\/www.harbl.com\/product\/harbl-relax\/"},"modified":"2025-09-08T17:11:42","modified_gmt":"2025-09-08T15:11:42","slug":"harbl-relax","status":"publish","type":"product","link":"https:\/\/www.harbl.com\/de\/produkt\/harbl-relax\/","title":{"rendered":"HARBL RELAX"},"content":{"rendered":"<p>Harbl Relax CBD \u00d6l Stress kombiniert CBD, CBG und Lavendel\u00f6l, um K\u00f6rper und Geist zu beruhigen. Ideal bei Stress oder Angst f\u00f6rdert es Gelassenheit und Balance. Lavendel ist f\u00fcr seine beruhigenden Eigenschaften bekannt, w\u00e4hrend CBG die Wirkung von CBD verst\u00e4rkt. Mit bio-zertifiziertem Hanfsamen\u00f6l als Basis, das gereinigt wurde, um Kr\u00e4utergeschmack und R\u00fcckst\u00e4nde zu entfernen, bietet Harbl Relax eine angenehme Anwendung.<\/p>\n","protected":false},"excerpt":{"rendered":"<p>Formuliertes Bio-raffiniertes Hanf\u00f6l mit CBD, CBG und Lavendel\u00f6l zum Entspannen<\/p>\n<p>Diese ma\u00dfgeschneiderte Mischung nutzt die beruhigendsten Wirkungen von CBD und CBG mit den nat\u00fcrlich beruhigenden Eigenschaften der \u00e4therischen Lavendel\u00f6le und hilft dabei, den Geist zu befreien und Sie zu entspannen.<\/p>\n","protected":false},"featured_media":7629,"comment_status":"open","ping_status":"closed","template":"","meta":{"inline_featured_image":false,"spay_email":""},"product_cat":[195],"product_tag":[197,198,199,216,220],"class_list":["post-8432","product","type-product","status-publish","has-post-thumbnail","hentry","product_cat-harbl-effect-de","product_tag-bio-refined-hemp-oil-de","product_tag-cbd-de","product_tag-cbd-cbn-de","product_tag-cbg-de","product_tag-lavender-essential-oil-de"],"yoast_head":"<!-- This site is optimized with the Yoast SEO plugin v19.13 - https:\/\/yoast.com\/wordpress\/plugins\/seo\/ -->\n<title>CBD \u00d6l Stress \u2013 CBD + CBG mit Lavendel | Harbl<\/title>\n<meta name=\"description\" content=\"Harbl Relax CBD \u00d6l Stress mit CBD + CBG und Lavendel. Gereinigtes Hanfsamen\u00f6l lindert Stress, Spannungen und f\u00f6rdert Ruhe.\" \/>\n<meta name=\"robots\" content=\"index, follow, max-snippet:-1, max-image-preview:large, max-video-preview:-1\" \/>\n<link rel=\"canonical\" href=\"https:\/\/www.harbl.com\/de\/produkt\/harbl-relax\/\" \/>\n<meta property=\"og:locale\" content=\"de_DE\" \/>\n<meta property=\"og:type\" content=\"article\" \/>\n<meta property=\"og:title\" content=\"CBD \u00d6l Stress \u2013 CBD + CBG mit Lavendel | Harbl\" \/>\n<meta property=\"og:description\" content=\"Harbl Relax CBD \u00d6l Stress mit CBD + CBG und Lavendel. Gereinigtes Hanfsamen\u00f6l lindert Stress, Spannungen und f\u00f6rdert Ruhe.\" \/>\n<meta property=\"og:url\" content=\"https:\/\/www.harbl.com\/de\/produkt\/harbl-relax\/\" \/>\n<meta property=\"og:site_name\" content=\"www.harbl.com\" \/>\n<meta property=\"article:publisher\" content=\"https:\/\/www.facebook.com\/harbl.CBD.official\" \/>\n<meta property=\"article:modified_time\" content=\"2025-09-08T15:11:42+00:00\" \/>\n<meta property=\"og:image\" content=\"https:\/\/www.harbl.com\/wp-content\/uploads\/2021\/08\/Relax-sharp-2.jpeg\" \/>\n\t<meta property=\"og:image:width\" content=\"550\" \/>\n\t<meta property=\"og:image:height\" content=\"550\" \/>\n\t<meta property=\"og:image:type\" content=\"image\/jpeg\" \/>\n<meta name=\"twitter:card\" content=\"summary_large_image\" \/>\n<meta name=\"twitter:label1\" content=\"Gesch\u00e4tzte Lesezeit\" \/>\n\t<meta name=\"twitter:data1\" content=\"1\u00a0Minute\" \/>\n<script type=\"application\/ld+json\" class=\"yoast-schema-graph\">{\"@context\":\"https:\/\/schema.org\",\"@graph\":[{\"@type\":\"WebPage\",\"@id\":\"https:\/\/www.harbl.com\/de\/produkt\/harbl-relax\/\",\"url\":\"https:\/\/www.harbl.com\/de\/produkt\/harbl-relax\/\",\"name\":\"CBD \u00d6l Stress \u2013 CBD + CBG mit Lavendel | Harbl\",\"isPartOf\":{\"@id\":\"https:\/\/www.harbl.com\/de\/#website\"},\"datePublished\":\"2021-12-21T07:44:21+00:00\",\"dateModified\":\"2025-09-08T15:11:42+00:00\",\"description\":\"Harbl Relax CBD \u00d6l Stress mit CBD + CBG und Lavendel. Gereinigtes Hanfsamen\u00f6l lindert Stress, Spannungen und f\u00f6rdert Ruhe.\",\"breadcrumb\":{\"@id\":\"https:\/\/www.harbl.com\/de\/produkt\/harbl-relax\/#breadcrumb\"},\"inLanguage\":\"de\",\"potentialAction\":[{\"@type\":\"ReadAction\",\"target\":[\"https:\/\/www.harbl.com\/de\/produkt\/harbl-relax\/\"]}]},{\"@type\":\"BreadcrumbList\",\"@id\":\"https:\/\/www.harbl.com\/de\/produkt\/harbl-relax\/#breadcrumb\",\"itemListElement\":[{\"@type\":\"ListItem\",\"position\":1,\"name\":\"Home\",\"item\":\"https:\/\/www.harbl.com\/de\/\"},{\"@type\":\"ListItem\",\"position\":2,\"name\":\"Products\",\"item\":\"https:\/\/www.harbl.com\/de\/shop\/\"},{\"@type\":\"ListItem\",\"position\":3,\"name\":\"HARBL RELAX\"}]},{\"@type\":\"WebSite\",\"@id\":\"https:\/\/www.harbl.com\/de\/#website\",\"url\":\"https:\/\/www.harbl.com\/de\/\",\"name\":\"www.harbl.com\",\"description\":\"The Swiss Botanic Innovation Company\",\"publisher\":{\"@id\":\"https:\/\/www.harbl.com\/de\/#organization\"},\"potentialAction\":[{\"@type\":\"SearchAction\",\"target\":{\"@type\":\"EntryPoint\",\"urlTemplate\":\"https:\/\/www.harbl.com\/de\/?s={search_term_string}\"},\"query-input\":\"required name=search_term_string\"}],\"inLanguage\":\"de\"},{\"@type\":\"Organization\",\"@id\":\"https:\/\/www.harbl.com\/de\/#organization\",\"name\":\"harbl\",\"url\":\"https:\/\/www.harbl.com\/de\/\",\"logo\":{\"@type\":\"ImageObject\",\"inLanguage\":\"de\",\"@id\":\"https:\/\/www.harbl.com\/de\/#\/schema\/logo\/image\/\",\"url\":\"https:\/\/i0.wp.com\/www.harbl.com\/wp-content\/uploads\/2021\/08\/harbl_logo_invoice.png?fit=392%2C230&ssl=1\",\"contentUrl\":\"https:\/\/i0.wp.com\/www.harbl.com\/wp-content\/uploads\/2021\/08\/harbl_logo_invoice.png?fit=392%2C230&ssl=1\",\"width\":392,\"height\":230,\"caption\":\"harbl\"},\"image\":{\"@id\":\"https:\/\/www.harbl.com\/de\/#\/schema\/logo\/image\/\"},\"sameAs\":[\"https:\/\/www.instagram.com\/harbl_cbd\/\",\"https:\/\/www.linkedin.com\/company\/harbl\/\",\"https:\/\/www.facebook.com\/harbl.CBD.official\"]}]}<\/script>\n<!-- \/ Yoast SEO plugin. -->","yoast_head_json":{"title":"CBD \u00d6l Stress \u2013 CBD + CBG mit Lavendel | Harbl","description":"Harbl Relax CBD \u00d6l Stress mit CBD + CBG und Lavendel. Gereinigtes Hanfsamen\u00f6l lindert Stress, Spannungen und f\u00f6rdert Ruhe.","robots":{"index":"index","follow":"follow","max-snippet":"max-snippet:-1","max-image-preview":"max-image-preview:large","max-video-preview":"max-video-preview:-1"},"canonical":"https:\/\/www.harbl.com\/de\/produkt\/harbl-relax\/","og_locale":"de_DE","og_type":"article","og_title":"CBD \u00d6l Stress \u2013 CBD + CBG mit Lavendel | Harbl","og_description":"Harbl Relax CBD \u00d6l Stress mit CBD + CBG und Lavendel. Gereinigtes Hanfsamen\u00f6l lindert Stress, Spannungen und f\u00f6rdert Ruhe.","og_url":"https:\/\/www.harbl.com\/de\/produkt\/harbl-relax\/","og_site_name":"www.harbl.com","article_publisher":"https:\/\/www.facebook.com\/harbl.CBD.official","article_modified_time":"2025-09-08T15:11:42+00:00","og_image":[{"width":550,"height":550,"url":"https:\/\/www.harbl.com\/wp-content\/uploads\/2021\/08\/Relax-sharp-2.jpeg","type":"image\/jpeg"}],"twitter_card":"summary_large_image","twitter_misc":{"Gesch\u00e4tzte Lesezeit":"1\u00a0Minute"},"schema":{"@context":"https:\/\/schema.org","@graph":[{"@type":"WebPage","@id":"https:\/\/www.harbl.com\/de\/produkt\/harbl-relax\/","url":"https:\/\/www.harbl.com\/de\/produkt\/harbl-relax\/","name":"CBD \u00d6l Stress \u2013 CBD + CBG mit Lavendel | Harbl","isPartOf":{"@id":"https:\/\/www.harbl.com\/de\/#website"},"datePublished":"2021-12-21T07:44:21+00:00","dateModified":"2025-09-08T15:11:42+00:00","description":"Harbl Relax CBD \u00d6l Stress mit CBD + CBG und Lavendel. Gereinigtes Hanfsamen\u00f6l lindert Stress, Spannungen und f\u00f6rdert Ruhe.","breadcrumb":{"@id":"https:\/\/www.harbl.com\/de\/produkt\/harbl-relax\/#breadcrumb"},"inLanguage":"de","potentialAction":[{"@type":"ReadAction","target":["https:\/\/www.harbl.com\/de\/produkt\/harbl-relax\/"]}]},{"@type":"BreadcrumbList","@id":"https:\/\/www.harbl.com\/de\/produkt\/harbl-relax\/#breadcrumb","itemListElement":[{"@type":"ListItem","position":1,"name":"Home","item":"https:\/\/www.harbl.com\/de\/"},{"@type":"ListItem","position":2,"name":"Products","item":"https:\/\/www.harbl.com\/de\/shop\/"},{"@type":"ListItem","position":3,"name":"HARBL RELAX"}]},{"@type":"WebSite","@id":"https:\/\/www.harbl.com\/de\/#website","url":"https:\/\/www.harbl.com\/de\/","name":"www.harbl.com","description":"The Swiss Botanic Innovation Company","publisher":{"@id":"https:\/\/www.harbl.com\/de\/#organization"},"potentialAction":[{"@type":"SearchAction","target":{"@type":"EntryPoint","urlTemplate":"https:\/\/www.harbl.com\/de\/?s={search_term_string}"},"query-input":"required name=search_term_string"}],"inLanguage":"de"},{"@type":"Organization","@id":"https:\/\/www.harbl.com\/de\/#organization","name":"harbl","url":"https:\/\/www.harbl.com\/de\/","logo":{"@type":"ImageObject","inLanguage":"de","@id":"https:\/\/www.harbl.com\/de\/#\/schema\/logo\/image\/","url":"https:\/\/i0.wp.com\/www.harbl.com\/wp-content\/uploads\/2021\/08\/harbl_logo_invoice.png?fit=392%2C230&ssl=1","contentUrl":"https:\/\/i0.wp.com\/www.harbl.com\/wp-content\/uploads\/2021\/08\/harbl_logo_invoice.png?fit=392%2C230&ssl=1","width":392,"height":230,"caption":"harbl"},"image":{"@id":"https:\/\/www.harbl.com\/de\/#\/schema\/logo\/image\/"},"sameAs":["https:\/\/www.instagram.com\/harbl_cbd\/","https:\/\/www.linkedin.com\/company\/harbl\/","https:\/\/www.facebook.com\/harbl.CBD.official"]}]}},"_links":{"self":[{"href":"https:\/\/www.harbl.com\/de\/wp-json\/wp\/v2\/product\/8432","targetHints":{"allow":["GET"]}}],"collection":[{"href":"https:\/\/www.harbl.com\/de\/wp-json\/wp\/v2\/product"}],"about":[{"href":"https:\/\/www.harbl.com\/de\/wp-json\/wp\/v2\/types\/product"}],"replies":[{"embeddable":true,"href":"https:\/\/www.harbl.com\/de\/wp-json\/wp\/v2\/comments?post=8432"}],"wp:featuredmedia":[{"embeddable":true,"href":"https:\/\/www.harbl.com\/de\/wp-json\/wp\/v2\/media\/7629"}],"wp:attachment":[{"href":"https:\/\/www.harbl.com\/de\/wp-json\/wp\/v2\/media?parent=8432"}],"wp:term":[{"taxonomy":"product_cat","embeddable":true,"href":"https:\/\/www.harbl.com\/de\/wp-json\/wp\/v2\/product_cat?post=8432"},{"taxonomy":"product_tag","embeddable":true,"href":"https:\/\/www.harbl.com\/de\/wp-json\/wp\/v2\/product_tag?post=8432"}],"curies":[{"name":"wp","href":"https:\/\/api.w.org\/{rel}","templated":true}]}}