{"id":8430,"date":"2021-12-20T09:00:14","date_gmt":"2021-12-20T08:00:14","guid":{"rendered":"https:\/\/www.harbl.com\/product\/harbl-focus\/"},"modified":"2025-09-08T17:29:27","modified_gmt":"2025-09-08T15:29:27","slug":"harbl-focus","status":"publish","type":"product","link":"https:\/\/www.harbl.com\/de\/produkt\/harbl-focus\/","title":{"rendered":"HARBL FOCUS"},"content":{"rendered":"<p>Harbl Focus CBD \u00d6l Konzentration kombiniert CBD, CBG und Kiefern\u00f6l, um Klarheit und Fokus zu f\u00f6rdern. Ideal f\u00fcr Berufst\u00e4tige oder Studierende unterst\u00fctzt es Leistung ohne \u00dcberstimulation. CBG verst\u00e4rkt die Wirkung von CBD, w\u00e4hrend Kiefer geistige Frische bringt. Die Basis bildet bio-zertifiziertes Hanfsamen\u00f6l, das gereinigt wurde, um Kr\u00e4utergeschmack und R\u00fcckst\u00e4nde zu entfernen. Unabh\u00e4ngig gepr\u00fcft, ist Harbl Focus ein zuverl\u00e4ssiger Begleiter f\u00fcr geistige Leistungsf\u00e4higkeit.<\/p>\n","protected":false},"excerpt":{"rendered":"<p>Harbl Focus CBD \u00d6l Konzentration mit CBD + CBG und Kiefer. Gereinigt von Kr\u00e4utergeschmack und R\u00fcckst\u00e4nden, mit bio-zertifiziertem Hanfsamen\u00f6l f\u00fcr Klarheit und Balance.<\/p>\n","protected":false},"featured_media":7621,"comment_status":"open","ping_status":"closed","template":"","meta":{"inline_featured_image":false,"spay_email":""},"product_cat":[195,196],"product_tag":[197,198,216,217],"class_list":["post-8430","product","type-product","status-publish","has-post-thumbnail","hentry","product_cat-harbl-effect-de","product_cat-slider-de","product_tag-bio-refined-hemp-oil-de","product_tag-cbd-de","product_tag-cbg-de","product_tag-scots-pine-essential-oil-de"],"yoast_head":"<!-- This site is optimized with the Yoast SEO plugin v19.13 - https:\/\/yoast.com\/wordpress\/plugins\/seo\/ -->\n<title>CBD \u00d6l Konzentration &amp; Klarheit \u2013 CBD + CBG mit Kiefer | Harbl<\/title>\n<meta name=\"description\" content=\"Harbl Focus CBD \u00d6l Konzentration mit CBD + CBG und Kiefer. Gereinigtes Hanfsamen\u00f6l f\u00fcr Klarheit, Fokus und innere Balance.\" \/>\n<meta name=\"robots\" content=\"index, follow, max-snippet:-1, max-image-preview:large, max-video-preview:-1\" \/>\n<link rel=\"canonical\" href=\"https:\/\/www.harbl.com\/de\/produkt\/harbl-focus\/\" \/>\n<meta property=\"og:locale\" content=\"de_DE\" \/>\n<meta property=\"og:type\" content=\"article\" \/>\n<meta property=\"og:title\" content=\"CBD \u00d6l Konzentration &amp; Klarheit \u2013 CBD + CBG mit Kiefer | Harbl\" \/>\n<meta property=\"og:description\" content=\"Harbl Focus CBD \u00d6l Konzentration mit CBD + CBG und Kiefer. Gereinigtes Hanfsamen\u00f6l f\u00fcr Klarheit, Fokus und innere Balance.\" \/>\n<meta property=\"og:url\" content=\"https:\/\/www.harbl.com\/de\/produkt\/harbl-focus\/\" \/>\n<meta property=\"og:site_name\" content=\"www.harbl.com\" \/>\n<meta property=\"article:publisher\" content=\"https:\/\/www.facebook.com\/harbl.CBD.official\" \/>\n<meta property=\"article:modified_time\" content=\"2025-09-08T15:29:27+00:00\" \/>\n<meta property=\"og:image\" content=\"https:\/\/www.harbl.com\/wp-content\/uploads\/2021\/08\/focus-sharp-2.png\" \/>\n\t<meta property=\"og:image:width\" content=\"550\" \/>\n\t<meta property=\"og:image:height\" content=\"550\" \/>\n\t<meta property=\"og:image:type\" content=\"image\/png\" \/>\n<meta name=\"twitter:card\" content=\"summary_large_image\" \/>\n<script type=\"application\/ld+json\" class=\"yoast-schema-graph\">{\"@context\":\"https:\/\/schema.org\",\"@graph\":[{\"@type\":\"WebPage\",\"@id\":\"https:\/\/www.harbl.com\/de\/produkt\/harbl-focus\/\",\"url\":\"https:\/\/www.harbl.com\/de\/produkt\/harbl-focus\/\",\"name\":\"CBD \u00d6l Konzentration & Klarheit \u2013 CBD + CBG mit Kiefer | Harbl\",\"isPartOf\":{\"@id\":\"https:\/\/www.harbl.com\/de\/#website\"},\"datePublished\":\"2021-12-20T08:00:14+00:00\",\"dateModified\":\"2025-09-08T15:29:27+00:00\",\"description\":\"Harbl Focus CBD \u00d6l Konzentration mit CBD + CBG und Kiefer. Gereinigtes Hanfsamen\u00f6l f\u00fcr Klarheit, Fokus und innere Balance.\",\"breadcrumb\":{\"@id\":\"https:\/\/www.harbl.com\/de\/produkt\/harbl-focus\/#breadcrumb\"},\"inLanguage\":\"de\",\"potentialAction\":[{\"@type\":\"ReadAction\",\"target\":[\"https:\/\/www.harbl.com\/de\/produkt\/harbl-focus\/\"]}]},{\"@type\":\"BreadcrumbList\",\"@id\":\"https:\/\/www.harbl.com\/de\/produkt\/harbl-focus\/#breadcrumb\",\"itemListElement\":[{\"@type\":\"ListItem\",\"position\":1,\"name\":\"Home\",\"item\":\"https:\/\/www.harbl.com\/de\/\"},{\"@type\":\"ListItem\",\"position\":2,\"name\":\"Products\",\"item\":\"https:\/\/www.harbl.com\/de\/shop\/\"},{\"@type\":\"ListItem\",\"position\":3,\"name\":\"HARBL FOCUS\"}]},{\"@type\":\"WebSite\",\"@id\":\"https:\/\/www.harbl.com\/de\/#website\",\"url\":\"https:\/\/www.harbl.com\/de\/\",\"name\":\"www.harbl.com\",\"description\":\"The Swiss Botanic Innovation Company\",\"publisher\":{\"@id\":\"https:\/\/www.harbl.com\/de\/#organization\"},\"potentialAction\":[{\"@type\":\"SearchAction\",\"target\":{\"@type\":\"EntryPoint\",\"urlTemplate\":\"https:\/\/www.harbl.com\/de\/?s={search_term_string}\"},\"query-input\":\"required name=search_term_string\"}],\"inLanguage\":\"de\"},{\"@type\":\"Organization\",\"@id\":\"https:\/\/www.harbl.com\/de\/#organization\",\"name\":\"harbl\",\"url\":\"https:\/\/www.harbl.com\/de\/\",\"logo\":{\"@type\":\"ImageObject\",\"inLanguage\":\"de\",\"@id\":\"https:\/\/www.harbl.com\/de\/#\/schema\/logo\/image\/\",\"url\":\"https:\/\/i0.wp.com\/www.harbl.com\/wp-content\/uploads\/2021\/08\/harbl_logo_invoice.png?fit=392%2C230&ssl=1\",\"contentUrl\":\"https:\/\/i0.wp.com\/www.harbl.com\/wp-content\/uploads\/2021\/08\/harbl_logo_invoice.png?fit=392%2C230&ssl=1\",\"width\":392,\"height\":230,\"caption\":\"harbl\"},\"image\":{\"@id\":\"https:\/\/www.harbl.com\/de\/#\/schema\/logo\/image\/\"},\"sameAs\":[\"https:\/\/www.instagram.com\/harbl_cbd\/\",\"https:\/\/www.linkedin.com\/company\/harbl\/\",\"https:\/\/www.facebook.com\/harbl.CBD.official\"]}]}<\/script>\n<!-- \/ Yoast SEO plugin. -->","yoast_head_json":{"title":"CBD \u00d6l Konzentration & Klarheit \u2013 CBD + CBG mit Kiefer | Harbl","description":"Harbl Focus CBD \u00d6l Konzentration mit CBD + CBG und Kiefer. Gereinigtes Hanfsamen\u00f6l f\u00fcr Klarheit, Fokus und innere Balance.","robots":{"index":"index","follow":"follow","max-snippet":"max-snippet:-1","max-image-preview":"max-image-preview:large","max-video-preview":"max-video-preview:-1"},"canonical":"https:\/\/www.harbl.com\/de\/produkt\/harbl-focus\/","og_locale":"de_DE","og_type":"article","og_title":"CBD \u00d6l Konzentration & Klarheit \u2013 CBD + CBG mit Kiefer | Harbl","og_description":"Harbl Focus CBD \u00d6l Konzentration mit CBD + CBG und Kiefer. Gereinigtes Hanfsamen\u00f6l f\u00fcr Klarheit, Fokus und innere Balance.","og_url":"https:\/\/www.harbl.com\/de\/produkt\/harbl-focus\/","og_site_name":"www.harbl.com","article_publisher":"https:\/\/www.facebook.com\/harbl.CBD.official","article_modified_time":"2025-09-08T15:29:27+00:00","og_image":[{"width":550,"height":550,"url":"https:\/\/www.harbl.com\/wp-content\/uploads\/2021\/08\/focus-sharp-2.png","type":"image\/png"}],"twitter_card":"summary_large_image","schema":{"@context":"https:\/\/schema.org","@graph":[{"@type":"WebPage","@id":"https:\/\/www.harbl.com\/de\/produkt\/harbl-focus\/","url":"https:\/\/www.harbl.com\/de\/produkt\/harbl-focus\/","name":"CBD \u00d6l Konzentration & Klarheit \u2013 CBD + CBG mit Kiefer | Harbl","isPartOf":{"@id":"https:\/\/www.harbl.com\/de\/#website"},"datePublished":"2021-12-20T08:00:14+00:00","dateModified":"2025-09-08T15:29:27+00:00","description":"Harbl Focus CBD \u00d6l Konzentration mit CBD + CBG und Kiefer. Gereinigtes Hanfsamen\u00f6l f\u00fcr Klarheit, Fokus und innere Balance.","breadcrumb":{"@id":"https:\/\/www.harbl.com\/de\/produkt\/harbl-focus\/#breadcrumb"},"inLanguage":"de","potentialAction":[{"@type":"ReadAction","target":["https:\/\/www.harbl.com\/de\/produkt\/harbl-focus\/"]}]},{"@type":"BreadcrumbList","@id":"https:\/\/www.harbl.com\/de\/produkt\/harbl-focus\/#breadcrumb","itemListElement":[{"@type":"ListItem","position":1,"name":"Home","item":"https:\/\/www.harbl.com\/de\/"},{"@type":"ListItem","position":2,"name":"Products","item":"https:\/\/www.harbl.com\/de\/shop\/"},{"@type":"ListItem","position":3,"name":"HARBL FOCUS"}]},{"@type":"WebSite","@id":"https:\/\/www.harbl.com\/de\/#website","url":"https:\/\/www.harbl.com\/de\/","name":"www.harbl.com","description":"The Swiss Botanic Innovation Company","publisher":{"@id":"https:\/\/www.harbl.com\/de\/#organization"},"potentialAction":[{"@type":"SearchAction","target":{"@type":"EntryPoint","urlTemplate":"https:\/\/www.harbl.com\/de\/?s={search_term_string}"},"query-input":"required name=search_term_string"}],"inLanguage":"de"},{"@type":"Organization","@id":"https:\/\/www.harbl.com\/de\/#organization","name":"harbl","url":"https:\/\/www.harbl.com\/de\/","logo":{"@type":"ImageObject","inLanguage":"de","@id":"https:\/\/www.harbl.com\/de\/#\/schema\/logo\/image\/","url":"https:\/\/i0.wp.com\/www.harbl.com\/wp-content\/uploads\/2021\/08\/harbl_logo_invoice.png?fit=392%2C230&ssl=1","contentUrl":"https:\/\/i0.wp.com\/www.harbl.com\/wp-content\/uploads\/2021\/08\/harbl_logo_invoice.png?fit=392%2C230&ssl=1","width":392,"height":230,"caption":"harbl"},"image":{"@id":"https:\/\/www.harbl.com\/de\/#\/schema\/logo\/image\/"},"sameAs":["https:\/\/www.instagram.com\/harbl_cbd\/","https:\/\/www.linkedin.com\/company\/harbl\/","https:\/\/www.facebook.com\/harbl.CBD.official"]}]}},"_links":{"self":[{"href":"https:\/\/www.harbl.com\/de\/wp-json\/wp\/v2\/product\/8430","targetHints":{"allow":["GET"]}}],"collection":[{"href":"https:\/\/www.harbl.com\/de\/wp-json\/wp\/v2\/product"}],"about":[{"href":"https:\/\/www.harbl.com\/de\/wp-json\/wp\/v2\/types\/product"}],"replies":[{"embeddable":true,"href":"https:\/\/www.harbl.com\/de\/wp-json\/wp\/v2\/comments?post=8430"}],"wp:featuredmedia":[{"embeddable":true,"href":"https:\/\/www.harbl.com\/de\/wp-json\/wp\/v2\/media\/7621"}],"wp:attachment":[{"href":"https:\/\/www.harbl.com\/de\/wp-json\/wp\/v2\/media?parent=8430"}],"wp:term":[{"taxonomy":"product_cat","embeddable":true,"href":"https:\/\/www.harbl.com\/de\/wp-json\/wp\/v2\/product_cat?post=8430"},{"taxonomy":"product_tag","embeddable":true,"href":"https:\/\/www.harbl.com\/de\/wp-json\/wp\/v2\/product_tag?post=8430"}],"curies":[{"name":"wp","href":"https:\/\/api.w.org\/{rel}","templated":true}]}}