{"id":8418,"date":"2021-12-19T08:33:07","date_gmt":"2021-12-19T07:33:07","guid":{"rendered":"https:\/\/www.harbl.com\/product\/harbl-dream\/"},"modified":"2025-09-08T17:32:58","modified_gmt":"2025-09-08T15:32:58","slug":"harbl-dream","status":"publish","type":"product","link":"https:\/\/www.harbl.com\/de\/produkt\/harbl-dream\/","title":{"rendered":"HARBL DREAM"},"content":{"rendered":"<p>Harbl Dream CBD \u00d6l Schlaf kombiniert CBD, CBN und Majoran-\u00d6l zu einer beruhigenden Nachtformel. Ideal f\u00fcr Menschen mit Schlaflosigkeit, Unruhe oder Angst f\u00f6rdert es erholsamen Schlaf. CBN wirkt als nat\u00fcrliches Sedativum, w\u00e4hrend Majoran das emotionale Gleichgewicht unterst\u00fctzt. Mit bio-zertifiziertem Hanfsamen\u00f6l hergestellt und gereinigt, um Kr\u00e4utergeschmack und Pflanzenr\u00fcckst\u00e4nde zu entfernen, bietet es ein sanftes Erlebnis. Unabh\u00e4ngig gepr\u00fcft, ist Harbl Dream die nat\u00fcrliche Alternative zu Schlafmitteln.<\/p>\n","protected":false},"excerpt":{"rendered":"<p>Harbl Dream CBD \u00d6l Schlaf mit CBD + CBN und Majoran. Gereinigt von Kr\u00e4utergeschmack und Pflanzenr\u00fcckst\u00e4nden, mit bio-zertifiziertem Hanfsamen\u00f6l f\u00fcr erholsame N\u00e4chte.<\/p>\n","protected":false},"featured_media":7631,"comment_status":"open","ping_status":"closed","template":"","meta":{"inline_featured_image":false,"spay_email":""},"product_cat":[195,196],"product_tag":[197,198,199,200,201],"class_list":["post-8418","product","type-product","status-publish","has-post-thumbnail","hentry","product_cat-harbl-effect-de","product_cat-slider-de","product_tag-bio-refined-hemp-oil-de","product_tag-cbd-de","product_tag-cbd-cbn-de","product_tag-cbn-de","product_tag-marjoram-shells-essential-oil-de"],"yoast_head":"<!-- This site is optimized with the Yoast SEO plugin v19.13 - https:\/\/yoast.com\/wordpress\/plugins\/seo\/ -->\n<title>CBD \u00d6l Schlaf &amp; Angst \u2013 CBD + CBN mit Majoran | Harbl<\/title>\n<meta name=\"description\" content=\"Harbl Dream CBD \u00d6l Schlaf mit CBD + CBN und Majoran. Bio-zertifiziertes, gereinigtes Hanfsamen\u00f6l lindert Angst und f\u00f6rdert erholsamen Schlaf.\" \/>\n<meta name=\"robots\" content=\"index, follow, max-snippet:-1, max-image-preview:large, max-video-preview:-1\" \/>\n<link rel=\"canonical\" href=\"https:\/\/www.harbl.com\/de\/produkt\/harbl-dream\/\" \/>\n<meta property=\"og:locale\" content=\"de_DE\" \/>\n<meta property=\"og:type\" content=\"article\" \/>\n<meta property=\"og:title\" content=\"CBD \u00d6l Schlaf &amp; Angst \u2013 CBD + CBN mit Majoran | Harbl\" \/>\n<meta property=\"og:description\" content=\"Harbl Dream CBD \u00d6l Schlaf mit CBD + CBN und Majoran. Bio-zertifiziertes, gereinigtes Hanfsamen\u00f6l lindert Angst und f\u00f6rdert erholsamen Schlaf.\" \/>\n<meta property=\"og:url\" content=\"https:\/\/www.harbl.com\/de\/produkt\/harbl-dream\/\" \/>\n<meta property=\"og:site_name\" content=\"www.harbl.com\" \/>\n<meta property=\"article:publisher\" content=\"https:\/\/www.facebook.com\/harbl.CBD.official\" \/>\n<meta property=\"article:modified_time\" content=\"2025-09-08T15:32:58+00:00\" \/>\n<meta property=\"og:image\" content=\"https:\/\/www.harbl.com\/wp-content\/uploads\/2021\/08\/dream-sharp-2.jpeg\" \/>\n\t<meta property=\"og:image:width\" content=\"550\" \/>\n\t<meta property=\"og:image:height\" content=\"550\" \/>\n\t<meta property=\"og:image:type\" content=\"image\/jpeg\" \/>\n<meta name=\"twitter:card\" content=\"summary_large_image\" \/>\n<meta name=\"twitter:label1\" content=\"Gesch\u00e4tzte Lesezeit\" \/>\n\t<meta name=\"twitter:data1\" content=\"1\u00a0Minute\" \/>\n<script type=\"application\/ld+json\" class=\"yoast-schema-graph\">{\"@context\":\"https:\/\/schema.org\",\"@graph\":[{\"@type\":\"WebPage\",\"@id\":\"https:\/\/www.harbl.com\/de\/produkt\/harbl-dream\/\",\"url\":\"https:\/\/www.harbl.com\/de\/produkt\/harbl-dream\/\",\"name\":\"CBD \u00d6l Schlaf & Angst \u2013 CBD + CBN mit Majoran | Harbl\",\"isPartOf\":{\"@id\":\"https:\/\/www.harbl.com\/de\/#website\"},\"datePublished\":\"2021-12-19T07:33:07+00:00\",\"dateModified\":\"2025-09-08T15:32:58+00:00\",\"description\":\"Harbl Dream CBD \u00d6l Schlaf mit CBD + CBN und Majoran. Bio-zertifiziertes, gereinigtes Hanfsamen\u00f6l lindert Angst und f\u00f6rdert erholsamen Schlaf.\",\"breadcrumb\":{\"@id\":\"https:\/\/www.harbl.com\/de\/produkt\/harbl-dream\/#breadcrumb\"},\"inLanguage\":\"de\",\"potentialAction\":[{\"@type\":\"ReadAction\",\"target\":[\"https:\/\/www.harbl.com\/de\/produkt\/harbl-dream\/\"]}]},{\"@type\":\"BreadcrumbList\",\"@id\":\"https:\/\/www.harbl.com\/de\/produkt\/harbl-dream\/#breadcrumb\",\"itemListElement\":[{\"@type\":\"ListItem\",\"position\":1,\"name\":\"Home\",\"item\":\"https:\/\/www.harbl.com\/de\/\"},{\"@type\":\"ListItem\",\"position\":2,\"name\":\"Products\",\"item\":\"https:\/\/www.harbl.com\/de\/shop\/\"},{\"@type\":\"ListItem\",\"position\":3,\"name\":\"HARBL DREAM\"}]},{\"@type\":\"WebSite\",\"@id\":\"https:\/\/www.harbl.com\/de\/#website\",\"url\":\"https:\/\/www.harbl.com\/de\/\",\"name\":\"www.harbl.com\",\"description\":\"The Swiss Botanic Innovation Company\",\"publisher\":{\"@id\":\"https:\/\/www.harbl.com\/de\/#organization\"},\"potentialAction\":[{\"@type\":\"SearchAction\",\"target\":{\"@type\":\"EntryPoint\",\"urlTemplate\":\"https:\/\/www.harbl.com\/de\/?s={search_term_string}\"},\"query-input\":\"required name=search_term_string\"}],\"inLanguage\":\"de\"},{\"@type\":\"Organization\",\"@id\":\"https:\/\/www.harbl.com\/de\/#organization\",\"name\":\"harbl\",\"url\":\"https:\/\/www.harbl.com\/de\/\",\"logo\":{\"@type\":\"ImageObject\",\"inLanguage\":\"de\",\"@id\":\"https:\/\/www.harbl.com\/de\/#\/schema\/logo\/image\/\",\"url\":\"https:\/\/i0.wp.com\/www.harbl.com\/wp-content\/uploads\/2021\/08\/harbl_logo_invoice.png?fit=392%2C230&ssl=1\",\"contentUrl\":\"https:\/\/i0.wp.com\/www.harbl.com\/wp-content\/uploads\/2021\/08\/harbl_logo_invoice.png?fit=392%2C230&ssl=1\",\"width\":392,\"height\":230,\"caption\":\"harbl\"},\"image\":{\"@id\":\"https:\/\/www.harbl.com\/de\/#\/schema\/logo\/image\/\"},\"sameAs\":[\"https:\/\/www.instagram.com\/harbl_cbd\/\",\"https:\/\/www.linkedin.com\/company\/harbl\/\",\"https:\/\/www.facebook.com\/harbl.CBD.official\"]}]}<\/script>\n<!-- \/ Yoast SEO plugin. -->","yoast_head_json":{"title":"CBD \u00d6l Schlaf & Angst \u2013 CBD + CBN mit Majoran | Harbl","description":"Harbl Dream CBD \u00d6l Schlaf mit CBD + CBN und Majoran. Bio-zertifiziertes, gereinigtes Hanfsamen\u00f6l lindert Angst und f\u00f6rdert erholsamen Schlaf.","robots":{"index":"index","follow":"follow","max-snippet":"max-snippet:-1","max-image-preview":"max-image-preview:large","max-video-preview":"max-video-preview:-1"},"canonical":"https:\/\/www.harbl.com\/de\/produkt\/harbl-dream\/","og_locale":"de_DE","og_type":"article","og_title":"CBD \u00d6l Schlaf & Angst \u2013 CBD + CBN mit Majoran | Harbl","og_description":"Harbl Dream CBD \u00d6l Schlaf mit CBD + CBN und Majoran. Bio-zertifiziertes, gereinigtes Hanfsamen\u00f6l lindert Angst und f\u00f6rdert erholsamen Schlaf.","og_url":"https:\/\/www.harbl.com\/de\/produkt\/harbl-dream\/","og_site_name":"www.harbl.com","article_publisher":"https:\/\/www.facebook.com\/harbl.CBD.official","article_modified_time":"2025-09-08T15:32:58+00:00","og_image":[{"width":550,"height":550,"url":"https:\/\/www.harbl.com\/wp-content\/uploads\/2021\/08\/dream-sharp-2.jpeg","type":"image\/jpeg"}],"twitter_card":"summary_large_image","twitter_misc":{"Gesch\u00e4tzte Lesezeit":"1\u00a0Minute"},"schema":{"@context":"https:\/\/schema.org","@graph":[{"@type":"WebPage","@id":"https:\/\/www.harbl.com\/de\/produkt\/harbl-dream\/","url":"https:\/\/www.harbl.com\/de\/produkt\/harbl-dream\/","name":"CBD \u00d6l Schlaf & Angst \u2013 CBD + CBN mit Majoran | Harbl","isPartOf":{"@id":"https:\/\/www.harbl.com\/de\/#website"},"datePublished":"2021-12-19T07:33:07+00:00","dateModified":"2025-09-08T15:32:58+00:00","description":"Harbl Dream CBD \u00d6l Schlaf mit CBD + CBN und Majoran. Bio-zertifiziertes, gereinigtes Hanfsamen\u00f6l lindert Angst und f\u00f6rdert erholsamen Schlaf.","breadcrumb":{"@id":"https:\/\/www.harbl.com\/de\/produkt\/harbl-dream\/#breadcrumb"},"inLanguage":"de","potentialAction":[{"@type":"ReadAction","target":["https:\/\/www.harbl.com\/de\/produkt\/harbl-dream\/"]}]},{"@type":"BreadcrumbList","@id":"https:\/\/www.harbl.com\/de\/produkt\/harbl-dream\/#breadcrumb","itemListElement":[{"@type":"ListItem","position":1,"name":"Home","item":"https:\/\/www.harbl.com\/de\/"},{"@type":"ListItem","position":2,"name":"Products","item":"https:\/\/www.harbl.com\/de\/shop\/"},{"@type":"ListItem","position":3,"name":"HARBL DREAM"}]},{"@type":"WebSite","@id":"https:\/\/www.harbl.com\/de\/#website","url":"https:\/\/www.harbl.com\/de\/","name":"www.harbl.com","description":"The Swiss Botanic Innovation Company","publisher":{"@id":"https:\/\/www.harbl.com\/de\/#organization"},"potentialAction":[{"@type":"SearchAction","target":{"@type":"EntryPoint","urlTemplate":"https:\/\/www.harbl.com\/de\/?s={search_term_string}"},"query-input":"required name=search_term_string"}],"inLanguage":"de"},{"@type":"Organization","@id":"https:\/\/www.harbl.com\/de\/#organization","name":"harbl","url":"https:\/\/www.harbl.com\/de\/","logo":{"@type":"ImageObject","inLanguage":"de","@id":"https:\/\/www.harbl.com\/de\/#\/schema\/logo\/image\/","url":"https:\/\/i0.wp.com\/www.harbl.com\/wp-content\/uploads\/2021\/08\/harbl_logo_invoice.png?fit=392%2C230&ssl=1","contentUrl":"https:\/\/i0.wp.com\/www.harbl.com\/wp-content\/uploads\/2021\/08\/harbl_logo_invoice.png?fit=392%2C230&ssl=1","width":392,"height":230,"caption":"harbl"},"image":{"@id":"https:\/\/www.harbl.com\/de\/#\/schema\/logo\/image\/"},"sameAs":["https:\/\/www.instagram.com\/harbl_cbd\/","https:\/\/www.linkedin.com\/company\/harbl\/","https:\/\/www.facebook.com\/harbl.CBD.official"]}]}},"_links":{"self":[{"href":"https:\/\/www.harbl.com\/de\/wp-json\/wp\/v2\/product\/8418","targetHints":{"allow":["GET"]}}],"collection":[{"href":"https:\/\/www.harbl.com\/de\/wp-json\/wp\/v2\/product"}],"about":[{"href":"https:\/\/www.harbl.com\/de\/wp-json\/wp\/v2\/types\/product"}],"replies":[{"embeddable":true,"href":"https:\/\/www.harbl.com\/de\/wp-json\/wp\/v2\/comments?post=8418"}],"wp:featuredmedia":[{"embeddable":true,"href":"https:\/\/www.harbl.com\/de\/wp-json\/wp\/v2\/media\/7631"}],"wp:attachment":[{"href":"https:\/\/www.harbl.com\/de\/wp-json\/wp\/v2\/media?parent=8418"}],"wp:term":[{"taxonomy":"product_cat","embeddable":true,"href":"https:\/\/www.harbl.com\/de\/wp-json\/wp\/v2\/product_cat?post=8418"},{"taxonomy":"product_tag","embeddable":true,"href":"https:\/\/www.harbl.com\/de\/wp-json\/wp\/v2\/product_tag?post=8418"}],"curies":[{"name":"wp","href":"https:\/\/api.w.org\/{rel}","templated":true}]}}