{"id":8561,"date":"2019-07-18T14:08:16","date_gmt":"2019-07-18T14:08:16","guid":{"rendered":"https:\/\/www.harbl.com\/faq-page\/"},"modified":"2021-11-03T19:37:58","modified_gmt":"2021-11-03T18:37:58","slug":"faq-page","status":"publish","type":"page","link":"https:\/\/www.harbl.com\/de\/faq-page\/","title":{"rendered":"H\u00e4ufig gestellte Fragen"},"content":{"rendered":"<p>[vc_row content_text_aligment=&#8221;center&#8221; css=&#8221;.vc_custom_1565786163767{padding-top: 134px !important;}&#8221;][vc_column]<div class=\"qodef-section-title-holder  \" style=\"text-align: center\">\n\t<div class=\"qodef-st-inner\">\n\t\t\t\t\t<h1 class=\"qodef-st-title\" >\n\t\t\t\tH\u00e4ufig gestellte Fragen\t\t\t<\/h1>\n\t\t\t\t\t\t\t<\/div>\n<\/div>[vc_empty_space height=&#8221;50px&#8221;][\/vc_column][\/vc_row][vc_row row_content_width=&#8221;grid&#8221; css=&#8221;.vc_custom_1566298930855{padding-top: 20px !important;padding-bottom: 122px !important;}&#8221;][vc_column offset=&#8221;vc_col-lg-3 vc_col-md-12&#8243;][vc_widget_sidebar sidebar_id=&#8221;custom-inner-sidebar&#8221;][\/vc_column][vc_column offset=&#8221;vc_col-lg-9 vc_col-md-12&#8243;]<div class=\"qodef-elements-holder   qodef-one-column  qodef-responsive-mode-768 \" ><div class=\"qodef-eh-item    \"  data-item-class=\"qodef-eh-custom-7976\" data-1400-1600=\"0 0 0 3%\" data-1025-1399=\"0 0 0 5%\" data-769-1024=\"30px 0 0 0\" data-681-768=\"30px 0 0 0\" data-680=\"30px 0 0 0\">\n\t<div class=\"qodef-eh-item-inner\">\n\t\t<div class=\"qodef-eh-item-content qodef-eh-custom-7976\" style=\"padding: 0 0 0 5%\">\n\t\t\t<div class=\"qodef-accordion-holder qodef-ac-default  qodef-accordion qodef-ac-simple  clearfix\">\n\t<h2 class=\"qodef-accordion-title\">\n    <span class=\"qodef-accordion-mark\">\n\t\t<span class=\"qodef_icon_plus icon_plus\"><\/span>\n\t\t<span class=\"qodef_icon_minus icon_minus-06\"><\/span>\n\t<\/span>\n\t<span class=\"qodef-tab-title\">Warum CBD-\u00d6l unter die Zunge legen?<\/span>\n<\/h2>\n<div class=\"qodef-accordion-content\">\n\t<div class=\"qodef-accordion-content-inner\">\n\t\t[vc_column_text]Der Verdauungsprozess ist langwierig und kann bis zu Stunden dauern. Wenn Sie das \u00d6l unter Ihrer Zunge lassen, umgehen Sie es, indem Sie das \u00d6l \u00fcber die sublinguale Membran direkt in Ihren Blutkreislauf aufnehmen. Anschlie\u00dfend wird es sofort zu Ihren Taschent\u00fcchern transportiert. Mit anderen Worten: es ist eine Abk\u00fcrzung zur Verdauung[\/vc_column_text]\t<\/div>\n<\/div><h2 class=\"qodef-accordion-title\">\n    <span class=\"qodef-accordion-mark\">\n\t\t<span class=\"qodef_icon_plus icon_plus\"><\/span>\n\t\t<span class=\"qodef_icon_minus icon_minus-06\"><\/span>\n\t<\/span>\n\t<span class=\"qodef-tab-title\">Wie lange dauert es, bis die CBD-Entlastungseffekte zu sp\u00fcren sind?<\/span>\n<\/h2>\n<div class=\"qodef-accordion-content\">\n\t<div class=\"qodef-accordion-content-inner\">\n\t\t[vc_column_text]Bei entsprechender Dosierung und je nach Schwere Ihrer Schmerzen oder Unruhe kann es zwischen 15 und 45 Minuten dauern.[\/vc_column_text]\t<\/div>\n<\/div><h2 class=\"qodef-accordion-title\">\n    <span class=\"qodef-accordion-mark\">\n\t\t<span class=\"qodef_icon_plus icon_plus\"><\/span>\n\t\t<span class=\"qodef_icon_minus icon_minus-06\"><\/span>\n\t<\/span>\n\t<span class=\"qodef-tab-title\">Ist die t\u00e4gliche Anwendung sicher?<\/span>\n<\/h2>\n<div class=\"qodef-accordion-content\">\n\t<div class=\"qodef-accordion-content-inner\">\n\t\t[vc_column_text]CBD ist nicht s\u00fcchtig machend und nicht berauschend. Dar\u00fcber hinaus kann es Ihnen bei der t\u00e4glichen Anwendung helfen, die Beschwerden des modernen Lebens wie Angst, Stress oder Schlaflosigkeit zu \u00fcberwinden.[\/vc_column_text]\t<\/div>\n<\/div><h2 class=\"qodef-accordion-title\">\n    <span class=\"qodef-accordion-mark\">\n\t\t<span class=\"qodef_icon_plus icon_plus\"><\/span>\n\t\t<span class=\"qodef_icon_minus icon_minus-06\"><\/span>\n\t<\/span>\n\t<span class=\"qodef-tab-title\">Wie viele Tropfen soll ich nehmen?<\/span>\n<\/h2>\n<div class=\"qodef-accordion-content\">\n\t<div class=\"qodef-accordion-content-inner\">\n\t\t[vc_column_text]Unsere k\u00f6rperliche und geistige Gesundheit variiert von einem zum anderen. Wir empfehlen, mit der auf der Packung angegebenen Dosierung zu beginnen. Reagieren Sie danach auf die Reaktion Ihres K\u00f6rpers, um sich gegebenenfalls anzupassen.[\/vc_column_text]\t<\/div>\n<\/div><h2 class=\"qodef-accordion-title\">\n    <span class=\"qodef-accordion-mark\">\n\t\t<span class=\"qodef_icon_plus icon_plus\"><\/span>\n\t\t<span class=\"qodef_icon_minus icon_minus-06\"><\/span>\n\t<\/span>\n\t<span class=\"qodef-tab-title\">Werde ich nach der Einnahme von CBD-\u00d6l \u201ehigh\u201c sein?<\/span>\n<\/h2>\n<div class=\"qodef-accordion-content\">\n\t<div class=\"qodef-accordion-content-inner\">\n\t\t[vc_column_text]Studien haben gezeigt, dass CBD das Autofahren nicht beeintr\u00e4chtigt. Cannabispflanzen haben eine Vielzahl von Cannabinoidverbindungen, \u00fcber 100. Cannabidiol (CBD) ist nur eine davon. Tetrahydrocannabinol (THC) ist ein weiteres Cannabinoid. Obwohl CBD und THC aus derselben Pflanze stammen und eine \u00e4hnliche molekulare Struktur aufweisen, sind sie zwei verschiedene Verbindungen. Beim Inhalieren oder Essen von Cannabis ist es die THC-Komponente, die das \u201eHigh\u201c-Gef\u00fchl, Euphoriegef\u00fchl und andere handlungsunf\u00e4hige psychotische Wirkungen ausl\u00f6st.[\/vc_column_text]\t<\/div>\n<\/div><h2 class=\"qodef-accordion-title\">\n    <span class=\"qodef-accordion-mark\">\n\t\t<span class=\"qodef_icon_plus icon_plus\"><\/span>\n\t\t<span class=\"qodef_icon_minus icon_minus-06\"><\/span>\n\t<\/span>\n\t<span class=\"qodef-tab-title\">Wird das \u00d6l Knabbereien verursachen?<\/span>\n<\/h2>\n<div class=\"qodef-accordion-content\">\n\t<div class=\"qodef-accordion-content-inner\">\n\t\t[vc_column_text]Unser Produkt verursacht keine Knabbereien. Da CBD jedoch \u00dcbelkeit lindert und das Verdauungs- und Nervensystem beruhigt, kann es von Vorteil sein, Ihren Appetit anzuregen.[\/vc_column_text]\t<\/div>\n<\/div><h2 class=\"qodef-accordion-title\">\n    <span class=\"qodef-accordion-mark\">\n\t\t<span class=\"qodef_icon_plus icon_plus\"><\/span>\n\t\t<span class=\"qodef_icon_minus icon_minus-06\"><\/span>\n\t<\/span>\n\t<span class=\"qodef-tab-title\">Kann CBD bei PMS oder Menstruationsschmerzen helfen?<\/span>\n<\/h2>\n<div class=\"qodef-accordion-content\">\n\t<div class=\"qodef-accordion-content-inner\">\n\t\t[vc_column_text]Da CBD zur Linderung von Entz\u00fcndungen und Schmerzen beitr\u00e4gt, kann es Ihre Menstruationsbeschwerden lindern. Seine beruhigenden Eigenschaften helfen, Ihr Nervensystem zu beruhigen und es wird Ihre Stimmung beruhigen, um Ihnen zu helfen, sich zu entspannen.[\/vc_column_text]\t<\/div>\n<\/div><h2 class=\"qodef-accordion-title\">\n    <span class=\"qodef-accordion-mark\">\n\t\t<span class=\"qodef_icon_plus icon_plus\"><\/span>\n\t\t<span class=\"qodef_icon_minus icon_minus-06\"><\/span>\n\t<\/span>\n\t<span class=\"qodef-tab-title\">Wer sollte keine CBD-haltigen Produkte einnehmen?<\/span>\n<\/h2>\n<div class=\"qodef-accordion-content\">\n\t<div class=\"qodef-accordion-content-inner\">\n\t\t[vc_column_text]Wenn Sie sich einer medizinischen Behandlung unterziehen oder eine Grunderkrankung haben, konsultieren Sie Ihren Hausarzt oder Facharzt zu Ihrer CBD-Anwendung. Schwangere sollten kein CBD-\u00d6l einnehmen. Verwenden Sie CBD nicht vor dem Autofahren.[\/vc_column_text]\t<\/div>\n<\/div><\/div>\t\t<\/div>\n\t<\/div>\n<\/div><\/div>[\/vc_column][\/vc_row]<\/p>\n","protected":false},"excerpt":{"rendered":"<p>[vc_row content_text_aligment=&#8221;center&#8221; css=&#8221;.vc_custom_1565786163767{padding-top: 134px !important;}&#8221;][vc_column][vc_empty_space height=&#8221;50px&#8221;][\/vc_column][\/vc_row][vc_row row_content_width=&#8221;grid&#8221; css=&#8221;.vc_custom_1566298930855{padding-top: 20px !important;padding-bottom: 122px !important;}&#8221;][vc_column offset=&#8221;vc_col-lg-3 vc_col-md-12&#8243;][vc_widget_sidebar sidebar_id=&#8221;custom-inner-sidebar&#8221;][\/vc_column][vc_column offset=&#8221;vc_col-lg-9 vc_col-md-12&#8243;][\/vc_column][\/vc_row]<\/p>\n","protected":false},"author":1,"featured_media":0,"parent":0,"menu_order":0,"comment_status":"closed","ping_status":"closed","template":"full-width.php","meta":{"inline_featured_image":false,"spay_email":"","footnotes":""},"class_list":["post-8561","page","type-page","status-publish","hentry"],"yoast_head":"<!-- This site is optimized with the Yoast SEO plugin v19.13 - https:\/\/yoast.com\/wordpress\/plugins\/seo\/ -->\n<title>H\u00e4ufig gestellte Fragen - www.harbl.com<\/title>\n<meta name=\"description\" content=\"Find all the answers your looking for about harbl and CBD in our FAQ.\" \/>\n<meta name=\"robots\" content=\"index, follow, max-snippet:-1, max-image-preview:large, max-video-preview:-1\" \/>\n<link rel=\"canonical\" href=\"https:\/\/www.harbl.com\/de\/faq-page\/\" \/>\n<meta property=\"og:locale\" content=\"de_DE\" \/>\n<meta property=\"og:type\" content=\"article\" \/>\n<meta property=\"og:title\" content=\"H\u00e4ufig gestellte Fragen - www.harbl.com\" \/>\n<meta property=\"og:description\" content=\"Find all the answers your looking for about harbl and CBD in our FAQ.\" \/>\n<meta property=\"og:url\" content=\"https:\/\/www.harbl.com\/de\/faq-page\/\" \/>\n<meta property=\"og:site_name\" content=\"www.harbl.com\" \/>\n<meta property=\"article:publisher\" content=\"https:\/\/www.facebook.com\/harbl.CBD.official\" \/>\n<meta property=\"article:modified_time\" content=\"2021-11-03T18:37:58+00:00\" \/>\n<meta name=\"twitter:card\" content=\"summary_large_image\" \/>\n<meta name=\"twitter:label1\" content=\"Gesch\u00e4tzte Lesezeit\" \/>\n\t<meta name=\"twitter:data1\" content=\"2\u00a0Minuten\" \/>\n<script type=\"application\/ld+json\" class=\"yoast-schema-graph\">{\"@context\":\"https:\/\/schema.org\",\"@graph\":[{\"@type\":\"WebPage\",\"@id\":\"https:\/\/www.harbl.com\/de\/faq-page\/\",\"url\":\"https:\/\/www.harbl.com\/de\/faq-page\/\",\"name\":\"H\u00e4ufig gestellte Fragen - www.harbl.com\",\"isPartOf\":{\"@id\":\"https:\/\/www.harbl.com\/de\/#website\"},\"datePublished\":\"2019-07-18T14:08:16+00:00\",\"dateModified\":\"2021-11-03T18:37:58+00:00\",\"description\":\"Find all the answers your looking for about harbl and CBD in our FAQ.\",\"breadcrumb\":{\"@id\":\"https:\/\/www.harbl.com\/de\/faq-page\/#breadcrumb\"},\"inLanguage\":\"de\",\"potentialAction\":[{\"@type\":\"ReadAction\",\"target\":[\"https:\/\/www.harbl.com\/de\/faq-page\/\"]}]},{\"@type\":\"BreadcrumbList\",\"@id\":\"https:\/\/www.harbl.com\/de\/faq-page\/#breadcrumb\",\"itemListElement\":[{\"@type\":\"ListItem\",\"position\":1,\"name\":\"Home\",\"item\":\"https:\/\/www.harbl.com\/de\/\"},{\"@type\":\"ListItem\",\"position\":2,\"name\":\"H\u00e4ufig gestellte Fragen\"}]},{\"@type\":\"WebSite\",\"@id\":\"https:\/\/www.harbl.com\/de\/#website\",\"url\":\"https:\/\/www.harbl.com\/de\/\",\"name\":\"www.harbl.com\",\"description\":\"The Swiss Botanic Innovation Company\",\"publisher\":{\"@id\":\"https:\/\/www.harbl.com\/de\/#organization\"},\"potentialAction\":[{\"@type\":\"SearchAction\",\"target\":{\"@type\":\"EntryPoint\",\"urlTemplate\":\"https:\/\/www.harbl.com\/de\/?s={search_term_string}\"},\"query-input\":\"required name=search_term_string\"}],\"inLanguage\":\"de\"},{\"@type\":\"Organization\",\"@id\":\"https:\/\/www.harbl.com\/de\/#organization\",\"name\":\"harbl\",\"url\":\"https:\/\/www.harbl.com\/de\/\",\"logo\":{\"@type\":\"ImageObject\",\"inLanguage\":\"de\",\"@id\":\"https:\/\/www.harbl.com\/de\/#\/schema\/logo\/image\/\",\"url\":\"https:\/\/i0.wp.com\/www.harbl.com\/wp-content\/uploads\/2021\/08\/harbl_logo_invoice.png?fit=392%2C230&ssl=1\",\"contentUrl\":\"https:\/\/i0.wp.com\/www.harbl.com\/wp-content\/uploads\/2021\/08\/harbl_logo_invoice.png?fit=392%2C230&ssl=1\",\"width\":392,\"height\":230,\"caption\":\"harbl\"},\"image\":{\"@id\":\"https:\/\/www.harbl.com\/de\/#\/schema\/logo\/image\/\"},\"sameAs\":[\"https:\/\/www.instagram.com\/harbl_cbd\/\",\"https:\/\/www.linkedin.com\/company\/harbl\/\",\"https:\/\/www.facebook.com\/harbl.CBD.official\"]}]}<\/script>\n<!-- \/ Yoast SEO plugin. -->","yoast_head_json":{"title":"H\u00e4ufig gestellte Fragen - www.harbl.com","description":"Find all the answers your looking for about harbl and CBD in our FAQ.","robots":{"index":"index","follow":"follow","max-snippet":"max-snippet:-1","max-image-preview":"max-image-preview:large","max-video-preview":"max-video-preview:-1"},"canonical":"https:\/\/www.harbl.com\/de\/faq-page\/","og_locale":"de_DE","og_type":"article","og_title":"H\u00e4ufig gestellte Fragen - www.harbl.com","og_description":"Find all the answers your looking for about harbl and CBD in our FAQ.","og_url":"https:\/\/www.harbl.com\/de\/faq-page\/","og_site_name":"www.harbl.com","article_publisher":"https:\/\/www.facebook.com\/harbl.CBD.official","article_modified_time":"2021-11-03T18:37:58+00:00","twitter_card":"summary_large_image","twitter_misc":{"Gesch\u00e4tzte Lesezeit":"2\u00a0Minuten"},"schema":{"@context":"https:\/\/schema.org","@graph":[{"@type":"WebPage","@id":"https:\/\/www.harbl.com\/de\/faq-page\/","url":"https:\/\/www.harbl.com\/de\/faq-page\/","name":"H\u00e4ufig gestellte Fragen - www.harbl.com","isPartOf":{"@id":"https:\/\/www.harbl.com\/de\/#website"},"datePublished":"2019-07-18T14:08:16+00:00","dateModified":"2021-11-03T18:37:58+00:00","description":"Find all the answers your looking for about harbl and CBD in our FAQ.","breadcrumb":{"@id":"https:\/\/www.harbl.com\/de\/faq-page\/#breadcrumb"},"inLanguage":"de","potentialAction":[{"@type":"ReadAction","target":["https:\/\/www.harbl.com\/de\/faq-page\/"]}]},{"@type":"BreadcrumbList","@id":"https:\/\/www.harbl.com\/de\/faq-page\/#breadcrumb","itemListElement":[{"@type":"ListItem","position":1,"name":"Home","item":"https:\/\/www.harbl.com\/de\/"},{"@type":"ListItem","position":2,"name":"H\u00e4ufig gestellte Fragen"}]},{"@type":"WebSite","@id":"https:\/\/www.harbl.com\/de\/#website","url":"https:\/\/www.harbl.com\/de\/","name":"www.harbl.com","description":"The Swiss Botanic Innovation Company","publisher":{"@id":"https:\/\/www.harbl.com\/de\/#organization"},"potentialAction":[{"@type":"SearchAction","target":{"@type":"EntryPoint","urlTemplate":"https:\/\/www.harbl.com\/de\/?s={search_term_string}"},"query-input":"required name=search_term_string"}],"inLanguage":"de"},{"@type":"Organization","@id":"https:\/\/www.harbl.com\/de\/#organization","name":"harbl","url":"https:\/\/www.harbl.com\/de\/","logo":{"@type":"ImageObject","inLanguage":"de","@id":"https:\/\/www.harbl.com\/de\/#\/schema\/logo\/image\/","url":"https:\/\/i0.wp.com\/www.harbl.com\/wp-content\/uploads\/2021\/08\/harbl_logo_invoice.png?fit=392%2C230&ssl=1","contentUrl":"https:\/\/i0.wp.com\/www.harbl.com\/wp-content\/uploads\/2021\/08\/harbl_logo_invoice.png?fit=392%2C230&ssl=1","width":392,"height":230,"caption":"harbl"},"image":{"@id":"https:\/\/www.harbl.com\/de\/#\/schema\/logo\/image\/"},"sameAs":["https:\/\/www.instagram.com\/harbl_cbd\/","https:\/\/www.linkedin.com\/company\/harbl\/","https:\/\/www.facebook.com\/harbl.CBD.official"]}]}},"_links":{"self":[{"href":"https:\/\/www.harbl.com\/de\/wp-json\/wp\/v2\/pages\/8561","targetHints":{"allow":["GET"]}}],"collection":[{"href":"https:\/\/www.harbl.com\/de\/wp-json\/wp\/v2\/pages"}],"about":[{"href":"https:\/\/www.harbl.com\/de\/wp-json\/wp\/v2\/types\/page"}],"author":[{"embeddable":true,"href":"https:\/\/www.harbl.com\/de\/wp-json\/wp\/v2\/users\/1"}],"replies":[{"embeddable":true,"href":"https:\/\/www.harbl.com\/de\/wp-json\/wp\/v2\/comments?post=8561"}],"version-history":[{"count":4,"href":"https:\/\/www.harbl.com\/de\/wp-json\/wp\/v2\/pages\/8561\/revisions"}],"predecessor-version":[{"id":8568,"href":"https:\/\/www.harbl.com\/de\/wp-json\/wp\/v2\/pages\/8561\/revisions\/8568"}],"wp:attachment":[{"href":"https:\/\/www.harbl.com\/de\/wp-json\/wp\/v2\/media?parent=8561"}],"curies":[{"name":"wp","href":"https:\/\/api.w.org\/{rel}","templated":true}]}}